{"id":22823,"date":"2021-12-07T15:17:47","date_gmt":"2021-12-07T15:17:47","guid":{"rendered":"https:\/\/eliquidnicotine.co.uk\/?page_id=22823"},"modified":"2021-12-07T15:17:48","modified_gmt":"2021-12-07T15:17:48","slug":"privacy","status":"publish","type":"page","link":"https:\/\/eliquidnicotine.co.uk\/de\/datenschutz\/","title":{"rendered":"Datenschutz"},"content":{"rendered":"<p>Datenschutzbestimmungen<\/p>\n<p>Der Verantwortliche f\u00fcr die Datenverarbeitung ist:<br \/>\nTJ Papen<br \/>\nHertog Hendriklaan 7A<br \/>\n3743DL Baarn<br \/>\nNiederlande<br \/>\ninfo@eliquidnicotine.co.uk<\/p>\n<p>Vielen Dank f\u00fcr Ihr Interesse an unserem Online-Shop. Der Schutz Ihrer Privatsph\u00e4re ist f\u00fcr uns sehr wichtig. Im Folgenden informieren wir Sie ausf\u00fchrlich dar\u00fcber, wie wir mit Ihren Daten umgehen.<\/p>\n<p>1. ZUGANGSDATEN UND HOSTING<br \/>\nSie k\u00f6nnen unsere Webseiten besuchen, ohne Angaben zu Ihrer Person zu machen. Bei jedem Zugriff auf eine Website speichert der Webserver lediglich automatisch eine sogenannte Server-Log-Datei, die z.B. den Namen der angeforderten Datei, Ihre IP-Adresse, das Datum und die Uhrzeit des Zugriffs, die \u00fcbertragene Datenmenge und den anfragenden Provider (Zugriffsdaten) enth\u00e4lt und den Zugriff dokumentiert. Diese Zugriffsdaten werden ausschlie\u00dflich zum Zweck der Sicherstellung eines st\u00f6rungsfreien Betriebs der Seite und zur Verbesserung unseres Angebotes ausgewertet. Dies dient der Wahrung unserer berechtigten Interessen an der korrekten Darstellung unseres Angebots, die gegen\u00fcber unseren Interessen nach Art. 6 Abs. 1 S. 1 lit. f DSGVO \u00fcberwiegen. Alle Zugriffsdaten werden sp\u00e4testens sieben Tage nach Beendigung Ihres Besuchs auf der Seite gel\u00f6scht.<\/p>\n<p>1.1 HOSTING<br \/>\nDie Dienstleistungen f\u00fcr das Hosting und die Darstellung der Website werden teilweise von unseren Dienstleistern im Rahmen der Verarbeitung in unserem Auftrag erbracht. Sofern in dieser Datenschutzerkl\u00e4rung nicht anders erl\u00e4utert, werden alle Zugriffsdaten sowie alle Daten, die in daf\u00fcr vorgesehenen Formularen auf dieser Website erhoben werden, auf deren Servern verarbeitet. Wenn Sie Fragen zu unseren Dienstleistern und den Grundlagen unserer Zusammenarbeit mit ihnen haben, nutzen Sie bitte die in dieser Datenschutzerkl\u00e4rung beschriebene Kontaktm\u00f6glichkeit.<\/p>\n<p>1.2 CONTENT DELIVERY NETWORK<br \/>\nZum Zwecke einer k\u00fcrzeren Ladezeit nutzen wir f\u00fcr einige Angebote ein sogenanntes Content Delivery Network (\"CDN\"). Bei diesem Dienst werden Inhalte, z.B. gro\u00dfe Mediendateien, \u00fcber regional verteilte Server von externen CDN-Dienstleistern ausgeliefert. Daher werden die Zugriffsdaten auf den Servern der Dienstleister verarbeitet. Unsere Dienstleister sind im Rahmen der Auftragsabwicklung f\u00fcr uns t\u00e4tig. Unsere Dienstleister haben ihren Sitz und\/oder nutzen Server in L\u00e4ndern au\u00dferhalb der EU und des EWR. F\u00fcr diese L\u00e4nder gibt es keinen Angemessenheitsbeschluss der Europ\u00e4ischen Kommission. Unsere Zusammenarbeit mit ihnen erfolgt auf der Grundlage der Standard-Datenschutzklauseln der Europ\u00e4ischen Kommission. Wenn Sie Fragen zu unseren Dienstleistern und der Grundlage unserer Zusammenarbeit mit ihnen haben, nutzen Sie bitte die in dieser Datenschutzerkl\u00e4rung beschriebene Kontaktm\u00f6glichkeit.<\/p>\n<p>2. DATENVERARBEITUNG ZUR VERTRAGSABWICKLUNG, KONTAKTAUFNAHME UND BEI DER ER\u00d6FFNUNG EINES KUNDENKONTOS.<br \/>\nWir erheben personenbezogene Daten, wenn Sie uns diese im Rahmen Ihrer Bestellung oder bei der Kontaktaufnahme (z.B. per Kontaktformular oder E-Mail) freiwillig zur Verf\u00fcgung stellen. Pflichtfelder sind als solche gekennzeichnet, da wir die Daten in diesen F\u00e4llen zur Vertragsabwicklung bzw. zur Bearbeitung Ihrer Kontaktaufnahme ben\u00f6tigen und Sie ohne deren Angabe die Bestellung bzw. Kontaktaufnahme nicht absenden k\u00f6nnen. Welche Daten erhoben werden, ist aus den jeweiligen Eingabeformularen ersichtlich. Wir verwenden die von Ihnen mitgeteilten Daten zur Vertragsabwicklung und Bearbeitung Ihrer Anfragen gem. 6 Abs. 1 S. 1 lit. b DSGVO.<br \/>\nSoweit Sie hierzu Ihre Einwilligung nach Art. 6 Abs.. 1 S. 1 lit. a DSGVO durch die Entscheidung zur Er\u00f6ffnung eines Kundenkontos erteilt haben, verwenden wir Ihre Daten zum Zwecke der Er\u00f6ffnung eines Kundenkontos. Weitere Informationen zur Verarbeitung Ihrer Daten, insbesondere zur Weitergabe an unsere Dienstleister zum Zwecke der Bestell-, Zahlungs- und Versandabwicklung, finden Sie in den folgenden Abschnitten dieser Datenschutzerkl\u00e4rung. Nach vollst\u00e4ndiger Abwicklung des Vertrages oder L\u00f6schung Ihres Kundenkontos werden Ihre Daten f\u00fcr die weitere Verwendung gesperrt und nach Ablauf der steuer- und handelsrechtlichen Aufbewahrungsfristen gem\u00e4\u00df Art. 6 Abs. 1 S. 1 lit. c DSGVO gel\u00f6scht, es sei denn, Sie haben ausdr\u00fccklich in die weitere Verwendung Ihrer Daten gem\u00e4\u00df Art. 6 Abs. 1 S. 1 lit. a DSGVO eingewilligt haben oder wir uns eine dar\u00fcber hinausgehende Datenverwendung vorbehalten, die gesetzlich zul\u00e4ssig ist und \u00fcber die wir Sie in dieser Erkl\u00e4rung informieren. Die L\u00f6schung Ihres Kundenkontos ist jederzeit m\u00f6glich und kann entweder durch eine Nachricht an die in dieser Datenschutzerkl\u00e4rung beschriebene Kontaktm\u00f6glichkeit oder \u00fcber eine daf\u00fcr vorgesehene Funktion im Kundenkonto erfolgen.<\/p>\n<p>2.1 WARENWIRTSCHAFTSSYSTEM<br \/>\nF\u00fcr die Auftrags- und Vertragsabwicklung nutzen wir Warenwirtschaftssysteme externer Dienstleister. Unsere Dienstleister werden im Rahmen der Auftragsabwicklung f\u00fcr uns t\u00e4tig. Wenn Sie Fragen zu unseren Dienstleistern und den Grundlagen unserer Zusammenarbeit mit ihnen haben, wenden Sie sich bitte an die<\/p>","protected":false},"excerpt":{"rendered":"<p>Datenschutzpolitik Der Verantwortliche f\u00fcr die Datenverarbeitung ist: TJ Papen Hertog Hendriklaan 7A 3743DL Baarn Niederlande info@eliquidnicotine.co.uk Vielen Dank f\u00fcr Ihr Interesse an unserem Online-Shop. Der Schutz Ihrer Privatsph\u00e4re ist f\u00fcr uns sehr wichtig. Im Folgenden informieren wir Sie ausf\u00fchrlich dar\u00fcber, wie wir mit Ihren Daten umgehen. 1. ZUGANGSDATEN UND HOSTING Sie ...<\/p>","protected":false},"author":1,"featured_media":0,"parent":0,"menu_order":0,"comment_status":"closed","ping_status":"closed","template":"","meta":{"_acf_changed":false,"_genesis_hide_title":false,"_genesis_hide_breadcrumbs":false,"_genesis_hide_singular_image":false,"_genesis_hide_footer_widgets":false,"_genesis_custom_body_class":"","_genesis_custom_post_class":"","_genesis_layout":"","footnotes":""},"class_list":{"1":"page","2":"type-page","5":"entry"},"acf":[],"_links":{"self":[{"href":"https:\/\/eliquidnicotine.co.uk\/de\/wp-json\/wp\/v2\/pages\/22823","targetHints":{"allow":["GET"]}}],"collection":[{"href":"https:\/\/eliquidnicotine.co.uk\/de\/wp-json\/wp\/v2\/pages"}],"about":[{"href":"https:\/\/eliquidnicotine.co.uk\/de\/wp-json\/wp\/v2\/types\/page"}],"author":[{"embeddable":true,"href":"https:\/\/eliquidnicotine.co.uk\/de\/wp-json\/wp\/v2\/users\/1"}],"replies":[{"embeddable":true,"href":"https:\/\/eliquidnicotine.co.uk\/de\/wp-json\/wp\/v2\/comments?post=22823"}],"version-history":[{"count":2,"href":"https:\/\/eliquidnicotine.co.uk\/de\/wp-json\/wp\/v2\/pages\/22823\/revisions"}],"predecessor-version":[{"id":22825,"href":"https:\/\/eliquidnicotine.co.uk\/de\/wp-json\/wp\/v2\/pages\/22823\/revisions\/22825"}],"wp:attachment":[{"href":"https:\/\/eliquidnicotine.co.uk\/de\/wp-json\/wp\/v2\/media?parent=22823"}],"curies":[{"name":"wp","href":"https:\/\/api.w.org\/{rel}","templated":true}]}}