{"id":75,"date":"2017-12-03T06:51:47","date_gmt":"2017-12-03T06:51:47","guid":{"rendered":"https:\/\/eliquidnicotine.co.uk\/?page_id=75"},"modified":"2026-01-26T13:39:07","modified_gmt":"2026-01-26T12:39:07","slug":"how-to-make-a-payment","status":"publish","type":"page","link":"https:\/\/eliquidnicotine.co.uk\/de\/wie-man-eine-zahlung-tatigt\/","title":{"rendered":"So t\u00e4tigen Sie eine Zahlung"},"content":{"rendered":"<p>Zahlungen k\u00f6nnen per Bank\u00fcberweisung get\u00e4tigt werden.<\/p>\n<p>Zahlungen mit Kreditkarte, Viva Wallet-Option.<br \/>\nKreditkarten werden nur akzeptiert, wenn es sich um eine \"Euro\"-Karte handelt.<br \/>\nLeider kann unser Zahlungsanbieter kein Pfund Sterling als W\u00e4hrung akzeptieren.<br \/>\nBitte verwenden Sie Bank\u00fcberweisung als Zahlungsmethode, wenn Sie in Gro\u00dfbritannien ans\u00e4ssig sind.<\/p>\n<p>Ideal Debitkarte<\/p>\n<p>Sofort Banking Debitkarte<\/p>\n<p>Bankauskunft,\u00a0<strong>IBAN NL 71 INGB 00061505 79<\/strong><br \/>\nBIC-Code: INGBNL2A<br \/>\nName: Skindeep BV<\/p>\n<p>N26 Online Bank<br \/>\nTheo Jan Papen<br \/>\nIBAN: <strong>DE12100110012621221868<\/strong><br \/>\nBIC: NTSBDEB1XXX<\/p>\n<p><strong>F\u00fcr britische Kunden<\/strong><br \/>\nIn Europa verwenden wir keine Bankleitzahlen. Zuerst m\u00fcssen Sie einen neuen Zahlungsempf\u00e4nger in Ihrem Bankportal anlegen, dann w\u00e4hlen Sie das Land, in diesem Fall Niederlande oder Deutschland.<br \/>\nDann k\u00f6nnen Sie eine unserer Iban-Kontonummern verwenden. Denken Sie daran, dass Bankleitzahlen nur f\u00fcr Inlandszahlungen verwendet werden.<\/p>","protected":false},"excerpt":{"rendered":"<p>Zahlungen k\u00f6nnen per Bank\u00fcberweisung get\u00e4tigt werden. Zahlungen mit Kreditkarte, Option Viva wallet. Kreditkarten werden nur akzeptiert, wenn es sich um eine \"Euro\"-Karte handelt. Leider kann unser Zahlungsanbieter kein Pfund Sterling als W\u00e4hrung akzeptieren. Bitte verwenden Sie Bank\u00fcberweisung als Zahlungsmethode, wenn Sie in Gro\u00dfbritannien ans\u00e4ssig sind. Ideal Debitkarte Sofort Banking Debitkarte Bank ...<\/p>","protected":false},"author":1,"featured_media":0,"parent":0,"menu_order":0,"comment_status":"closed","ping_status":"closed","template":"","meta":{"_acf_changed":false,"_genesis_hide_title":false,"_genesis_hide_breadcrumbs":false,"_genesis_hide_singular_image":false,"_genesis_hide_footer_widgets":false,"_genesis_custom_body_class":"","_genesis_custom_post_class":"","_genesis_layout":"","footnotes":""},"class_list":{"1":"page","2":"type-page","5":"entry"},"acf":[],"_links":{"self":[{"href":"https:\/\/eliquidnicotine.co.uk\/de\/wp-json\/wp\/v2\/pages\/75","targetHints":{"allow":["GET"]}}],"collection":[{"href":"https:\/\/eliquidnicotine.co.uk\/de\/wp-json\/wp\/v2\/pages"}],"about":[{"href":"https:\/\/eliquidnicotine.co.uk\/de\/wp-json\/wp\/v2\/types\/page"}],"author":[{"embeddable":true,"href":"https:\/\/eliquidnicotine.co.uk\/de\/wp-json\/wp\/v2\/users\/1"}],"replies":[{"embeddable":true,"href":"https:\/\/eliquidnicotine.co.uk\/de\/wp-json\/wp\/v2\/comments?post=75"}],"version-history":[{"count":16,"href":"https:\/\/eliquidnicotine.co.uk\/de\/wp-json\/wp\/v2\/pages\/75\/revisions"}],"predecessor-version":[{"id":40721,"href":"https:\/\/eliquidnicotine.co.uk\/de\/wp-json\/wp\/v2\/pages\/75\/revisions\/40721"}],"wp:attachment":[{"href":"https:\/\/eliquidnicotine.co.uk\/de\/wp-json\/wp\/v2\/media?parent=75"}],"curies":[{"name":"wp","href":"https:\/\/api.w.org\/{rel}","templated":true}]}}