{"id":13105,"date":"2020-02-21T12:49:28","date_gmt":"2020-02-21T12:49:28","guid":{"rendered":"https:\/\/eliquidnicotine.co.uk\/?post_type=product&#038;p=13105"},"modified":"2020-10-12T14:31:10","modified_gmt":"2020-10-12T14:31:10","slug":"mix-pack-for-100-ml-e-liquid","status":"publish","type":"product","link":"https:\/\/eliquidnicotine.co.uk\/de\/shop\/mischpackung-fur-100-ml-e-liquid\/","title":{"rendered":"Mischpackung f\u00fcr 100 ml e liquid"},"content":{"rendered":"<h2>Mischpackung f\u00fcr 100 ml e Fl\u00fcssigkeit, PG\/VG Aroma und Nikotin<\/h2>\n<p>Mischpackung f\u00fcr 100 ml e-Fl\u00fcssigkeit, preiswerte und schmackhafte Dampffl\u00fcssigkeit. Nicht schwierig, Sie erhalten 20 mg\/ml Spritzen, um Ihre e-Fl\u00fcssigkeit auf die gew\u00fcnschte Nikotinst\u00e4rke zu erh\u00f6hen. 15 ml Aroma ist enthalten, d.h. 5 ml \u00fcber die Gesamtmenge, die Sie in der 100 ml Flasche erhalten, je nachdem, wie viel Aroma Sie verwenden.<\/p>\n<p>Gebrauchsanweisung: Packungsinhalt: 100 ml PG\/VG, Aroma, Nikotin-Spritze(n). Jede Spritze enth\u00e4lt 20 mg\/ml Nikotin f\u00fcr eine Menge von 10 ml. Aroma empfehlen wir 10%, Sie erhalten 15 ml-15%. Bei 2 mg\/ml reicht 1 Spritze, 4 mg\/ml 2 Spritzen, 6 mg\/ml 3 Spritzen, 8 mg\/ml 4 Spritzen. Denken Sie daran, dass die Gesamtmenge der Fl\u00fcssigkeit 100 ml betr\u00e4gt, davon m\u00fcssen die Spritzen abgezogen werden, bei 2 mg f\u00fcgen Sie 1 Spritze von 10 ml zu 90 ml PG VG und eventuell Aroma hinzu. Tipp: Beginnen Sie immer mit den Spritzen und dem Aroma, den Rest f\u00fcllen Sie einfach mit den neutralen PG VG-Spritzen ohne Nikotin.<\/p>","protected":false},"excerpt":{"rendered":"<p>TPA-Aromamischpackung f\u00fcr 100 ml e Fl\u00fcssigkeit, jeder Schuss betr\u00e4gt 10 ml<br \/>\nInklusive, 1X100 ml Kurzf\u00fcllflasche.<br \/>\nZuerst die Shots und das Aroma in der 100-ml-Flasche, dann weiter mit PG VG f\u00fcllen, sch\u00fctteln und fertig.<br \/>\nAufgrund der Gesetzgebung wird alles in 10 ml-Flaschen geliefert.<\/p>","protected":false},"featured_media":9459,"comment_status":"open","ping_status":"closed","template":"","meta":{"_acf_changed":false,"_genesis_hide_title":false,"_genesis_hide_breadcrumbs":false,"_genesis_hide_singular_image":false,"_genesis_hide_footer_widgets":false,"_genesis_custom_body_class":"","_genesis_custom_post_class":"","_genesis_layout":""},"product_brand":[],"product_cat":[447],"product_tag":[],"class_list":{"1":"product","2":"type-product","6":"product_cat-e-liquid-mix-pack","7":"entry","9":"first","10":"instock","11":"taxable","12":"shipping-taxable","13":"purchasable","14":"product-type-variable"},"acf":[],"_links":{"self":[{"href":"https:\/\/eliquidnicotine.co.uk\/de\/wp-json\/wp\/v2\/product\/13105","targetHints":{"allow":["GET"]}}],"collection":[{"href":"https:\/\/eliquidnicotine.co.uk\/de\/wp-json\/wp\/v2\/product"}],"about":[{"href":"https:\/\/eliquidnicotine.co.uk\/de\/wp-json\/wp\/v2\/types\/product"}],"replies":[{"embeddable":true,"href":"https:\/\/eliquidnicotine.co.uk\/de\/wp-json\/wp\/v2\/comments?post=13105"}],"wp:featuredmedia":[{"embeddable":true,"href":"https:\/\/eliquidnicotine.co.uk\/de\/wp-json\/wp\/v2\/media\/9459"}],"wp:attachment":[{"href":"https:\/\/eliquidnicotine.co.uk\/de\/wp-json\/wp\/v2\/media?parent=13105"}],"wp:term":[{"taxonomy":"product_brand","embeddable":true,"href":"https:\/\/eliquidnicotine.co.uk\/de\/wp-json\/wp\/v2\/product_brand?post=13105"},{"taxonomy":"product_cat","embeddable":true,"href":"https:\/\/eliquidnicotine.co.uk\/de\/wp-json\/wp\/v2\/product_cat?post=13105"},{"taxonomy":"product_tag","embeddable":true,"href":"https:\/\/eliquidnicotine.co.uk\/de\/wp-json\/wp\/v2\/product_tag?post=13105"}],"curies":[{"name":"wp","href":"https:\/\/api.w.org\/{rel}","templated":true}]}}