{"id":18506,"date":"2020-04-03T13:04:49","date_gmt":"2020-04-03T13:04:49","guid":{"rendered":"https:\/\/eliquidnicotine.co.uk\/?post_type=product&#038;p=18506"},"modified":"2025-04-02T15:31:21","modified_gmt":"2025-04-02T14:31:21","slug":"capella-blueberry-cinnamon","status":"publish","type":"product","link":"https:\/\/eliquidnicotine.co.uk\/de\/shop\/heidelbeere-zimt\/","title":{"rendered":"Capella Heidelbeere Zimt"},"content":{"rendered":"<p>Capella-Konzentrate geh\u00f6ren zu den besten der Welt und genie\u00dfen bei Heimwerkern einen wohlverdienten Ruf. Der Name Capella ist weltweit bekannt f\u00fcr seine gro\u00dfe Geschmacksvielfalt, die mit den besten Zutaten in der Produktionsst\u00e4tte in Kalifornien, USA, hergestellt wird,<\/p>\n<p>Inhaltsstoffe<br \/>\nNat\u00fcrliche Aromen, Propylenglykol.<\/p>\n<p>Anmerkungen<br \/>\nDies ist ein konzentriertes Aroma, das in einer DIY-E-Fl\u00fcssigkeit gemischt werden kann. Es darf nicht ohne Verd\u00fcnnung verdampft werden.<br \/>\nWir empfehlen, die meisten Capella-Konzentrate zun\u00e4chst mit ca. 15% zu mischen und dann nach pers\u00f6nlichem Geschmack zu verwenden.<br \/>\nAlle Capella-Konzentrate basieren auf PG.<\/p>\n<p>Farbunterschiede k\u00f6nnen zwischen verschiedenen Chargen desselben Aromas auftreten. Dies ist ein nat\u00fcrliches Ergebnis des Aromaproduktionsprozesses<\/p>","protected":false},"excerpt":{"rendered":"<p>Capella Heidelbeer-Zimt-Konzentrat bringt Ihnen den frischen und nat\u00fcrlichen Geschmack von s\u00fc\u00dfen Beeren und Zimt. Tauchen Sie nicht ein, ohne sich zu verd\u00fcnnen.<\/p>","protected":false},"featured_media":18484,"comment_status":"open","ping_status":"closed","template":"","meta":{"_acf_changed":false,"_genesis_hide_title":false,"_genesis_hide_breadcrumbs":false,"_genesis_hide_singular_image":false,"_genesis_hide_footer_widgets":false,"_genesis_custom_body_class":"","_genesis_custom_post_class":"","_genesis_layout":""},"product_brand":[],"product_cat":[398,573],"product_tag":[],"class_list":{"1":"product","2":"type-product","6":"product_cat-capella-flavours-for-self-mixing-10-30-and-50-ml","7":"product_cat-flavours-for-e-liquid-mixing","8":"entry","10":"first","11":"instock","12":"taxable","13":"shipping-taxable","14":"purchasable","15":"product-type-variable"},"acf":[],"_links":{"self":[{"href":"https:\/\/eliquidnicotine.co.uk\/de\/wp-json\/wp\/v2\/product\/18506","targetHints":{"allow":["GET"]}}],"collection":[{"href":"https:\/\/eliquidnicotine.co.uk\/de\/wp-json\/wp\/v2\/product"}],"about":[{"href":"https:\/\/eliquidnicotine.co.uk\/de\/wp-json\/wp\/v2\/types\/product"}],"replies":[{"embeddable":true,"href":"https:\/\/eliquidnicotine.co.uk\/de\/wp-json\/wp\/v2\/comments?post=18506"}],"wp:featuredmedia":[{"embeddable":true,"href":"https:\/\/eliquidnicotine.co.uk\/de\/wp-json\/wp\/v2\/media\/18484"}],"wp:attachment":[{"href":"https:\/\/eliquidnicotine.co.uk\/de\/wp-json\/wp\/v2\/media?parent=18506"}],"wp:term":[{"taxonomy":"product_brand","embeddable":true,"href":"https:\/\/eliquidnicotine.co.uk\/de\/wp-json\/wp\/v2\/product_brand?post=18506"},{"taxonomy":"product_cat","embeddable":true,"href":"https:\/\/eliquidnicotine.co.uk\/de\/wp-json\/wp\/v2\/product_cat?post=18506"},{"taxonomy":"product_tag","embeddable":true,"href":"https:\/\/eliquidnicotine.co.uk\/de\/wp-json\/wp\/v2\/product_tag?post=18506"}],"curies":[{"name":"wp","href":"https:\/\/api.w.org\/{rel}","templated":true}]}}