{"id":18815,"date":"2020-05-24T12:07:29","date_gmt":"2020-05-24T12:07:29","guid":{"rendered":"https:\/\/eliquidnicotine.co.uk\/?post_type=product&#038;p=18815"},"modified":"2024-12-09T11:18:42","modified_gmt":"2024-12-09T10:18:42","slug":"liquideo-tabac-m","status":"publish","type":"product","link":"https:\/\/eliquidnicotine.co.uk\/de\/shop\/liquideo-tabac-m\/","title":{"rendered":"Liquideo-Tabak M"},"content":{"rendered":"<h2>Klassischer Tabakgeschmack<\/h2>\n<p>Wenn jemand einen feinen Gaumen hat, dann m\u00fcssen es die Franzosen sein. Liquideo ist ein Hersteller aus Paris, der sein Handwerk defensiv beherrscht. Die au\u00dfergew\u00f6hnlichen Aromen sind 100% genau. Man schmeckt einfach die M\u00fche und Hingabe an das Produkt, die Liquideo in die Entwicklung der einzelnen Sorten gesteckt hat.<\/p>\n<p>Es wird nur zertifizierte Lebensmittelqualit\u00e4t verwendet, was durch ein Gutachten der MSNA (Nationale Agentur f\u00fcr Gesundheit und Medizin) best\u00e4tigt wird. Die sorgf\u00e4ltige Auswahl der Aromen zahlt sich beim Geschmack der Fl\u00fcssigkeiten aus.<\/p>\n<p>Die innovativen Flaschen von Liquideo lassen sich beim Bef\u00fcllen angenehm zusammendr\u00fccken und haben eine extra lange Kan\u00fcle. Selbstverst\u00e4ndlich befinden sich alle notwendigen Warnhinweise auf der Flasche, die durch eine Kindersicherung gesch\u00fctzt ist.<\/p>\n<p>Das Mischungsverh\u00e4ltnis betr\u00e4gt 70PG\/30VG.<\/p>","protected":false},"excerpt":{"rendered":"<p>Liquideo Tabac 'M' ist ein starker, fl\u00fcssiger Tabakgeschmack, der nach Marlborro schmeckt<br \/>\nVolumen-Rabatt<br \/>\n1 ist der volle Preis, 5=5% Rabatt, 10=10% Rabatt<\/p>","protected":false},"featured_media":18816,"comment_status":"open","ping_status":"closed","template":"","meta":{"_acf_changed":false,"_genesis_hide_title":false,"_genesis_hide_breadcrumbs":false,"_genesis_hide_singular_image":false,"_genesis_hide_footer_widgets":false,"_genesis_custom_body_class":"","_genesis_custom_post_class":"","_genesis_layout":""},"product_brand":[],"product_cat":[454],"product_tag":[],"class_list":{"1":"product","2":"type-product","6":"product_cat-liquideo","7":"entry","9":"first","10":"outofstock","11":"taxable","12":"shipping-taxable","13":"purchasable","14":"product-type-variable"},"acf":[],"_links":{"self":[{"href":"https:\/\/eliquidnicotine.co.uk\/de\/wp-json\/wp\/v2\/product\/18815","targetHints":{"allow":["GET"]}}],"collection":[{"href":"https:\/\/eliquidnicotine.co.uk\/de\/wp-json\/wp\/v2\/product"}],"about":[{"href":"https:\/\/eliquidnicotine.co.uk\/de\/wp-json\/wp\/v2\/types\/product"}],"replies":[{"embeddable":true,"href":"https:\/\/eliquidnicotine.co.uk\/de\/wp-json\/wp\/v2\/comments?post=18815"}],"wp:featuredmedia":[{"embeddable":true,"href":"https:\/\/eliquidnicotine.co.uk\/de\/wp-json\/wp\/v2\/media\/18816"}],"wp:attachment":[{"href":"https:\/\/eliquidnicotine.co.uk\/de\/wp-json\/wp\/v2\/media?parent=18815"}],"wp:term":[{"taxonomy":"product_brand","embeddable":true,"href":"https:\/\/eliquidnicotine.co.uk\/de\/wp-json\/wp\/v2\/product_brand?post=18815"},{"taxonomy":"product_cat","embeddable":true,"href":"https:\/\/eliquidnicotine.co.uk\/de\/wp-json\/wp\/v2\/product_cat?post=18815"},{"taxonomy":"product_tag","embeddable":true,"href":"https:\/\/eliquidnicotine.co.uk\/de\/wp-json\/wp\/v2\/product_tag?post=18815"}],"curies":[{"name":"wp","href":"https:\/\/api.w.org\/{rel}","templated":true}]}}