{"id":18946,"date":"2020-06-27T07:53:13","date_gmt":"2020-06-27T07:53:13","guid":{"rendered":"https:\/\/eliquidnicotine.co.uk\/?post_type=product&#038;p=18946"},"modified":"2024-12-22T10:34:37","modified_gmt":"2024-12-22T09:34:37","slug":"12-mg-ml-e-liquid-base","status":"publish","type":"product","link":"https:\/\/eliquidnicotine.co.uk\/de\/shop\/12-mg-ml-bunkerbase\/","title":{"rendered":"12 mg\/ml E liquid Basis"},"content":{"rendered":"<p>1000 ml gebrauchsfertige Basis f\u00fcr e-Liquid<\/p>\n<p>1 Liter 12 mg\/ml in verschiedenen PG VG-Verh\u00e4ltnissen. Alles, was Sie tun m\u00fcssen, ist eventuell ein Aroma hinzuzuf\u00fcgen, und schon haben Sie ein Produkt, das bereit ist zu veredeln. Das verwendete Nikotin ist von Alchem International, Propylenglykol und pflanzliches Glyzerin sind von h\u00f6chster, n\u00e4mlich pharmazeutischer, Qualit\u00e4t. M\u00f6glicherweise k\u00f6nnen Sie das Datenblatt, das MSDS, dieser Produkte erhalten, so dass Sie genau wissen, was darin enthalten ist. Wir liefern die 18 mg\/ml mit einem h\u00f6heren Wert von 10%, so dass Sie nach der Zugabe eines Aromas, normalerweise 10%, immer noch genau 12 mg\/ml erhalten.<\/p>","protected":false},"excerpt":{"rendered":"<p>1000 ml 12 mg\/ml Basis f\u00fcr e Fl\u00fcssigkeit<\/p>","protected":false},"featured_media":18951,"comment_status":"open","ping_status":"closed","template":"","meta":{"_acf_changed":false,"_genesis_hide_title":false,"_genesis_hide_breadcrumbs":false,"_genesis_hide_singular_image":false,"_genesis_hide_footer_widgets":false,"_genesis_custom_body_class":"","_genesis_custom_post_class":"","_genesis_layout":""},"product_brand":[],"product_cat":[572,242],"product_tag":[],"class_list":{"1":"product","2":"type-product","6":"product_cat-e-liquid-base","7":"product_cat-nicotine-liquid","8":"entry","10":"first","11":"instock","12":"taxable","13":"shipping-taxable","14":"purchasable","15":"product-type-variable"},"acf":[],"_links":{"self":[{"href":"https:\/\/eliquidnicotine.co.uk\/de\/wp-json\/wp\/v2\/product\/18946","targetHints":{"allow":["GET"]}}],"collection":[{"href":"https:\/\/eliquidnicotine.co.uk\/de\/wp-json\/wp\/v2\/product"}],"about":[{"href":"https:\/\/eliquidnicotine.co.uk\/de\/wp-json\/wp\/v2\/types\/product"}],"replies":[{"embeddable":true,"href":"https:\/\/eliquidnicotine.co.uk\/de\/wp-json\/wp\/v2\/comments?post=18946"}],"wp:featuredmedia":[{"embeddable":true,"href":"https:\/\/eliquidnicotine.co.uk\/de\/wp-json\/wp\/v2\/media\/18951"}],"wp:attachment":[{"href":"https:\/\/eliquidnicotine.co.uk\/de\/wp-json\/wp\/v2\/media?parent=18946"}],"wp:term":[{"taxonomy":"product_brand","embeddable":true,"href":"https:\/\/eliquidnicotine.co.uk\/de\/wp-json\/wp\/v2\/product_brand?post=18946"},{"taxonomy":"product_cat","embeddable":true,"href":"https:\/\/eliquidnicotine.co.uk\/de\/wp-json\/wp\/v2\/product_cat?post=18946"},{"taxonomy":"product_tag","embeddable":true,"href":"https:\/\/eliquidnicotine.co.uk\/de\/wp-json\/wp\/v2\/product_tag?post=18946"}],"curies":[{"name":"wp","href":"https:\/\/api.w.org\/{rel}","templated":true}]}}