{"id":19,"date":"2017-12-02T07:55:29","date_gmt":"2017-12-02T07:55:29","guid":{"rendered":"https:\/\/eliquidnicotine.co.uk\/?post_type=product&#038;p=19"},"modified":"2026-04-02T13:01:43","modified_gmt":"2026-04-02T12:01:43","slug":"nicotine-e-liquid-diy","status":"publish","type":"product","link":"https:\/\/eliquidnicotine.co.uk\/de\/shop\/bunkerbase-nikotin\/","title":{"rendered":"Nikotin basis bis 100 mg\/ml"},"content":{"rendered":"<p>Kaufen Sie Nikotin, wenn Sie ein klares und frisches Qualit\u00e4tsnikotin zum Mischen Ihrer E-Fl\u00fcssigkeit suchen, k\u00f6nnen wir es Ihnen zur Verf\u00fcgung stellen. Seien Sie beim Umgang mit Nikotin immer vorsichtig, benutzen Sie Handschuhe und bewahren Sie es an einem sicheren und gesch\u00fctzten Ort fern von Tieren und Kindern auf. Nikotin ist giftig.Nikotin in verschiedenen St\u00e4rken, 100 mg, 50 mg, 36 mg und 18 mg. E-Saft Nikotinbasis sollte vor dem Gebrauch verd\u00fcnnt werden. Nikotinkonzentratl\u00f6sung ist nur f\u00fcr den Gebrauch durch geschultes Personal bestimmt. Machen Sie sich vor dem Mischen mit dem sicheren Gebrauch von Nikotin vertraut. Am besten im Gefrierschrank aufbewahren.<\/p>\n<p>&nbsp;<\/p>\n<p>F\u00fcr die genauen Mischungsdaten k\u00f6nnen Sie unseren e liquid-Rechner verwenden.<\/p>\n<p><a class=\"button\" href=\"https:\/\/eliquidnicotine.co.uk\/de\/e-liquid-rechner\/\">E Fl\u00fcssigkeits-Rechner<\/a><\/p>","protected":false},"excerpt":{"rendered":"<p>Die Nikotin Bunkerbasis f\u00fcr den E-Liquid DIY wird von Alchem International aus der Schweiz hergestellt.<\/p>\n<p>1 Pfund Sterling = 1,12 Euro<img decoding=\"async\" title=\"Nikotinwarnung\" src=\"https:\/\/eliquidnicotine.co.uk\/wp-content\/uploads\/2017\/12\/Unknown-1-300x150.png\" alt=\"Warnung Nikotin\" \/><\/p>\n<p>&nbsp;<\/p>","protected":false},"featured_media":18604,"comment_status":"open","ping_status":"closed","template":"","meta":{"_acf_changed":false,"_genesis_hide_title":false,"_genesis_hide_breadcrumbs":false,"_genesis_hide_singular_image":false,"_genesis_hide_footer_widgets":false,"_genesis_custom_body_class":"","_genesis_custom_post_class":"","_genesis_layout":""},"product_brand":[],"product_cat":[572,242],"product_tag":[],"class_list":{"1":"product","2":"type-product","6":"product_cat-e-liquid-base","7":"product_cat-nicotine-liquid","8":"entry","10":"first","11":"instock","12":"taxable","13":"shipping-taxable","14":"purchasable","15":"product-type-variable"},"acf":[],"_links":{"self":[{"href":"https:\/\/eliquidnicotine.co.uk\/de\/wp-json\/wp\/v2\/product\/19","targetHints":{"allow":["GET"]}}],"collection":[{"href":"https:\/\/eliquidnicotine.co.uk\/de\/wp-json\/wp\/v2\/product"}],"about":[{"href":"https:\/\/eliquidnicotine.co.uk\/de\/wp-json\/wp\/v2\/types\/product"}],"replies":[{"embeddable":true,"href":"https:\/\/eliquidnicotine.co.uk\/de\/wp-json\/wp\/v2\/comments?post=19"}],"wp:featuredmedia":[{"embeddable":true,"href":"https:\/\/eliquidnicotine.co.uk\/de\/wp-json\/wp\/v2\/media\/18604"}],"wp:attachment":[{"href":"https:\/\/eliquidnicotine.co.uk\/de\/wp-json\/wp\/v2\/media?parent=19"}],"wp:term":[{"taxonomy":"product_brand","embeddable":true,"href":"https:\/\/eliquidnicotine.co.uk\/de\/wp-json\/wp\/v2\/product_brand?post=19"},{"taxonomy":"product_cat","embeddable":true,"href":"https:\/\/eliquidnicotine.co.uk\/de\/wp-json\/wp\/v2\/product_cat?post=19"},{"taxonomy":"product_tag","embeddable":true,"href":"https:\/\/eliquidnicotine.co.uk\/de\/wp-json\/wp\/v2\/product_tag?post=19"}],"curies":[{"name":"wp","href":"https:\/\/api.w.org\/{rel}","templated":true}]}}