{"id":19184,"date":"2020-08-24T12:28:09","date_gmt":"2020-08-24T12:28:09","guid":{"rendered":"https:\/\/eliquidnicotine.co.uk\/?post_type=product&#038;p=19184"},"modified":"2025-01-29T08:27:01","modified_gmt":"2025-01-29T07:27:01","slug":"dinner-lady-30-ml-sweet-fusion","status":"publish","type":"product","link":"https:\/\/eliquidnicotine.co.uk\/de\/shop\/dinner-lady-30-ml-sweet-fusion\/","title":{"rendered":"Abendessen Dame 30 ml S\u00fc\u00dfe Fr\u00fcchte"},"content":{"rendered":"<p>PRODUKTMERKMALE<br \/>\nDinner Lady Sweet Fusion 30ml Geschmackskonzentrat f\u00fcr Do-it-yourself-E-Fl\u00fcssigkeiten. Mischen Sie es mit Ihren eigenen Mengen von PG\/VG- und Nikotinspritzen, um Ihre eigene E-Fl\u00fcssigkeit mit dem Premium-Geschmack von Dinner Lady herzustellen.<\/p>\n<p>SPEZIFIKATIONEN<br \/>\nFlaschengr\u00f6\u00dfe: 30ml<br \/>\nPG\/VG-Verh\u00e4ltnis: 100PG<br \/>\nMade in the UK<br \/>\nVorgeschlagenes Konzentrat-Mischungsverh\u00e4ltnis: 22%<\/p>","protected":false},"excerpt":{"rendered":"<p>Sweet Fusion 30ml PG suspendiertes E-Fl\u00fcssig-Aromakonzentrat. Heidelbeeren und Himbeeren mit Zitrusnoten.<\/p>","protected":false},"featured_media":19187,"comment_status":"open","ping_status":"closed","template":"","meta":{"_acf_changed":false,"_genesis_hide_title":false,"_genesis_hide_breadcrumbs":false,"_genesis_hide_singular_image":false,"_genesis_hide_footer_widgets":false,"_genesis_custom_body_class":"","_genesis_custom_post_class":"","_genesis_layout":""},"product_brand":[],"product_cat":[540,573],"product_tag":[],"class_list":{"1":"product","2":"type-product","6":"product_cat-dinner-lady","7":"product_cat-flavours-for-e-liquid-mixing","8":"entry","10":"first","11":"outofstock","12":"taxable","13":"shipping-taxable","14":"purchasable","15":"product-type-simple"},"acf":[],"_links":{"self":[{"href":"https:\/\/eliquidnicotine.co.uk\/de\/wp-json\/wp\/v2\/product\/19184","targetHints":{"allow":["GET"]}}],"collection":[{"href":"https:\/\/eliquidnicotine.co.uk\/de\/wp-json\/wp\/v2\/product"}],"about":[{"href":"https:\/\/eliquidnicotine.co.uk\/de\/wp-json\/wp\/v2\/types\/product"}],"replies":[{"embeddable":true,"href":"https:\/\/eliquidnicotine.co.uk\/de\/wp-json\/wp\/v2\/comments?post=19184"}],"wp:featuredmedia":[{"embeddable":true,"href":"https:\/\/eliquidnicotine.co.uk\/de\/wp-json\/wp\/v2\/media\/19187"}],"wp:attachment":[{"href":"https:\/\/eliquidnicotine.co.uk\/de\/wp-json\/wp\/v2\/media?parent=19184"}],"wp:term":[{"taxonomy":"product_brand","embeddable":true,"href":"https:\/\/eliquidnicotine.co.uk\/de\/wp-json\/wp\/v2\/product_brand?post=19184"},{"taxonomy":"product_cat","embeddable":true,"href":"https:\/\/eliquidnicotine.co.uk\/de\/wp-json\/wp\/v2\/product_cat?post=19184"},{"taxonomy":"product_tag","embeddable":true,"href":"https:\/\/eliquidnicotine.co.uk\/de\/wp-json\/wp\/v2\/product_tag?post=19184"}],"curies":[{"name":"wp","href":"https:\/\/api.w.org\/{rel}","templated":true}]}}