{"id":19481,"date":"2020-11-02T10:45:27","date_gmt":"2020-11-02T09:45:27","guid":{"rendered":"https:\/\/eliquidnicotine.co.uk\/?post_type=product&#038;p=19481"},"modified":"2023-03-07T09:44:01","modified_gmt":"2023-03-07T08:44:01","slug":"liquideo-chew-it","status":"publish","type":"product","link":"https:\/\/eliquidnicotine.co.uk\/de\/shop\/liquideo-chew-it\/","title":{"rendered":"Liquideo Chew IT"},"content":{"rendered":"<p>Unser Chew It e-liquid aus der Sammlung Yummy Evolution hat einen 60\/40PG\/VG. . Gut ausgewogen und dank seiner Dominanz von Propylenglykol bleibt der Treffer m\u00e4\u00dfig und das Vape zufriedenstellend, w\u00e4hrend die Aromen gut erhalten bleiben. Ein reines Erdbeer-Bubble Gum e-liquid, das wir gerne den ganzen Tag oder nach dem Abendessen verdampfen. Es enth\u00fcllt s\u00fc\u00dfe Aromen, so dass Sie den Geschmack von echtem Kaugummi genie\u00dfen k\u00f6nnen, ohne das Risiko, dass Hohlr\u00e4ume oder Blasen explodieren.<\/p>","protected":false},"excerpt":{"rendered":"<p>Volumen-Rabatt<br \/>\n1 ist der volle Preis, 5=5% Rabatt, 10=10% Rabatt<br \/>\nEntdecken Sie unsere Chew it e-liquid aus der Yummy Evolution-Kollektion: Erdbeer-Kaugummi, weich und schmackhaft, den Sie bis zum Ende der Zeit ohne Kariesgefahr verdampfen m\u00f6chten!<\/p>","protected":false},"featured_media":25473,"comment_status":"open","ping_status":"closed","template":"","meta":{"_acf_changed":false,"_genesis_hide_title":false,"_genesis_hide_breadcrumbs":false,"_genesis_hide_singular_image":false,"_genesis_hide_footer_widgets":false,"_genesis_custom_body_class":"","_genesis_custom_post_class":"","_genesis_layout":""},"product_brand":[],"product_cat":[454],"product_tag":[],"class_list":{"1":"product","2":"type-product","6":"product_cat-liquideo","7":"entry","9":"first","10":"outofstock","11":"taxable","12":"shipping-taxable","13":"purchasable","14":"product-type-variable"},"acf":[],"_links":{"self":[{"href":"https:\/\/eliquidnicotine.co.uk\/de\/wp-json\/wp\/v2\/product\/19481","targetHints":{"allow":["GET"]}}],"collection":[{"href":"https:\/\/eliquidnicotine.co.uk\/de\/wp-json\/wp\/v2\/product"}],"about":[{"href":"https:\/\/eliquidnicotine.co.uk\/de\/wp-json\/wp\/v2\/types\/product"}],"replies":[{"embeddable":true,"href":"https:\/\/eliquidnicotine.co.uk\/de\/wp-json\/wp\/v2\/comments?post=19481"}],"wp:featuredmedia":[{"embeddable":true,"href":"https:\/\/eliquidnicotine.co.uk\/de\/wp-json\/wp\/v2\/media\/25473"}],"wp:attachment":[{"href":"https:\/\/eliquidnicotine.co.uk\/de\/wp-json\/wp\/v2\/media?parent=19481"}],"wp:term":[{"taxonomy":"product_brand","embeddable":true,"href":"https:\/\/eliquidnicotine.co.uk\/de\/wp-json\/wp\/v2\/product_brand?post=19481"},{"taxonomy":"product_cat","embeddable":true,"href":"https:\/\/eliquidnicotine.co.uk\/de\/wp-json\/wp\/v2\/product_cat?post=19481"},{"taxonomy":"product_tag","embeddable":true,"href":"https:\/\/eliquidnicotine.co.uk\/de\/wp-json\/wp\/v2\/product_tag?post=19481"}],"curies":[{"name":"wp","href":"https:\/\/api.w.org\/{rel}","templated":true}]}}