{"id":19482,"date":"2020-11-02T10:42:04","date_gmt":"2020-11-02T09:42:04","guid":{"rendered":"https:\/\/eliquidnicotine.co.uk\/?post_type=product&#038;p=19482"},"modified":"2023-03-07T09:44:12","modified_gmt":"2023-03-07T08:44:12","slug":"liquideo-gary-guet","status":"publish","type":"product","link":"https:\/\/eliquidnicotine.co.uk\/de\/shop\/liquideo-gary-guet\/","title":{"rendered":"Liquideo Gary Guet"},"content":{"rendered":"<p>Die Walderdbeeren des Sommers<\/p>\n<p>PG\/VG : 60\/40<\/p>\n<p>Inhalt : 10 ml<\/p>\n<p>Nikotinst\u00e4rke : 0, 3, 6, 10 mg\/ml<\/p>\n<p>Unsere Gary Guet e-liquid aus der Fruity Evolution-Kollektion hat einen 60\/40 PG\/VG Balanced und dank der hohen Konzentration an Propylenglykol bleibt der Treffer moderat und der Dampf zufriedenstellend, w\u00e4hrend das Aroma erhalten bleibt. Mit seinem guten fruchtigen Geschmack werden Sie bei jedem Zug von seiner Intensit\u00e4t verzaubert sein. Ein Genuss, der ohne jede M\u00e4\u00dfigung konsumiert werden kann, und deshalb ist er seit seiner Entstehung einer unserer Bestseller.<\/p>","protected":false},"excerpt":{"rendered":"<p>Volumen-Rabatt<br \/>\n1 ist der volle Preis, 5=5% Rabatt, 10=10% Rabatt<br \/>\nProbieren Sie unseren Gary-Guet-Fl\u00fcssig aus der Fruit Evolution-Kollektion: leicht s\u00fc\u00dflich mit einem Hauch w\u00fcrzigem Geschmack, Gary Guet ist weich am Gaumen. Es ist wie bei den S\u00fc\u00dfigkeiten, die wir kaufen, dass wir erst dann aufh\u00f6ren, sie zu essen, wenn die T\u00fcte leer ist...<\/p>","protected":false},"featured_media":25475,"comment_status":"open","ping_status":"closed","template":"","meta":{"_acf_changed":false,"_genesis_hide_title":false,"_genesis_hide_breadcrumbs":false,"_genesis_hide_singular_image":false,"_genesis_hide_footer_widgets":false,"_genesis_custom_body_class":"","_genesis_custom_post_class":"","_genesis_layout":""},"product_brand":[],"product_cat":[454],"product_tag":[],"class_list":{"1":"product","2":"type-product","6":"product_cat-liquideo","7":"entry","9":"first","10":"outofstock","11":"taxable","12":"shipping-taxable","13":"purchasable","14":"product-type-variable"},"acf":[],"_links":{"self":[{"href":"https:\/\/eliquidnicotine.co.uk\/de\/wp-json\/wp\/v2\/product\/19482","targetHints":{"allow":["GET"]}}],"collection":[{"href":"https:\/\/eliquidnicotine.co.uk\/de\/wp-json\/wp\/v2\/product"}],"about":[{"href":"https:\/\/eliquidnicotine.co.uk\/de\/wp-json\/wp\/v2\/types\/product"}],"replies":[{"embeddable":true,"href":"https:\/\/eliquidnicotine.co.uk\/de\/wp-json\/wp\/v2\/comments?post=19482"}],"wp:featuredmedia":[{"embeddable":true,"href":"https:\/\/eliquidnicotine.co.uk\/de\/wp-json\/wp\/v2\/media\/25475"}],"wp:attachment":[{"href":"https:\/\/eliquidnicotine.co.uk\/de\/wp-json\/wp\/v2\/media?parent=19482"}],"wp:term":[{"taxonomy":"product_brand","embeddable":true,"href":"https:\/\/eliquidnicotine.co.uk\/de\/wp-json\/wp\/v2\/product_brand?post=19482"},{"taxonomy":"product_cat","embeddable":true,"href":"https:\/\/eliquidnicotine.co.uk\/de\/wp-json\/wp\/v2\/product_cat?post=19482"},{"taxonomy":"product_tag","embeddable":true,"href":"https:\/\/eliquidnicotine.co.uk\/de\/wp-json\/wp\/v2\/product_tag?post=19482"}],"curies":[{"name":"wp","href":"https:\/\/api.w.org\/{rel}","templated":true}]}}