{"id":19483,"date":"2020-11-02T10:01:17","date_gmt":"2020-11-02T10:01:17","guid":{"rendered":"https:\/\/eliquidnicotine.co.uk\/?post_type=product&#038;p=19483"},"modified":"2024-01-15T19:19:50","modified_gmt":"2024-01-15T18:19:50","slug":"liquideo-hollywood","status":"publish","type":"product","link":"https:\/\/eliquidnicotine.co.uk\/de\/shop\/liquideo-hollywood\/","title":{"rendered":"Liquideo Hollywood"},"content":{"rendered":"<p>Chlorophylle<\/p>\n<p>PG\/VG : 70\/30<\/p>\n<p>Inhalt : 10 ml<\/p>\n<p>Nikotinst\u00e4rke : 0, 3, 6, 10, 15 mg\/ml<\/p>\n<p>Unsere Hollywood E-Fl\u00fcssigkeit aus der Fresh Evolution-Sammlung hat einen 70\/30 PG\/VG. Seine reiche Konzentration an Propylenglykol macht ihn zu einer E-Fl\u00fcssigkeit mit einem deutlichen Treffer und einem nicht zu dichten Vape. Frisch k\u00f6stlich, eine authentische E-Fl\u00fcssigkeit, \u00e4hnlich wie ein Chlorophyll-Kaugummi. Es weckt die Geschmacksknospen und verleiht Ihrem Vape eine weiche und doch kraftvolle Note. Hier ist ein guter Kompromiss f\u00fcr Fans von mentholhaltigen E-Fl\u00fcssigkeiten. Ohne jegliche M\u00e4\u00dfigung des Dampfes.<\/p>","protected":false},"excerpt":{"rendered":"<p>Volumen-Rabatt<br \/>\n1 ist der volle Preis, 5=5% Rabatt, 10=10% Rabatt<br \/>\nProbieren Sie unsere Hollywood-Fl\u00fcssigkeit aus der Fresh Evolution-Kollektion: Der intensive Chlorophyllgeschmack dieser E-Fl\u00fcssigkeit k\u00f6nnte Sie glauben lassen, Sie w\u00fcrden Kaugummi kauen. Ideal zur Erfrischung Ihres Gaumens.<\/p>","protected":false},"featured_media":25476,"comment_status":"open","ping_status":"closed","template":"","meta":{"_acf_changed":false,"_genesis_hide_title":false,"_genesis_hide_breadcrumbs":false,"_genesis_hide_singular_image":false,"_genesis_hide_footer_widgets":false,"_genesis_custom_body_class":"","_genesis_custom_post_class":"","_genesis_layout":""},"product_brand":[],"product_cat":[454],"product_tag":[],"class_list":{"1":"product","2":"type-product","6":"product_cat-liquideo","7":"entry","9":"first","10":"outofstock","11":"taxable","12":"shipping-taxable","13":"purchasable","14":"product-type-variable"},"acf":[],"_links":{"self":[{"href":"https:\/\/eliquidnicotine.co.uk\/de\/wp-json\/wp\/v2\/product\/19483","targetHints":{"allow":["GET"]}}],"collection":[{"href":"https:\/\/eliquidnicotine.co.uk\/de\/wp-json\/wp\/v2\/product"}],"about":[{"href":"https:\/\/eliquidnicotine.co.uk\/de\/wp-json\/wp\/v2\/types\/product"}],"replies":[{"embeddable":true,"href":"https:\/\/eliquidnicotine.co.uk\/de\/wp-json\/wp\/v2\/comments?post=19483"}],"wp:featuredmedia":[{"embeddable":true,"href":"https:\/\/eliquidnicotine.co.uk\/de\/wp-json\/wp\/v2\/media\/25476"}],"wp:attachment":[{"href":"https:\/\/eliquidnicotine.co.uk\/de\/wp-json\/wp\/v2\/media?parent=19483"}],"wp:term":[{"taxonomy":"product_brand","embeddable":true,"href":"https:\/\/eliquidnicotine.co.uk\/de\/wp-json\/wp\/v2\/product_brand?post=19483"},{"taxonomy":"product_cat","embeddable":true,"href":"https:\/\/eliquidnicotine.co.uk\/de\/wp-json\/wp\/v2\/product_cat?post=19483"},{"taxonomy":"product_tag","embeddable":true,"href":"https:\/\/eliquidnicotine.co.uk\/de\/wp-json\/wp\/v2\/product_tag?post=19483"}],"curies":[{"name":"wp","href":"https:\/\/api.w.org\/{rel}","templated":true}]}}