{"id":19484,"date":"2020-11-02T09:57:00","date_gmt":"2020-11-02T08:57:00","guid":{"rendered":"https:\/\/eliquidnicotine.co.uk\/?post_type=product&#038;p=19484"},"modified":"2023-03-07T09:43:51","modified_gmt":"2023-03-07T08:43:51","slug":"liquideo-popo-pom","status":"publish","type":"product","link":"https:\/\/eliquidnicotine.co.uk\/de\/shop\/liquideo-popo-pom\/","title":{"rendered":"Liquideo Po'Po' Pom"},"content":{"rendered":"<p>Saurer Apfel<\/p>\n<p>PG\/VG : 60\/40<\/p>\n<p>Inhalt : 10 ml<\/p>\n<p>Nikotingehalt : 0, 3, 6, 10 mg\/ml<\/p>\n<p>E-liquid Po po po po pom aus der Fruity Evolution-Kollektion hat ein 60\/40 PG\/VG, gut ausbalanciert, so dass Ihr Treffer sowohl fruchtig als auch kr\u00e4ftig und sauer ist. Angenehm begleitet von seinem dichten und angenehmen Vape. Dieser E-Liquid wird Ihnen \u00fcberraschende Aromen bieten, die Weichheit und S\u00e4ure mit einem s\u00fc\u00dfen Hauch von Zucker im Mund vermischen.<br \/>\nPo po po pom aus der Fruity Evolution-Kollektion ist eine E-Fl\u00fcssigkeit, die absolut unverzichtbar ist, sie ist unbestreitbar einer unserer Bestseller.<\/p>","protected":false},"excerpt":{"rendered":"<p>Volumen-Rabatt<br \/>\n1 ist der volle Preis, 5=5% Rabatt, 10=10% Rabatt<br \/>\nProbieren Sie unsere Po po po po pom e-liquid aus der Fruity Evolution-Sammlung: Gr\u00fcner Apfel Geschmack Granny Smith Typ sch\u00f6n sauer: erstaunlich.<br \/>\nEine absolut bedingungslose, ganzt\u00e4gige E-Fl\u00fcssigkeit.<\/p>","protected":false},"featured_media":25483,"comment_status":"open","ping_status":"closed","template":"","meta":{"_acf_changed":false,"_genesis_hide_title":false,"_genesis_hide_breadcrumbs":false,"_genesis_hide_singular_image":false,"_genesis_hide_footer_widgets":false,"_genesis_custom_body_class":"","_genesis_custom_post_class":"","_genesis_layout":""},"product_brand":[],"product_cat":[454],"product_tag":[],"class_list":{"1":"product","2":"type-product","6":"product_cat-liquideo","7":"entry","9":"first","10":"outofstock","11":"taxable","12":"shipping-taxable","13":"purchasable","14":"product-type-variable"},"acf":[],"_links":{"self":[{"href":"https:\/\/eliquidnicotine.co.uk\/de\/wp-json\/wp\/v2\/product\/19484","targetHints":{"allow":["GET"]}}],"collection":[{"href":"https:\/\/eliquidnicotine.co.uk\/de\/wp-json\/wp\/v2\/product"}],"about":[{"href":"https:\/\/eliquidnicotine.co.uk\/de\/wp-json\/wp\/v2\/types\/product"}],"replies":[{"embeddable":true,"href":"https:\/\/eliquidnicotine.co.uk\/de\/wp-json\/wp\/v2\/comments?post=19484"}],"wp:featuredmedia":[{"embeddable":true,"href":"https:\/\/eliquidnicotine.co.uk\/de\/wp-json\/wp\/v2\/media\/25483"}],"wp:attachment":[{"href":"https:\/\/eliquidnicotine.co.uk\/de\/wp-json\/wp\/v2\/media?parent=19484"}],"wp:term":[{"taxonomy":"product_brand","embeddable":true,"href":"https:\/\/eliquidnicotine.co.uk\/de\/wp-json\/wp\/v2\/product_brand?post=19484"},{"taxonomy":"product_cat","embeddable":true,"href":"https:\/\/eliquidnicotine.co.uk\/de\/wp-json\/wp\/v2\/product_cat?post=19484"},{"taxonomy":"product_tag","embeddable":true,"href":"https:\/\/eliquidnicotine.co.uk\/de\/wp-json\/wp\/v2\/product_tag?post=19484"}],"curies":[{"name":"wp","href":"https:\/\/api.w.org\/{rel}","templated":true}]}}