{"id":19485,"date":"2020-11-01T13:20:45","date_gmt":"2020-11-01T12:20:45","guid":{"rendered":"https:\/\/eliquidnicotine.co.uk\/?post_type=product&#038;p=19485"},"modified":"2023-03-07T09:44:59","modified_gmt":"2023-03-07T08:44:59","slug":"liquideo-rouge","status":"publish","type":"product","link":"https:\/\/eliquidnicotine.co.uk\/de\/shop\/liquideo-rouge\/","title":{"rendered":"Liquideo Rouge"},"content":{"rendered":"<p>Unser Evolution Space E-liquid Red Red hat ein PG\/VG-Verh\u00e4ltnis von 50\/50. Dieser Saft ist sehr ausgewogen, was einen ausgezeichneten Kompromiss zwischen einem sehr pr\u00e4senten Treffer und einem dichten Dampf darstellt. Sein intensiver Geschmack nach Waldfr\u00fcchten mit Anis l\u00e4sst Sie den ganzen Tag lang mit einer gewissen Leichtigkeit dampfen. \u00dcberraschenderweise wird er schnell zu einem Muss, und Sie k\u00f6nnen ihn \u00fcberall hin mitnehmen. Seine einzigartigen Aromen, dank seines Hauch von Anis, machen ihn so angenehm wie eine frische und bedeutende Frucht. Man kann sie unter tausend erkennen!<\/p>","protected":false},"excerpt":{"rendered":"<p>Volumen-Rabatt<br \/>\n1 ist der volle Preis, 5=5% Rabatt, 10=10% Rabatt<br \/>\nProbieren Sie unsere E-Fl\u00fcssigkeit Rouge Red aus der Evolution Space-Kollektion aus:<br \/>\nRouge Red ist eine g\u00f6ttliche Mischung aus Himbeere, Blaubeere, schwarzer Johannisbeere und Anis.<br \/>\nEine reiche und anhaltende Komposition im Mund, die niemanden gleichg\u00fcltig lassen wird.<\/p>","protected":false},"featured_media":25484,"comment_status":"open","ping_status":"closed","template":"","meta":{"_acf_changed":false,"_genesis_hide_title":false,"_genesis_hide_breadcrumbs":false,"_genesis_hide_singular_image":false,"_genesis_hide_footer_widgets":false,"_genesis_custom_body_class":"","_genesis_custom_post_class":"","_genesis_layout":""},"product_brand":[],"product_cat":[454],"product_tag":[],"class_list":{"1":"product","2":"type-product","6":"product_cat-liquideo","7":"entry","9":"first","10":"outofstock","11":"taxable","12":"shipping-taxable","13":"purchasable","14":"product-type-variable"},"acf":[],"_links":{"self":[{"href":"https:\/\/eliquidnicotine.co.uk\/de\/wp-json\/wp\/v2\/product\/19485","targetHints":{"allow":["GET"]}}],"collection":[{"href":"https:\/\/eliquidnicotine.co.uk\/de\/wp-json\/wp\/v2\/product"}],"about":[{"href":"https:\/\/eliquidnicotine.co.uk\/de\/wp-json\/wp\/v2\/types\/product"}],"replies":[{"embeddable":true,"href":"https:\/\/eliquidnicotine.co.uk\/de\/wp-json\/wp\/v2\/comments?post=19485"}],"wp:featuredmedia":[{"embeddable":true,"href":"https:\/\/eliquidnicotine.co.uk\/de\/wp-json\/wp\/v2\/media\/25484"}],"wp:attachment":[{"href":"https:\/\/eliquidnicotine.co.uk\/de\/wp-json\/wp\/v2\/media?parent=19485"}],"wp:term":[{"taxonomy":"product_brand","embeddable":true,"href":"https:\/\/eliquidnicotine.co.uk\/de\/wp-json\/wp\/v2\/product_brand?post=19485"},{"taxonomy":"product_cat","embeddable":true,"href":"https:\/\/eliquidnicotine.co.uk\/de\/wp-json\/wp\/v2\/product_cat?post=19485"},{"taxonomy":"product_tag","embeddable":true,"href":"https:\/\/eliquidnicotine.co.uk\/de\/wp-json\/wp\/v2\/product_tag?post=19485"}],"curies":[{"name":"wp","href":"https:\/\/api.w.org\/{rel}","templated":true}]}}