{"id":19486,"date":"2020-11-01T15:22:06","date_gmt":"2020-11-01T14:22:06","guid":{"rendered":"https:\/\/eliquidnicotine.co.uk\/?post_type=product&#038;p=19486"},"modified":"2023-03-07T09:43:42","modified_gmt":"2023-03-07T08:43:42","slug":"liquideo-le-gaulois","status":"publish","type":"product","link":"https:\/\/eliquidnicotine.co.uk\/de\/shop\/liquideo-le-gaulois\/","title":{"rendered":"Liquideo Le Gaulois"},"content":{"rendered":"<p>Diese E-Fl\u00fcssigkeit wird von der franz\u00f6sischen Firma Liquid\u00e9o hergestellt, einem Hauptakteur auf dem Vape-Markt, der f\u00fcr seine qualitativ hochwertigen Fl\u00fcssigkeiten bekannt ist!<\/p>\n<p>Dieses Gallisch, das Vapo d'Oliquide Ihnen vorschl\u00e4gt, ist eine E-Fl\u00fcssigkeit der Evolution-Reihe, bestehend aus Propylenglykol, pflanzlichem Glyzerin, Lebensmittelaromen und Nikotin (mit Ausnahme der nikotinfreien Dosierung). Sie hat ein PG\/VG-Verh\u00e4ltnis von 60\/40.<\/p>\n<p>Liquid\u00e9o ist auf die Herstellung von e.liquids f\u00fcr e-cig spezialisiert und hat seinen Sitz in Paris. Es besteht aus talentierten Experten, die mehr als 130 Aromen sublimieren, die Sie in verschiedenen Kollektionen finden, um eine breite Palette von Verdampfern zu befriedigen. Es ist f\u00fcr jeden Geschmack etwas dabei! Die E-Fl\u00fcssigkeiten von Liquid\u00e9o werden alle in Frankreich in seinen Labors in der Region Paris hergestellt. F\u00fcr die Zusammensetzung dieser Produkte verwendet Liquid\u00e9o nur zertifizierte Lebensmittelaromen, Propylenglykol, pflanzliches Glyzerin, Nikotin (mit Ausnahme der 0mg-Fl\u00fcssigkeiten), manchmal Ethanol und Wasser. Sie sind garantiert frei von Diacetyl, Paraben und Ambrox.<\/p>","protected":false},"excerpt":{"rendered":"<p>Volumen-Rabatt<br \/>\n1 ist der volle Preis, 5=5% Rabatt, 10=10% Rabatt<br \/>\nDie Gaulois ist eine klassische Blondine, leicht s\u00fc\u00dflich mit einem Hauch von Feigen. Diese Fl\u00fcssigkeit wird vom Druiden Liquid\u00e9ix vom Stamm der Liquid\u00e9o zubereitet... aber Vorsicht, es handelt sich nicht um einen Zaubertrank!<\/p>","protected":false},"featured_media":25480,"comment_status":"open","ping_status":"closed","template":"","meta":{"_acf_changed":false,"_genesis_hide_title":false,"_genesis_hide_breadcrumbs":false,"_genesis_hide_singular_image":false,"_genesis_hide_footer_widgets":false,"_genesis_custom_body_class":"","_genesis_custom_post_class":"","_genesis_layout":""},"product_brand":[],"product_cat":[454],"product_tag":[],"class_list":{"1":"product","2":"type-product","6":"product_cat-liquideo","7":"entry","9":"first","10":"outofstock","11":"taxable","12":"shipping-taxable","13":"purchasable","14":"product-type-variable"},"acf":[],"_links":{"self":[{"href":"https:\/\/eliquidnicotine.co.uk\/de\/wp-json\/wp\/v2\/product\/19486","targetHints":{"allow":["GET"]}}],"collection":[{"href":"https:\/\/eliquidnicotine.co.uk\/de\/wp-json\/wp\/v2\/product"}],"about":[{"href":"https:\/\/eliquidnicotine.co.uk\/de\/wp-json\/wp\/v2\/types\/product"}],"replies":[{"embeddable":true,"href":"https:\/\/eliquidnicotine.co.uk\/de\/wp-json\/wp\/v2\/comments?post=19486"}],"wp:featuredmedia":[{"embeddable":true,"href":"https:\/\/eliquidnicotine.co.uk\/de\/wp-json\/wp\/v2\/media\/25480"}],"wp:attachment":[{"href":"https:\/\/eliquidnicotine.co.uk\/de\/wp-json\/wp\/v2\/media?parent=19486"}],"wp:term":[{"taxonomy":"product_brand","embeddable":true,"href":"https:\/\/eliquidnicotine.co.uk\/de\/wp-json\/wp\/v2\/product_brand?post=19486"},{"taxonomy":"product_cat","embeddable":true,"href":"https:\/\/eliquidnicotine.co.uk\/de\/wp-json\/wp\/v2\/product_cat?post=19486"},{"taxonomy":"product_tag","embeddable":true,"href":"https:\/\/eliquidnicotine.co.uk\/de\/wp-json\/wp\/v2\/product_tag?post=19486"}],"curies":[{"name":"wp","href":"https:\/\/api.w.org\/{rel}","templated":true}]}}