{"id":19487,"date":"2020-11-01T13:27:41","date_gmt":"2020-11-01T13:27:41","guid":{"rendered":"https:\/\/eliquidnicotine.co.uk\/?post_type=product&#038;p=19487"},"modified":"2023-12-29T10:48:48","modified_gmt":"2023-12-29T09:48:48","slug":"liquideo-4yr","status":"publish","type":"product","link":"https:\/\/eliquidnicotine.co.uk\/de\/shop\/liquideo-4yr\/","title":{"rendered":"Liquideo 4YR"},"content":{"rendered":"<p>Leichter Klassiker - St\u00e4rke 4\/5<br \/>\nPG\/VG : 70\/30<br \/>\nInhalt : 10 ml<br \/>\nNikotingehalt : 0, 3, 6, 10, 15 mg\/ml<\/p>\n<p>Unser e-liquid 4YR aus der Classico Evolution-Sammlung hat einen 70\/30 PG\/VG. Seine reiche Konzentration an Propylenglykol verst\u00e4rkt einen m\u00e4\u00dfigen Treffer und liefert ein zufriedenstellendes Vape. Die Aromakonzentration f\u00fcr den 4YR e-liquid wird den Geschmack des leichten Classic verst\u00e4rken. St\u00e4rke 4\/5, kr\u00e4ftig und stark im Geschmack. Alle Liebhaber des Gourmet Classic werden sich in dieser E-Fl\u00fcssigkeit wiederfinden, um ein echtes Gleichgewicht zwischen dem authentischen und dem Gourmet-Geschmack zu schaffen. Zum Probieren und Genie\u00dfen zu Hause!<\/p>","protected":false},"excerpt":{"rendered":"<p>Volumen-Rabatt<br \/>\n1 ist der volle Preis, 5=5% Rabatt, 10=10% Rabatt<br \/>\nProbieren Sie unseren E-Liquid 4YR aus der Kollektion Classico Evolution: leicht klassisch und k\u00f6stlich, begleitet von seinen Vanille- und Karamellnoten. Ein Genuss f\u00fcr die Geschmacksnerven.<\/p>","protected":false},"featured_media":25469,"comment_status":"open","ping_status":"closed","template":"","meta":{"_acf_changed":false,"_genesis_hide_title":false,"_genesis_hide_breadcrumbs":false,"_genesis_hide_singular_image":false,"_genesis_hide_footer_widgets":false,"_genesis_custom_body_class":"","_genesis_custom_post_class":"","_genesis_layout":""},"product_brand":[],"product_cat":[454],"product_tag":[],"class_list":{"1":"product","2":"type-product","6":"product_cat-liquideo","7":"entry","9":"first","10":"outofstock","11":"taxable","12":"shipping-taxable","13":"purchasable","14":"product-type-variable"},"acf":[],"_links":{"self":[{"href":"https:\/\/eliquidnicotine.co.uk\/de\/wp-json\/wp\/v2\/product\/19487","targetHints":{"allow":["GET"]}}],"collection":[{"href":"https:\/\/eliquidnicotine.co.uk\/de\/wp-json\/wp\/v2\/product"}],"about":[{"href":"https:\/\/eliquidnicotine.co.uk\/de\/wp-json\/wp\/v2\/types\/product"}],"replies":[{"embeddable":true,"href":"https:\/\/eliquidnicotine.co.uk\/de\/wp-json\/wp\/v2\/comments?post=19487"}],"wp:featuredmedia":[{"embeddable":true,"href":"https:\/\/eliquidnicotine.co.uk\/de\/wp-json\/wp\/v2\/media\/25469"}],"wp:attachment":[{"href":"https:\/\/eliquidnicotine.co.uk\/de\/wp-json\/wp\/v2\/media?parent=19487"}],"wp:term":[{"taxonomy":"product_brand","embeddable":true,"href":"https:\/\/eliquidnicotine.co.uk\/de\/wp-json\/wp\/v2\/product_brand?post=19487"},{"taxonomy":"product_cat","embeddable":true,"href":"https:\/\/eliquidnicotine.co.uk\/de\/wp-json\/wp\/v2\/product_cat?post=19487"},{"taxonomy":"product_tag","embeddable":true,"href":"https:\/\/eliquidnicotine.co.uk\/de\/wp-json\/wp\/v2\/product_tag?post=19487"}],"curies":[{"name":"wp","href":"https:\/\/api.w.org\/{rel}","templated":true}]}}