{"id":19488,"date":"2020-11-01T15:09:17","date_gmt":"2020-11-01T14:09:17","guid":{"rendered":"https:\/\/eliquidnicotine.co.uk\/?post_type=product&#038;p=19488"},"modified":"2023-03-07T09:44:25","modified_gmt":"2023-03-07T08:44:25","slug":"liquideo-cowboy","status":"publish","type":"product","link":"https:\/\/eliquidnicotine.co.uk\/de\/shop\/liquideo-cowboy\/","title":{"rendered":"Liquideo-Cowboy"},"content":{"rendered":"<p>Unsere Cowboy e-Fl\u00fcssigkeit aus der Classico Evolution-Kollektion hat einen 70\/30 PG\/VG. Die hohe Konzentration an Propylenglykol macht sie zu einer e-Fl\u00fcssigkeit mit einem ausgepr\u00e4gten Treffer und einem nicht zu dicken Dampf. Der authentische Geschmack ist leicht klassisch, kr\u00e4ftig im Aroma und erinnert an Mandeln am Ende des Zuges. Ein kraftvolles Ganztagsgetr\u00e4nk, das alte Raucher, Amateure klassischer, charaktervoller Aromen und nussiger Nuancen begeistern wird.<\/p>","protected":false},"excerpt":{"rendered":"<p>Volumen-Rabatt<br \/>\n1 ist der volle Preis, 5=5% Rabatt, 10=10% Rabatt<br \/>\nEntdecken Sie unsere Cowboy E-Fl\u00fcssigkeit aus der Clasico Evolution-Sammlung: Starker Geschmack, leichter Klassiker - St\u00e4rke 5\/5 . Cowboy e-liquid ist eine un\u00fcbertroffene Qualit\u00e4t mit einem angenehmen Aroma. Dieser leichte Classic wird Ihren Tag befriedigen.<\/p>","protected":false},"featured_media":18772,"comment_status":"open","ping_status":"closed","template":"","meta":{"_acf_changed":false,"_genesis_hide_title":false,"_genesis_hide_breadcrumbs":false,"_genesis_hide_singular_image":false,"_genesis_hide_footer_widgets":false,"_genesis_custom_body_class":"","_genesis_custom_post_class":"","_genesis_layout":""},"product_brand":[],"product_cat":[454],"product_tag":[],"class_list":{"1":"product","2":"type-product","6":"product_cat-liquideo","7":"entry","9":"first","10":"outofstock","11":"taxable","12":"shipping-taxable","13":"purchasable","14":"product-type-variable"},"acf":[],"_links":{"self":[{"href":"https:\/\/eliquidnicotine.co.uk\/de\/wp-json\/wp\/v2\/product\/19488","targetHints":{"allow":["GET"]}}],"collection":[{"href":"https:\/\/eliquidnicotine.co.uk\/de\/wp-json\/wp\/v2\/product"}],"about":[{"href":"https:\/\/eliquidnicotine.co.uk\/de\/wp-json\/wp\/v2\/types\/product"}],"replies":[{"embeddable":true,"href":"https:\/\/eliquidnicotine.co.uk\/de\/wp-json\/wp\/v2\/comments?post=19488"}],"wp:featuredmedia":[{"embeddable":true,"href":"https:\/\/eliquidnicotine.co.uk\/de\/wp-json\/wp\/v2\/media\/18772"}],"wp:attachment":[{"href":"https:\/\/eliquidnicotine.co.uk\/de\/wp-json\/wp\/v2\/media?parent=19488"}],"wp:term":[{"taxonomy":"product_brand","embeddable":true,"href":"https:\/\/eliquidnicotine.co.uk\/de\/wp-json\/wp\/v2\/product_brand?post=19488"},{"taxonomy":"product_cat","embeddable":true,"href":"https:\/\/eliquidnicotine.co.uk\/de\/wp-json\/wp\/v2\/product_cat?post=19488"},{"taxonomy":"product_tag","embeddable":true,"href":"https:\/\/eliquidnicotine.co.uk\/de\/wp-json\/wp\/v2\/product_tag?post=19488"}],"curies":[{"name":"wp","href":"https:\/\/api.w.org\/{rel}","templated":true}]}}