{"id":19489,"date":"2020-11-01T14:29:29","date_gmt":"2020-11-01T13:29:29","guid":{"rendered":"https:\/\/eliquidnicotine.co.uk\/?post_type=product&#038;p=19489"},"modified":"2023-03-07T09:44:48","modified_gmt":"2023-03-07T08:44:48","slug":"liquideo-jamal","status":"publish","type":"product","link":"https:\/\/eliquidnicotine.co.uk\/de\/shop\/liquideo-jamal\/","title":{"rendered":"Liquideo Jamal"},"content":{"rendered":"<p>Leicht Klassisch kr\u00e4ftiges Aroma - St\u00e4rke 4\/5<\/p>\n<p>PG\/VG : 70\/30<\/p>\n<p>Inhalt : 10 ml<\/p>\n<p>Nikotinst\u00e4rke : 0, 6, 10, 15 mg\/ml<\/p>\n<p>Unsere E-Fl\u00fcssigkeit Classico Eolution Jamal e-liquid hat einen 70\/30 PG\/VG. Ihre reiche Konzentration an Propylenglykol macht sie zu einer E-Fl\u00fcssigkeit mit einem deutlichen Treffer und einem nicht zu dichten Dampf. Entdecken Sie alle Geschmacksrichtungen einer leichten, klassischen E-Fl\u00fcssigkeit, die einen gro\u00dfen Moment von Vape bietet. Lassen Sie Ihre Zigarette los und akzeptieren Sie diese neue Jamal E-Fl\u00fcssigkeit als Ganztagesflasche. Tauchen Sie ein und genie\u00dfen Sie ohne jede M\u00e4\u00dfigung.<\/p>","protected":false},"excerpt":{"rendered":"<p>Volumen-Rabatt<br \/>\n1 ist der volle Preis, 5=5% Rabatt, 10=10% Rabatt<br \/>\nProbieren Sie unseren Jamal E-Liquid aus der Classico Evolution-Kollektion: ein leichter Klassiker, reich an Aroma mit einer St\u00e4rke von 4\/5, wird von Zeitungen, die versuchen, mit dem Rauchen aufzuh\u00f6ren, sehr gesch\u00e4tzt werden. Jamal bietet die echte Sensation des Rauchens.<\/p>","protected":false},"featured_media":25477,"comment_status":"open","ping_status":"closed","template":"","meta":{"_acf_changed":false,"_genesis_hide_title":false,"_genesis_hide_breadcrumbs":false,"_genesis_hide_singular_image":false,"_genesis_hide_footer_widgets":false,"_genesis_custom_body_class":"","_genesis_custom_post_class":"","_genesis_layout":""},"product_brand":[],"product_cat":[454],"product_tag":[],"class_list":{"1":"product","2":"type-product","6":"product_cat-liquideo","7":"entry","9":"first","10":"outofstock","11":"taxable","12":"shipping-taxable","13":"purchasable","14":"product-type-variable"},"acf":[],"_links":{"self":[{"href":"https:\/\/eliquidnicotine.co.uk\/de\/wp-json\/wp\/v2\/product\/19489","targetHints":{"allow":["GET"]}}],"collection":[{"href":"https:\/\/eliquidnicotine.co.uk\/de\/wp-json\/wp\/v2\/product"}],"about":[{"href":"https:\/\/eliquidnicotine.co.uk\/de\/wp-json\/wp\/v2\/types\/product"}],"replies":[{"embeddable":true,"href":"https:\/\/eliquidnicotine.co.uk\/de\/wp-json\/wp\/v2\/comments?post=19489"}],"wp:featuredmedia":[{"embeddable":true,"href":"https:\/\/eliquidnicotine.co.uk\/de\/wp-json\/wp\/v2\/media\/25477"}],"wp:attachment":[{"href":"https:\/\/eliquidnicotine.co.uk\/de\/wp-json\/wp\/v2\/media?parent=19489"}],"wp:term":[{"taxonomy":"product_brand","embeddable":true,"href":"https:\/\/eliquidnicotine.co.uk\/de\/wp-json\/wp\/v2\/product_brand?post=19489"},{"taxonomy":"product_cat","embeddable":true,"href":"https:\/\/eliquidnicotine.co.uk\/de\/wp-json\/wp\/v2\/product_cat?post=19489"},{"taxonomy":"product_tag","embeddable":true,"href":"https:\/\/eliquidnicotine.co.uk\/de\/wp-json\/wp\/v2\/product_tag?post=19489"}],"curies":[{"name":"wp","href":"https:\/\/api.w.org\/{rel}","templated":true}]}}