{"id":19490,"date":"2020-11-01T14:39:04","date_gmt":"2020-11-01T14:39:04","guid":{"rendered":"https:\/\/eliquidnicotine.co.uk\/?post_type=product&#038;p=19490"},"modified":"2024-01-15T19:20:04","modified_gmt":"2024-01-15T18:20:04","slug":"liquideo-lucky-boy","status":"publish","type":"product","link":"https:\/\/eliquidnicotine.co.uk\/de\/shop\/liquideo-lucky-boy\/","title":{"rendered":"Liquideo Gl\u00fcckspilz"},"content":{"rendered":"<p>Ligth Classic starker, zusammengerollter Zigarettengeschmack - St\u00e4rke 4\/5<\/p>\n<p>PG\/VG : 70\/30<\/p>\n<p>Inhalt : 10 ml<\/p>\n<p>Nikotinst\u00e4rke : 0, 6, 10, 15 mg\/ml<\/p>\n<p>Unser Lucky Boy e-liquid aus der Classico Evolution-Sammlung hat einen 70\/30 PG\/VG. Seine reiche Konzentration an Propylenglykol macht ihn zu einer E-Fl\u00fcssigkeit mit einem deutlichen Treffer und einem nicht zu dichten Dampf. Eine klassische und effiziente E-Fl\u00fcssigkeit, ideal, um die Empfindung einer gesponnenen Zigarette zu finden. Alte Raucher werden die Vorteile erkennen: alle sch\u00e4dlichen Wirkungen der Zigarette werden nur schlechte Souvenirs sein! Entdecken Sie mit Lucky Boy die E-Fl\u00fcssigkeit, die Sie f\u00fcr immer mit dem Rauchen aufh\u00f6ren l\u00e4sst. St\u00e4rke 4\/5.<\/p>","protected":false},"excerpt":{"rendered":"<p>Volumen-Rabatt<br \/>\n1 ist der volle Preis, 5=5% Rabatt, 10=10% Rabatt<br \/>\nProbieren Sie unseren Lucky Boy e-liquid aus der Classico Evolution-Sammlung aus: Ein E-Fl\u00fcssigkeit mit einem starken Aroma und ausgepr\u00e4gtem Geschmack von trockenem Klassiker, St\u00e4rke 4\/5. Ideal f\u00fcr alte Raucher<\/p>","protected":false},"featured_media":25482,"comment_status":"open","ping_status":"closed","template":"","meta":{"_acf_changed":false,"_genesis_hide_title":false,"_genesis_hide_breadcrumbs":false,"_genesis_hide_singular_image":false,"_genesis_hide_footer_widgets":false,"_genesis_custom_body_class":"","_genesis_custom_post_class":"","_genesis_layout":""},"product_brand":[],"product_cat":[454],"product_tag":[],"class_list":{"1":"product","2":"type-product","6":"product_cat-liquideo","7":"entry","9":"first","10":"outofstock","11":"taxable","12":"shipping-taxable","13":"purchasable","14":"product-type-variable"},"acf":[],"_links":{"self":[{"href":"https:\/\/eliquidnicotine.co.uk\/de\/wp-json\/wp\/v2\/product\/19490","targetHints":{"allow":["GET"]}}],"collection":[{"href":"https:\/\/eliquidnicotine.co.uk\/de\/wp-json\/wp\/v2\/product"}],"about":[{"href":"https:\/\/eliquidnicotine.co.uk\/de\/wp-json\/wp\/v2\/types\/product"}],"replies":[{"embeddable":true,"href":"https:\/\/eliquidnicotine.co.uk\/de\/wp-json\/wp\/v2\/comments?post=19490"}],"wp:featuredmedia":[{"embeddable":true,"href":"https:\/\/eliquidnicotine.co.uk\/de\/wp-json\/wp\/v2\/media\/25482"}],"wp:attachment":[{"href":"https:\/\/eliquidnicotine.co.uk\/de\/wp-json\/wp\/v2\/media?parent=19490"}],"wp:term":[{"taxonomy":"product_brand","embeddable":true,"href":"https:\/\/eliquidnicotine.co.uk\/de\/wp-json\/wp\/v2\/product_brand?post=19490"},{"taxonomy":"product_cat","embeddable":true,"href":"https:\/\/eliquidnicotine.co.uk\/de\/wp-json\/wp\/v2\/product_cat?post=19490"},{"taxonomy":"product_tag","embeddable":true,"href":"https:\/\/eliquidnicotine.co.uk\/de\/wp-json\/wp\/v2\/product_tag?post=19490"}],"curies":[{"name":"wp","href":"https:\/\/api.w.org\/{rel}","templated":true}]}}