{"id":19495,"date":"2020-11-02T14:04:34","date_gmt":"2020-11-02T14:04:34","guid":{"rendered":"https:\/\/eliquidnicotine.co.uk\/?post_type=product&#038;p=19495"},"modified":"2024-08-13T11:06:37","modified_gmt":"2024-08-13T10:06:37","slug":"t-juice-ty4","status":"publish","type":"product","link":"https:\/\/eliquidnicotine.co.uk\/de\/shop\/t-juice-ty4\/","title":{"rendered":"T-Juice TY4"},"content":{"rendered":"<p>T Juice TY4 ist die markeneigene Version des bekannten und beliebten traditionellen RY4-Geschmacks. Das bedeutet nicht, dass TY4 eine ged\u00e4mpfte oder verd\u00fcnnte Version ist, ganz im Gegenteil, denn diese spezielle E-Fl\u00fcssigkeit bietet Welle um Welle nussigen und dennoch s\u00fc\u00dfen Tabakdampfgenuss.<\/p>\n<p>Es ist die S\u00fc\u00dfe von Demerara, die dieser E-Fl\u00fcssigkeit ihren Vorteil verleiht, da sie sich so gut mit den nussigen Untert\u00f6nen vermischt. Die raffinierte Mischung und die hochwertigen Inhaltsstoffe machen diese T Juice TY4 e-Fl\u00fcssigkeit so beliebt als t\u00e4glicher e-Rauch.<\/p>\n<p>TY4 T Juice T ist eine in Gro\u00dfbritannien hergestellte E-Fl\u00fcssigkeit, die in Nikotinst\u00e4rken von 3mg, 6mg, 12mg oder 18mg erh\u00e4ltlich ist.<\/p>","protected":false},"excerpt":{"rendered":"<p>Wichtige Geschmacksrichtungen: N\u00fcsse | brauner Zucker | Virginia-Tabak<br \/>\nT-Juice hat eine Schlacht mit einem echten Klassiker geschlagen, um Ihnen T-Juice TY-4 zu pr\u00e4sentieren - unsere Meinung zu RY4! Wir haben ein wenig mehr Nussigkeit und einen Spritzer Demerara-Zucker hinzugef\u00fcgt, um diesem ikonischen E-Liquid-Geschmack ein wenig mehr Magie zu verleihen. Dies ist eine unwiderstehliche E-Fl\u00fcssigkeit f\u00fcr jeden derzeitigen Raucher, der eine Einf\u00fchrung in die Aromen des Vaping unter Beibehaltung des klassischen Tabakgeschmacks w\u00fcnscht.<\/p>","protected":false},"featured_media":19553,"comment_status":"open","ping_status":"closed","template":"","meta":{"_acf_changed":false,"_genesis_hide_title":false,"_genesis_hide_breadcrumbs":false,"_genesis_hide_singular_image":false,"_genesis_hide_footer_widgets":false,"_genesis_custom_body_class":"","_genesis_custom_post_class":"","_genesis_layout":""},"product_brand":[],"product_cat":[541],"product_tag":[],"class_list":{"1":"product","2":"type-product","6":"product_cat-t-juice","7":"entry","9":"first","10":"outofstock","11":"taxable","12":"shipping-taxable","13":"purchasable","14":"product-type-variable"},"acf":[],"_links":{"self":[{"href":"https:\/\/eliquidnicotine.co.uk\/de\/wp-json\/wp\/v2\/product\/19495","targetHints":{"allow":["GET"]}}],"collection":[{"href":"https:\/\/eliquidnicotine.co.uk\/de\/wp-json\/wp\/v2\/product"}],"about":[{"href":"https:\/\/eliquidnicotine.co.uk\/de\/wp-json\/wp\/v2\/types\/product"}],"replies":[{"embeddable":true,"href":"https:\/\/eliquidnicotine.co.uk\/de\/wp-json\/wp\/v2\/comments?post=19495"}],"wp:featuredmedia":[{"embeddable":true,"href":"https:\/\/eliquidnicotine.co.uk\/de\/wp-json\/wp\/v2\/media\/19553"}],"wp:attachment":[{"href":"https:\/\/eliquidnicotine.co.uk\/de\/wp-json\/wp\/v2\/media?parent=19495"}],"wp:term":[{"taxonomy":"product_brand","embeddable":true,"href":"https:\/\/eliquidnicotine.co.uk\/de\/wp-json\/wp\/v2\/product_brand?post=19495"},{"taxonomy":"product_cat","embeddable":true,"href":"https:\/\/eliquidnicotine.co.uk\/de\/wp-json\/wp\/v2\/product_cat?post=19495"},{"taxonomy":"product_tag","embeddable":true,"href":"https:\/\/eliquidnicotine.co.uk\/de\/wp-json\/wp\/v2\/product_tag?post=19495"}],"curies":[{"name":"wp","href":"https:\/\/api.w.org\/{rel}","templated":true}]}}