{"id":19496,"date":"2020-11-03T08:01:22","date_gmt":"2020-11-03T08:01:22","guid":{"rendered":"https:\/\/eliquidnicotine.co.uk\/?post_type=product&#038;p=19496"},"modified":"2024-08-13T11:06:37","modified_gmt":"2024-08-13T10:06:37","slug":"t-juice-red-astaire","status":"publish","type":"product","link":"https:\/\/eliquidnicotine.co.uk\/de\/shop\/t-juice-red-astaire\/","title":{"rendered":"T-Juice Roter Astaire"},"content":{"rendered":"<p>Red Astaire e-liquid von T-Juice ist eine kontrastreiche Mischung aus s\u00fc\u00dfen und w\u00fcrzigen, gut ausgewogenen Aromen. Beim Inhalieren sind ein blumiger Anis, s\u00fc\u00dfe Mischbeeren und bittere Trauben vorhanden, bevor ein k\u00fchlender Menthol- und Eukalyptus-Nachgeschmack eine komplexe, geschichtete Mischung erzeugt.<\/p>\n<p>Red Astaire e-liquid ist in 10ml-Flaschen mit den Nikotinst\u00e4rken 0mg, 3mg, 6mg, 12mg und 18mg erh\u00e4ltlich, wobei niedrigere St\u00e4rken einen weicheren Kehlkopfschlag bewirken, im Gegensatz zu einem gr\u00f6beren Gef\u00fchl bei h\u00f6heren St\u00e4rken. Mit einem VG-Verh\u00e4ltnis von 50% ist diese E-Fl\u00fcssigkeit ideal f\u00fcr einen klaren Geschmack mit minimaler Tr\u00fcbung, wenn sie in einem Starterkit oder Pod-Ger\u00e4t verwendet wird.<\/p>\n<p>T-Juice ist ein britischer Hersteller, der f\u00fcr seine einzigartigen und dennoch schmackhaften Mischungen bekannt ist.<\/p>\n<p>10ml E-Fl\u00fcssigkeitsflaschen<br \/>\n50% VG \/ 50% PG<br \/>\nNikotinst\u00e4rken von 0mg, 3mg, 6mg, 12mg &amp; 18mg<br \/>\nKonzipiert f\u00fcr Starter-Kits und Pod-Ger\u00e4te<br \/>\nTPD-konform<br \/>\nHergestellt in Gro\u00dfbritannien<br \/>\nKindersichere Kappe<br \/>\nManipulationssicheres Siegel<\/p>","protected":false},"excerpt":{"rendered":"<p>Wichtige Geschmacksrichtungen: Rote Beeren | Menthol | Anis<br \/>\nT-Juice ist stolz auf unser fantastisches Flaggschiff, Red Astaire! Dieser klassische E-Liquid beginnt mit dem \u00fcppigen Geschmack reifer roter Beeren, schwarzer Trauben und s\u00fc\u00dfem Eukalyptus, gefolgt von einem warmen Kick von Anis und endet mit einem k\u00fchlen Menthol-Finish. Dieser ikonische E-Liquid ist ein echter \"Goldl\u00f6ckchen\"-Geschmack, perfekt zum Verdampfen, den ganzen Tag lang!<\/p>","protected":false},"featured_media":19549,"comment_status":"open","ping_status":"closed","template":"","meta":{"_acf_changed":false,"_genesis_hide_title":false,"_genesis_hide_breadcrumbs":false,"_genesis_hide_singular_image":false,"_genesis_hide_footer_widgets":false,"_genesis_custom_body_class":"","_genesis_custom_post_class":"","_genesis_layout":""},"product_brand":[],"product_cat":[541],"product_tag":[],"class_list":{"1":"product","2":"type-product","6":"product_cat-t-juice","7":"entry","9":"first","10":"outofstock","11":"taxable","12":"shipping-taxable","13":"purchasable","14":"product-type-variable"},"acf":[],"_links":{"self":[{"href":"https:\/\/eliquidnicotine.co.uk\/de\/wp-json\/wp\/v2\/product\/19496","targetHints":{"allow":["GET"]}}],"collection":[{"href":"https:\/\/eliquidnicotine.co.uk\/de\/wp-json\/wp\/v2\/product"}],"about":[{"href":"https:\/\/eliquidnicotine.co.uk\/de\/wp-json\/wp\/v2\/types\/product"}],"replies":[{"embeddable":true,"href":"https:\/\/eliquidnicotine.co.uk\/de\/wp-json\/wp\/v2\/comments?post=19496"}],"wp:featuredmedia":[{"embeddable":true,"href":"https:\/\/eliquidnicotine.co.uk\/de\/wp-json\/wp\/v2\/media\/19549"}],"wp:attachment":[{"href":"https:\/\/eliquidnicotine.co.uk\/de\/wp-json\/wp\/v2\/media?parent=19496"}],"wp:term":[{"taxonomy":"product_brand","embeddable":true,"href":"https:\/\/eliquidnicotine.co.uk\/de\/wp-json\/wp\/v2\/product_brand?post=19496"},{"taxonomy":"product_cat","embeddable":true,"href":"https:\/\/eliquidnicotine.co.uk\/de\/wp-json\/wp\/v2\/product_cat?post=19496"},{"taxonomy":"product_tag","embeddable":true,"href":"https:\/\/eliquidnicotine.co.uk\/de\/wp-json\/wp\/v2\/product_tag?post=19496"}],"curies":[{"name":"wp","href":"https:\/\/api.w.org\/{rel}","templated":true}]}}