{"id":19497,"date":"2020-11-02T14:13:01","date_gmt":"2020-11-02T14:13:01","guid":{"rendered":"https:\/\/eliquidnicotine.co.uk\/?post_type=product&#038;p=19497"},"modified":"2024-08-13T11:06:37","modified_gmt":"2024-08-13T10:06:37","slug":"t-juice-clara-t","status":"publish","type":"product","link":"https:\/\/eliquidnicotine.co.uk\/de\/shop\/t-juice-clara-t\/","title":{"rendered":"T-Juice Clara T"},"content":{"rendered":"<p>Stolz gemacht in Gro\u00dfbritannien<br \/>\n- Erh\u00e4ltlich in 10ml- und 30ml-Flaschen<br \/>\n- Ein gleiches VG\/PG-Verh\u00e4ltnis<br \/>\n- Hat eine kindersichere Kappe<br \/>\n- Kindersichere Kappe<\/p>\n<p>T-Juice stellt seine gesamte E-Fl\u00fcssigkeitssammlung in Gro\u00dfbritannien her. Wir greifen auch auf vertrauensw\u00fcrdige britische Lieferanten zur\u00fcck, um Nikotin und Verd\u00fcnnungsmittel pharmazeutischer Qualit\u00e4t f\u00fcr die Herstellung jedes unserer E-Fl\u00fcssigkeitsprodukte zu beziehen.<\/p>\n<p>Unser Katalog ist v\u00f6llig frei von Inhaltsstoffen, die durch europ\u00e4ische Vorschriften verboten sind. Wir testen unsere Produkte auch gegen eine breitere interne Liste von Negativen, die auf aktuellen wissenschaftlichen Erkenntnissen beruht. Abschlie\u00dfend m\u00f6chten wir Sie wissen lassen, dass T-Juice sich verpflichtet hat, Ihnen die qualitativ hochwertigste E-Fl\u00fcssigkeit zu liefern und alle regulatorischen Standards zu erf\u00fcllen.<\/p>","protected":false},"excerpt":{"rendered":"<p>Wichtige Geschmacksrichtungen: Rote Beeren | Traube | Menthol<br \/>\nClara T behauptet sich mit dem T-Juice Riesen Red Astaire mit seiner Wendung zu einem klassischen E-Fl\u00fcssigkeitsgeschmack. Clara T enth\u00e4lt einen subtileren Hauch von Anis und etwas mehr Frische im Geschmack seiner gr\u00fcnen Trauben. Diese E-Fl\u00fcssigkeit wird Ihre Geschmacksknospen erfreuen und k\u00f6nnte die Alternative zum Red Astaire sein, nach der Sie gesucht haben.<\/p>","protected":false},"featured_media":19547,"comment_status":"open","ping_status":"closed","template":"","meta":{"_acf_changed":false,"_genesis_hide_title":false,"_genesis_hide_breadcrumbs":false,"_genesis_hide_singular_image":false,"_genesis_hide_footer_widgets":false,"_genesis_custom_body_class":"","_genesis_custom_post_class":"","_genesis_layout":""},"product_brand":[],"product_cat":[541],"product_tag":[],"class_list":{"1":"product","2":"type-product","6":"product_cat-t-juice","7":"entry","9":"first","10":"outofstock","11":"taxable","12":"shipping-taxable","13":"purchasable","14":"product-type-variable"},"acf":[],"_links":{"self":[{"href":"https:\/\/eliquidnicotine.co.uk\/de\/wp-json\/wp\/v2\/product\/19497","targetHints":{"allow":["GET"]}}],"collection":[{"href":"https:\/\/eliquidnicotine.co.uk\/de\/wp-json\/wp\/v2\/product"}],"about":[{"href":"https:\/\/eliquidnicotine.co.uk\/de\/wp-json\/wp\/v2\/types\/product"}],"replies":[{"embeddable":true,"href":"https:\/\/eliquidnicotine.co.uk\/de\/wp-json\/wp\/v2\/comments?post=19497"}],"wp:featuredmedia":[{"embeddable":true,"href":"https:\/\/eliquidnicotine.co.uk\/de\/wp-json\/wp\/v2\/media\/19547"}],"wp:attachment":[{"href":"https:\/\/eliquidnicotine.co.uk\/de\/wp-json\/wp\/v2\/media?parent=19497"}],"wp:term":[{"taxonomy":"product_brand","embeddable":true,"href":"https:\/\/eliquidnicotine.co.uk\/de\/wp-json\/wp\/v2\/product_brand?post=19497"},{"taxonomy":"product_cat","embeddable":true,"href":"https:\/\/eliquidnicotine.co.uk\/de\/wp-json\/wp\/v2\/product_cat?post=19497"},{"taxonomy":"product_tag","embeddable":true,"href":"https:\/\/eliquidnicotine.co.uk\/de\/wp-json\/wp\/v2\/product_tag?post=19497"}],"curies":[{"name":"wp","href":"https:\/\/api.w.org\/{rel}","templated":true}]}}