{"id":19498,"date":"2020-11-02T14:08:22","date_gmt":"2020-11-02T14:08:22","guid":{"rendered":"https:\/\/eliquidnicotine.co.uk\/?post_type=product&#038;p=19498"},"modified":"2024-08-13T11:06:37","modified_gmt":"2024-08-13T10:06:37","slug":"t-juice-strawberri","status":"publish","type":"product","link":"https:\/\/eliquidnicotine.co.uk\/de\/shop\/t-juice-strawberri\/","title":{"rendered":"T-Juice Strawberri"},"content":{"rendered":"<p>Strawberri T-Juice e-liquid<br \/>\nDer stolze britische Produzent T-Saft bringt diese Erdbeere nach Deutschland.<\/p>\n<p>TJuice Vape Juice S\u00e4fte sind auf dem deutschen Markt dank ihrer perfekten Mischungen, erstklassigen Aromen und nur hochwertigsten Zutaten sehr beliebt.<\/p>\n<p>Stawberri mit dem richtigen Geschmack von Strawberry Vape Juice. T-Juice Strawberri ist eine Mischung aus Erdbeeren und einem kleinen St\u00fcck Himbeeren.<\/p>\n<p>Dieser Tjuice Eliquid ist ein sehr, sehr fruchtig aromatisierter Saft.<\/p>\n<p>Wenn Sie Vape E-Liquids mit Erdbeergeschmack m\u00f6gen, ist Strawberri by T-juice Ihr n\u00e4chster Vape E-Liquid f\u00fcr den ganzen Tag.<\/p>\n<p>Die wichtigsten Geschmacksrichtungen von T-Saft-Vape-Saft : T-Saft Erdbeere, Himbeere<br \/>\nVG PG VERH\u00c4LTNIS VON T-Saft E-Fl\u00fcssigkeiten: 50VG\/50PG<br \/>\nGr\u00f6\u00dfe des T-Saftes: 10 ml E-Fl\u00fcssigkeitsflasche, hergestellt in Gro\u00dfbritannien<\/p>","protected":false},"excerpt":{"rendered":"<p>Wichtige Geschmacksrichtungen: Erdbeere | Himbeere | Sahne<br \/>\nErdbeeren mit einem Hauch von Sahne und einer hohen Himbeernote machen dies zu einer unserer Lieblingsfruchtaromen. F\u00fcr viele Fruchtliebhaber in ganz Europa ist dieser Geschmack wie eine moderne Vape-Version von Erdbeercremes - perfekt, um den ganzen Tag zu verdampfen!<\/p>","protected":false},"featured_media":19552,"comment_status":"open","ping_status":"closed","template":"","meta":{"_acf_changed":false,"_genesis_hide_title":false,"_genesis_hide_breadcrumbs":false,"_genesis_hide_singular_image":false,"_genesis_hide_footer_widgets":false,"_genesis_custom_body_class":"","_genesis_custom_post_class":"","_genesis_layout":""},"product_brand":[],"product_cat":[541],"product_tag":[],"class_list":{"1":"product","2":"type-product","6":"product_cat-t-juice","7":"entry","9":"first","10":"outofstock","11":"taxable","12":"shipping-taxable","13":"purchasable","14":"product-type-variable"},"acf":[],"_links":{"self":[{"href":"https:\/\/eliquidnicotine.co.uk\/de\/wp-json\/wp\/v2\/product\/19498","targetHints":{"allow":["GET"]}}],"collection":[{"href":"https:\/\/eliquidnicotine.co.uk\/de\/wp-json\/wp\/v2\/product"}],"about":[{"href":"https:\/\/eliquidnicotine.co.uk\/de\/wp-json\/wp\/v2\/types\/product"}],"replies":[{"embeddable":true,"href":"https:\/\/eliquidnicotine.co.uk\/de\/wp-json\/wp\/v2\/comments?post=19498"}],"wp:featuredmedia":[{"embeddable":true,"href":"https:\/\/eliquidnicotine.co.uk\/de\/wp-json\/wp\/v2\/media\/19552"}],"wp:attachment":[{"href":"https:\/\/eliquidnicotine.co.uk\/de\/wp-json\/wp\/v2\/media?parent=19498"}],"wp:term":[{"taxonomy":"product_brand","embeddable":true,"href":"https:\/\/eliquidnicotine.co.uk\/de\/wp-json\/wp\/v2\/product_brand?post=19498"},{"taxonomy":"product_cat","embeddable":true,"href":"https:\/\/eliquidnicotine.co.uk\/de\/wp-json\/wp\/v2\/product_cat?post=19498"},{"taxonomy":"product_tag","embeddable":true,"href":"https:\/\/eliquidnicotine.co.uk\/de\/wp-json\/wp\/v2\/product_tag?post=19498"}],"curies":[{"name":"wp","href":"https:\/\/api.w.org\/{rel}","templated":true}]}}