{"id":21504,"date":"2021-08-11T11:29:40","date_gmt":"2021-08-11T11:29:40","guid":{"rendered":"https:\/\/eliquidnicotine.co.uk\/?post_type=product&#038;p=21504"},"modified":"2025-01-24T11:08:16","modified_gmt":"2025-01-24T10:08:16","slug":"pure-nicotine","status":"publish","type":"product","link":"https:\/\/eliquidnicotine.co.uk\/de\/shop\/reines-nikotin\/","title":{"rendered":"Reines Nikotin"},"content":{"rendered":"<p><a href=\"https:\/\/eliquidnicotine.co.uk\/wp-content\/uploads\/2021\/08\/COA-216.-kopie.pdf\">COA-216. Zertifikat der Analyse<\/a><br \/>\n1000 mg\/ml Reines Nikotin f\u00fcr die Herstellung von E-Liquids.<\/p>","protected":false},"excerpt":{"rendered":"<p>Reines Nikotin f\u00fcr die Herstellung von E-Liquids nur f\u00fcr qualifizierte K\u00e4ufer, pro KG.<br \/>\nKlare Fl\u00fcssigkeit, die gek\u00fchlt aufbewahrt werden sollte. Bitte mit Vorsicht behandeln, Nikotin ist eine giftige Fl\u00fcssigkeit.<br \/>\n<strong>Das Produkt ist auf Lager, Preise bitte per E-Mail erfragen. Dieses Produkt kann nur von Kunden mit g\u00fcltiger MwSt.-Nummer erworben werden.<\/strong><\/p>","protected":false},"featured_media":14828,"comment_status":"open","ping_status":"closed","template":"","meta":{"_acf_changed":false,"_genesis_hide_title":false,"_genesis_hide_breadcrumbs":false,"_genesis_hide_singular_image":false,"_genesis_hide_footer_widgets":false,"_genesis_custom_body_class":"","_genesis_custom_post_class":"","_genesis_layout":""},"product_brand":[],"product_cat":[571],"product_tag":[],"class_list":{"1":"product","2":"type-product","6":"product_cat-wholesale","7":"entry","9":"first","10":"instock","11":"taxable","12":"shipping-taxable","13":"purchasable","14":"product-type-variable"},"acf":[],"_links":{"self":[{"href":"https:\/\/eliquidnicotine.co.uk\/de\/wp-json\/wp\/v2\/product\/21504","targetHints":{"allow":["GET"]}}],"collection":[{"href":"https:\/\/eliquidnicotine.co.uk\/de\/wp-json\/wp\/v2\/product"}],"about":[{"href":"https:\/\/eliquidnicotine.co.uk\/de\/wp-json\/wp\/v2\/types\/product"}],"replies":[{"embeddable":true,"href":"https:\/\/eliquidnicotine.co.uk\/de\/wp-json\/wp\/v2\/comments?post=21504"}],"wp:featuredmedia":[{"embeddable":true,"href":"https:\/\/eliquidnicotine.co.uk\/de\/wp-json\/wp\/v2\/media\/14828"}],"wp:attachment":[{"href":"https:\/\/eliquidnicotine.co.uk\/de\/wp-json\/wp\/v2\/media?parent=21504"}],"wp:term":[{"taxonomy":"product_brand","embeddable":true,"href":"https:\/\/eliquidnicotine.co.uk\/de\/wp-json\/wp\/v2\/product_brand?post=21504"},{"taxonomy":"product_cat","embeddable":true,"href":"https:\/\/eliquidnicotine.co.uk\/de\/wp-json\/wp\/v2\/product_cat?post=21504"},{"taxonomy":"product_tag","embeddable":true,"href":"https:\/\/eliquidnicotine.co.uk\/de\/wp-json\/wp\/v2\/product_tag?post=21504"}],"curies":[{"name":"wp","href":"https:\/\/api.w.org\/{rel}","templated":true}]}}