{"id":21979,"date":"2022-05-16T11:13:44","date_gmt":"2022-05-16T11:13:44","guid":{"rendered":"https:\/\/eliquidnicotine.co.uk\/?post_type=product&#038;p=21979"},"modified":"2026-01-12T09:00:11","modified_gmt":"2026-01-12T08:00:11","slug":"200-mg-ml-hybrid-nicotine","status":"publish","type":"product","link":"https:\/\/eliquidnicotine.co.uk\/de\/shop\/200-mg-ml-hybrid-nikotin\/","title":{"rendered":"200 mg\/ml Hybrid-Nikotin"},"content":{"rendered":"<p>Hybrid ist die neue Nikotinbasis, mit der Sie jetzt die Vorteile beider Nikotinarten kombinieren k\u00f6nnen. Freebase gibt eine gr\u00f6\u00dfere Kehle hit, Salze sind weicher, so k\u00f6nnen Sie einen h\u00f6heren Nikotingehalt ohne die H\u00e4rte der Freebase Nikotin verdampfen.<\/p>\n<p>Reines Freebase-Nikotin in USP\/EP-Qualit\u00e4t mit einer Reinheit von mehr als 99%. Reines Freebase-Nikotin in Premiumqualit\u00e4t f\u00fcr die Herstellung von E-Liquids. Nat\u00fcrliche, kristallklare und geruchlose Fl\u00fcssigkeit aus Tabakbl\u00e4ttern extrahiert.<br \/>\nNicSalt-Benzoate - Nikotinsalz-Benzoat sorgt f\u00fcr eine l\u00e4ngere und st\u00e4rkere Nikotinwirkung als herk\u00f6mmliche E-Liquids.<\/p>","protected":false},"excerpt":{"rendered":"<p>200 mg\/ml Hybrid 50% Freebase 50% Salze Benzoat<\/p>","protected":false},"featured_media":18951,"comment_status":"open","ping_status":"closed","template":"","meta":{"_acf_changed":false,"_genesis_hide_title":false,"_genesis_hide_breadcrumbs":false,"_genesis_hide_singular_image":false,"_genesis_hide_footer_widgets":false,"_genesis_custom_body_class":"","_genesis_custom_post_class":"","_genesis_layout":""},"product_brand":[],"product_cat":[572,242,571],"product_tag":[],"class_list":{"1":"product","2":"type-product","6":"product_cat-e-liquid-base","7":"product_cat-nicotine-liquid","8":"product_cat-wholesale","9":"entry","11":"first","12":"instock","13":"taxable","14":"shipping-taxable","15":"purchasable","16":"product-type-variable"},"acf":[],"_links":{"self":[{"href":"https:\/\/eliquidnicotine.co.uk\/de\/wp-json\/wp\/v2\/product\/21979","targetHints":{"allow":["GET"]}}],"collection":[{"href":"https:\/\/eliquidnicotine.co.uk\/de\/wp-json\/wp\/v2\/product"}],"about":[{"href":"https:\/\/eliquidnicotine.co.uk\/de\/wp-json\/wp\/v2\/types\/product"}],"replies":[{"embeddable":true,"href":"https:\/\/eliquidnicotine.co.uk\/de\/wp-json\/wp\/v2\/comments?post=21979"}],"wp:featuredmedia":[{"embeddable":true,"href":"https:\/\/eliquidnicotine.co.uk\/de\/wp-json\/wp\/v2\/media\/18951"}],"wp:attachment":[{"href":"https:\/\/eliquidnicotine.co.uk\/de\/wp-json\/wp\/v2\/media?parent=21979"}],"wp:term":[{"taxonomy":"product_brand","embeddable":true,"href":"https:\/\/eliquidnicotine.co.uk\/de\/wp-json\/wp\/v2\/product_brand?post=21979"},{"taxonomy":"product_cat","embeddable":true,"href":"https:\/\/eliquidnicotine.co.uk\/de\/wp-json\/wp\/v2\/product_cat?post=21979"},{"taxonomy":"product_tag","embeddable":true,"href":"https:\/\/eliquidnicotine.co.uk\/de\/wp-json\/wp\/v2\/product_tag?post=21979"}],"curies":[{"name":"wp","href":"https:\/\/api.w.org\/{rel}","templated":true}]}}