{"id":22264,"date":"2021-10-29T12:02:13","date_gmt":"2021-10-29T12:02:13","guid":{"rendered":"https:\/\/eliquidnicotine.co.uk\/?post_type=product&#038;p=22264"},"modified":"2025-04-02T15:31:15","modified_gmt":"2025-04-02T14:31:15","slug":"capella-banana-split","status":"publish","type":"product","link":"https:\/\/eliquidnicotine.co.uk\/de\/shop\/capella-banana-split\/","title":{"rendered":"Capella Bananensplit"},"content":{"rendered":"<p>Capella Banana Split Concentrate gibt den Geschmack des klassischen Desserts mit einer k\u00f6stlichen Mischung aus frischen Bananen und cremiger Vanilleeiscreme wieder. Dieses Konzentrat kann verwendet werden, um eine k\u00f6stliche vape zu machen, sondern ist auch vielseitig genug, um in Kuchen und Dessert Rezepte verwendet werden; siehe unten f\u00fcr eine k\u00f6stliche Dessert Rezept mit Capella Banana Split Concentrate.<\/p>\n<p>Anweisungen zum Mischen<\/p>\n<p>Banana Split von Capella ist ein ziemlich starker Geschmack. Wir empfehlen, es je nach Geschmack zwischen 5% und 10% zu mischen. Es ist jedoch ratsam, mit einem niedrigen Prozentsatz zu beginnen, da der Geschmack mit der Zeit deutlich intensiver wird, wenn man ihn stehen l\u00e4sst.<\/p>\n<p>Rezept-Ideen<\/p>\n<p>Bananensplit mit Sahne und Karamellsauce:<\/p>\n<p>5% Capella Bananensplit<\/p>\n<p>3% Parf\u00fcmeur-Lehrling Karamell-Toffee<\/p>\n<p>3% Parf\u00fcmeur-Lehrling Vanille-Bohnen-Eiscreme<\/p>\n<p>4% Capella Schlagsahne Vanille<\/p>\n<p>Dieses Bananensplit-Rezept ist eine gelungene Mischung aus Banane, Sahne, Eiscreme und s\u00fc\u00dfer Karamellsauce. Wenn die Mischung durchzieht, kommt der Bananengeschmack richtig zur Geltung. Das Rezept ist sehr vielseitig. Die Karamellso\u00dfe kann durch Schokoladen-Fondant-So\u00dfe ersetzt werden, indem die Karamellen durch Capella Chocolate Fudge Brownie V2 ersetzt werden. Um den Bananengeschmack zu intensivieren und gleichzeitig die cremigen Noten zu erhalten, k\u00f6nnen Sie Perfumer's Apprentice Banana Cream hinzuf\u00fcgen.<\/p>\n<p>Dies sind nur unsere groben Ideen und die Ergebnisse von Experimenten, und wir sind sicher, Sie haben Ihre eigenen gro\u00dfartigen Rezepte, einschlie\u00dflich Banana Split von Capella.<\/p>\n<p>F\u00fcgen Sie Ihre Lieblingsrezepte oder Variationen der oben genannten Rezepte in den Kommentaren unten hinzu. Wir freuen uns darauf, von Ihnen zu h\u00f6ren.<\/p>\n<p>Empfohlener Mischungsanteil: 10%.<\/p>\n<p>Empfohlene Infusionsdauer: 2 - 3 Wochen<\/p>\n<p>Die Konzentrate von Capella geh\u00f6ren zu den besten der Welt und genie\u00dfen einen wohlverdienten Ruf unter den DIY-Vapern. Der Name Capella ist weltbekannt f\u00fcr eine breite Palette von gro\u00dfartig schmeckenden Aromen, die mit den besten Zutaten in ihrer Produktionsst\u00e4tte in Kalifornien, USA, hergestellt werden. Alle Capella-Aromakonzentrate erf\u00fcllen die strengsten Qualit\u00e4ts- und Reinheitsstandards, die vom Staat Kalifornien festgelegt wurden.<\/p>\n<p>Inhaltsstoffe<\/p>\n<p>Nat\u00fcrliche und k\u00fcnstliche Aromastoffe, Propylenglykol.<\/p>\n<p>Anmerkungen<\/p>\n<p>Wir empfehlen, die meisten Capella-Konzentrate anfangs mit etwa 15% zu mischen und dann nach Ihrem pers\u00f6nlichen Geschmack anzupassen.<br \/>\nAlle Capella-Konzentrate sind PG-basiert.<br \/>\nWir kaufen Gallonengr\u00f6\u00dfen direkt von Capella (in den USA) und f\u00fcllen sie in 10ml, 100ml und 500ml Flaschen ab.<br \/>\nZwischen verschiedenen Chargen desselben Aromas kann es zu deutlichen Farbunterschieden kommen. Dies ist ein nat\u00fcrliches Ergebnis des Prozesses der Aromaherstellung.<br \/>\nDies ist ein konzentrierter Aromastoff zum Mischen in DIY-E-Liquid. Es darf nicht unverd\u00fcnnt verdampft werden. Alle Capella-Aromakonzentrate sind auf PG-Basis.<br \/>\nGesundheit und Sicherheit<\/p>\n<p>Wir empfehlen, beim Mischen von E-Liquid geeignete Schutzkleidung, chemikalienbest\u00e4ndige Handschuhe, Atemschutz und eine Schutzbrille zu tragen.<\/p>","protected":false},"excerpt":{"rendered":"<p>Capella Banana Split Concentrate ist eine k\u00f6stliche Mischung aus frischen Bananen und cremigem Vanilleeis, die den Geschmack des klassischen Desserts nachbildet.<br \/>\nNicht ohne Verd\u00fcnnung verdampfen.<\/p>","protected":false},"featured_media":22286,"comment_status":"open","ping_status":"closed","template":"","meta":{"_acf_changed":false,"_genesis_hide_title":false,"_genesis_hide_breadcrumbs":false,"_genesis_hide_singular_image":false,"_genesis_hide_footer_widgets":false,"_genesis_custom_body_class":"","_genesis_custom_post_class":"","_genesis_layout":""},"product_brand":[],"product_cat":[398],"product_tag":[],"class_list":{"1":"product","2":"type-product","6":"product_cat-capella-flavours-for-self-mixing-10-30-and-50-ml","7":"entry","9":"first","10":"instock","11":"taxable","12":"shipping-taxable","13":"purchasable","14":"product-type-variable"},"acf":[],"_links":{"self":[{"href":"https:\/\/eliquidnicotine.co.uk\/de\/wp-json\/wp\/v2\/product\/22264","targetHints":{"allow":["GET"]}}],"collection":[{"href":"https:\/\/eliquidnicotine.co.uk\/de\/wp-json\/wp\/v2\/product"}],"about":[{"href":"https:\/\/eliquidnicotine.co.uk\/de\/wp-json\/wp\/v2\/types\/product"}],"replies":[{"embeddable":true,"href":"https:\/\/eliquidnicotine.co.uk\/de\/wp-json\/wp\/v2\/comments?post=22264"}],"wp:featuredmedia":[{"embeddable":true,"href":"https:\/\/eliquidnicotine.co.uk\/de\/wp-json\/wp\/v2\/media\/22286"}],"wp:attachment":[{"href":"https:\/\/eliquidnicotine.co.uk\/de\/wp-json\/wp\/v2\/media?parent=22264"}],"wp:term":[{"taxonomy":"product_brand","embeddable":true,"href":"https:\/\/eliquidnicotine.co.uk\/de\/wp-json\/wp\/v2\/product_brand?post=22264"},{"taxonomy":"product_cat","embeddable":true,"href":"https:\/\/eliquidnicotine.co.uk\/de\/wp-json\/wp\/v2\/product_cat?post=22264"},{"taxonomy":"product_tag","embeddable":true,"href":"https:\/\/eliquidnicotine.co.uk\/de\/wp-json\/wp\/v2\/product_tag?post=22264"}],"curies":[{"name":"wp","href":"https:\/\/api.w.org\/{rel}","templated":true}]}}