{"id":22265,"date":"2021-10-29T12:04:31","date_gmt":"2021-10-29T11:04:31","guid":{"rendered":"https:\/\/eliquidnicotine.co.uk\/?post_type=product&#038;p=22265"},"modified":"2025-10-07T10:20:21","modified_gmt":"2025-10-07T09:20:21","slug":"capella-bavarian-cream","status":"publish","type":"product","link":"https:\/\/eliquidnicotine.co.uk\/de\/shop\/capella-bavarian-cream\/","title":{"rendered":"Capella Bayerische Creme"},"content":{"rendered":"<p>Capella Bayerisches Sahnekonzentrat hat einen reichhaltigen und cremigen Geschmack, der von der franz\u00f6sischen Nachspeise inspiriert ist. Sein Geschmack erinnert ein wenig an Pudding, hat aber eine cremigere Textur und reiche Untert\u00f6ne. Capella Bayerisches Sahnekonzentrat ist die ideale Erg\u00e4nzung f\u00fcr jedes Dessertrezept, da dieses Aroma tiefe und weiche Noten von Sahne mit einem leichten Unterton von S\u00fc\u00dfe bietet. Capella Bavarian Cream wird f\u00fcr die Verwendung mit anderen Sahne- und Beerenaromen empfohlen und ist ein perfekter Ausgangspunkt f\u00fcr jede komplexe Dessert-DIY-Mischung.<\/p>\n<p>Anweisungen zum Mischen<\/p>\n<p>Capella Bavarian Cream ist ein starkes Aroma, das andere Elemente in einer Mischung \u00fcberw\u00e4ltigen kann und daher sparsam verwendet werden sollte. Wir empfehlen, je nach Geschmack zwischen 2% und 8% zu mischen. Es ist jedoch ratsam, mit einem niedrigen Prozentsatz zu beginnen, da sich der Geschmack mit der Zeit deutlich intensiviert, wenn er aufweicht.<\/p>\n<p>Rezept-Ideen<\/p>\n<p>Sahnekrapfen<\/p>\n<p>10% Capella glasierter Krapfen<\/p>\n<p>2% Capella Bayerische Creme<\/p>\n<p>3% Perfumer's Apprentice Schlagsahne<\/p>\n<p>Dieses Rezept ist eine subtile Mischung aus Krapfen mit einem Hauch von Zimt und reichhaltiger Sahne. Die Sahne sorgt f\u00fcr einen vollen Geschmack, der den s\u00fc\u00dfen Krapfen ausgleicht und die ganze Mischung zusammenh\u00e4lt. Das Rezept kann durch die Zugabe einer beliebigen Anzahl von Fruchtaromen wie Capella Sweet Strawberry RF, Vapable Blueberry, Perfumer's Apprentice Green Apple oder Flavour West Raspberry (Natural) weiter verfeinert werden.<\/p>\n<p>Dies sind nur unsere groben Ideen und die Ergebnisse von Experimenten und wir sind sicher, dass Sie Ihre eigenen gro\u00dfartigen Rezepte haben, einschlie\u00dflich der Bayerischen Creme von Capella.<\/p>\n<p>Teilen Sie uns Ihre Lieblingsrezepte oder Variationen der oben genannten Rezepte in den Kommentaren mit. Wir w\u00fcrden uns freuen, von Ihnen zu h\u00f6ren.<\/p>\n<p>Empfohlener Mischungsanteil: 5%.<\/p>\n<p>Empfohlene Infusionsdauer: 4 Wochen<\/p>\n<p>Die Konzentrate von Capella geh\u00f6ren zu den besten der Welt und genie\u00dfen einen wohlverdienten Ruf unter den DIY-Vapern. Der Name Capella ist weltbekannt f\u00fcr eine breite Palette von gro\u00dfartig schmeckenden Aromen, die mit den besten Zutaten in ihrer Produktionsst\u00e4tte in Kalifornien, USA, hergestellt werden. Alle Capella-Aromakonzentrate erf\u00fcllen die strengsten Qualit\u00e4ts- und Reinheitsstandards, die vom Staat Kalifornien festgelegt wurden.<\/p>\n<p>Inhaltsstoffe<\/p>\n<p>Nat\u00fcrliche und k\u00fcnstliche Aromastoffe, Propylenglykol, Alkohol.<\/p>\n<p>Anmerkungen<\/p>\n<p>Wir empfehlen, die meisten Capella-Konzentrate anfangs mit etwa 15% zu mischen und dann nach Ihrem pers\u00f6nlichen Geschmack anzupassen.<br \/>\nAlle Capella-Konzentrate sind PG-basiert.<br \/>\nWir kaufen Gallonengr\u00f6\u00dfen direkt von Capella (in den USA) und f\u00fcllen sie in 10ml, 100ml und 500ml Flaschen ab.<br \/>\nZwischen verschiedenen Chargen desselben Aromas kann es zu deutlichen Farbunterschieden kommen. Dies ist ein nat\u00fcrliches Ergebnis des Prozesses der Aromaherstellung.<br \/>\nDies ist ein konzentrierter Aromastoff zum Mischen in DIY-E-Liquid. Es darf nicht unverd\u00fcnnt verdampft werden. Alle Capella-Aromakonzentrate sind auf PG-Basis.<br \/>\nGesundheit und Sicherheit<\/p>\n<p>Wir empfehlen, beim Mischen von E-Liquid geeignete Schutzkleidung, chemikalienbest\u00e4ndige Handschuhe, Atemschutz und eine Schutzbrille zu tragen.<\/p>","protected":false},"excerpt":{"rendered":"<p>Capella Bayerisches Sahnekonzentrat ist der franz\u00f6sischen S\u00fc\u00dfspeise nachempfunden und zeichnet sich durch seinen weichen, cremigen Geschmack und seine reichhaltigen Untert\u00f6ne aus.<br \/>\nNicht ohne Verd\u00fcnnung verdampfen.<\/p>","protected":false},"featured_media":22285,"comment_status":"open","ping_status":"closed","template":"","meta":{"_acf_changed":false,"_genesis_hide_title":false,"_genesis_hide_breadcrumbs":false,"_genesis_hide_singular_image":false,"_genesis_hide_footer_widgets":false,"_genesis_custom_body_class":"","_genesis_custom_post_class":"","_genesis_layout":""},"product_brand":[],"product_cat":[398],"product_tag":[],"class_list":{"1":"product","2":"type-product","6":"product_cat-capella-flavours-for-self-mixing-10-30-and-50-ml","7":"entry","9":"first","10":"instock","11":"taxable","12":"shipping-taxable","13":"purchasable","14":"product-type-variable"},"acf":[],"_links":{"self":[{"href":"https:\/\/eliquidnicotine.co.uk\/de\/wp-json\/wp\/v2\/product\/22265","targetHints":{"allow":["GET"]}}],"collection":[{"href":"https:\/\/eliquidnicotine.co.uk\/de\/wp-json\/wp\/v2\/product"}],"about":[{"href":"https:\/\/eliquidnicotine.co.uk\/de\/wp-json\/wp\/v2\/types\/product"}],"replies":[{"embeddable":true,"href":"https:\/\/eliquidnicotine.co.uk\/de\/wp-json\/wp\/v2\/comments?post=22265"}],"wp:featuredmedia":[{"embeddable":true,"href":"https:\/\/eliquidnicotine.co.uk\/de\/wp-json\/wp\/v2\/media\/22285"}],"wp:attachment":[{"href":"https:\/\/eliquidnicotine.co.uk\/de\/wp-json\/wp\/v2\/media?parent=22265"}],"wp:term":[{"taxonomy":"product_brand","embeddable":true,"href":"https:\/\/eliquidnicotine.co.uk\/de\/wp-json\/wp\/v2\/product_brand?post=22265"},{"taxonomy":"product_cat","embeddable":true,"href":"https:\/\/eliquidnicotine.co.uk\/de\/wp-json\/wp\/v2\/product_cat?post=22265"},{"taxonomy":"product_tag","embeddable":true,"href":"https:\/\/eliquidnicotine.co.uk\/de\/wp-json\/wp\/v2\/product_tag?post=22265"}],"curies":[{"name":"wp","href":"https:\/\/api.w.org\/{rel}","templated":true}]}}