{"id":22268,"date":"2021-10-29T12:20:02","date_gmt":"2021-10-29T12:20:02","guid":{"rendered":"https:\/\/eliquidnicotine.co.uk\/?post_type=product&#038;p=22268"},"modified":"2025-06-09T07:47:54","modified_gmt":"2025-06-09T06:47:54","slug":"capella-bubblegum","status":"publish","type":"product","link":"https:\/\/eliquidnicotine.co.uk\/de\/shop\/capella-kaugummi\/","title":{"rendered":"Kapella Kaugummi"},"content":{"rendered":"<p>Capella Bubblegum Flavour Concentrate reproduziert den einzigartigen Geschmack von s\u00fc\u00dfen, mit Bonbons \u00fcberzogenen Bubblegum-Kugeln. Capella Bubblegum Concentrate eignet sich hervorragend als eigenst\u00e4ndiges Aroma, aber wenn Sie in der Stimmung sind zu experimentieren, versuchen Sie, mehr Komplexit\u00e4t zu Ihrem E-Liquid mit anderen Aromen hinzuzuf\u00fcgen. Verwandeln Sie Ihren Lieblingsfruchtgeschmack in ein fruchtiges Bubblegum-Konfekt, indem Sie Capella Bubblegum Concentrate zu Ihrem selbstgemachten E-Liquid-Rezept hinzuf\u00fcgen und den Geschmack eines altmodischen S\u00fc\u00dfwarenladens nachempfinden. Bubblegum-Eis ist vielleicht nicht jedermanns Geschmack, aber vielleicht ist es einen Versuch wert?<\/p>\n<p>Empfohlenes Mischungsverh\u00e4ltnis: 15% - 20%.<\/p>\n<p>Empfohlene Ziehzeit: Shake n' Vape<\/p>\n<p>Die Konzentrate von Capella geh\u00f6ren zu den besten der Welt und genie\u00dfen einen wohlverdienten Ruf unter den DIY-Vapern. Der Name Capella ist weltbekannt f\u00fcr eine breite Palette von gro\u00dfartig schmeckenden Aromen, die mit den besten Zutaten in ihrer Produktionsst\u00e4tte in Kalifornien, USA, hergestellt werden. Alle Capella-Aromakonzentrate erf\u00fcllen die strengsten Qualit\u00e4ts- und Reinheitsstandards, die vom Staat Kalifornien festgelegt wurden.<\/p>\n<p>Inhaltsstoffe<\/p>\n<p>Nat\u00fcrliches Aroma, Propylenglykol.<\/p>\n<p>Anmerkungen<\/p>\n<p>Wir empfehlen, die meisten Capella-Konzentrate anfangs mit etwa 15% zu mischen und dann nach Ihrem pers\u00f6nlichen Geschmack anzupassen.<br \/>\nAlle Capella-Konzentrate sind PG-basiert.<br \/>\nWir kaufen Gallonengr\u00f6\u00dfen direkt von Capella (in den USA) und f\u00fcllen sie in 10ml, 100ml und 500ml Flaschen ab.<br \/>\nZwischen verschiedenen Chargen desselben Aromas kann es zu deutlichen Farbunterschieden kommen. Dies ist ein nat\u00fcrliches Ergebnis des Prozesses der Aromaherstellung.<br \/>\nDies ist ein konzentrierter Aromastoff zum Mischen in DIY-E-Liquid. Es darf nicht unverd\u00fcnnt verdampft werden. Alle Capella-Aromakonzentrate sind auf PG-Basis.<br \/>\nGesundheit und Sicherheit<\/p>\n<p>Wir empfehlen, beim Mischen von E-Liquid geeignete Schutzkleidung, chemikalienbest\u00e4ndige Handschuhe, Atemschutz und eine Schutzbrille zu tragen.<\/p>","protected":false},"excerpt":{"rendered":"<p>Capella Bubblegum Concentrate verleiht den einzigartigen Geschmack von s\u00fc\u00dfen, mit Bonbons \u00fcberzogenen Bubblegum-Kugeln.<br \/>\nNicht unverd\u00fcnnt verdampfen.<\/p>","protected":false},"featured_media":22278,"comment_status":"open","ping_status":"closed","template":"","meta":{"_acf_changed":false,"_genesis_hide_title":false,"_genesis_hide_breadcrumbs":false,"_genesis_hide_singular_image":false,"_genesis_hide_footer_widgets":false,"_genesis_custom_body_class":"","_genesis_custom_post_class":"","_genesis_layout":""},"product_brand":[],"product_cat":[398],"product_tag":[],"class_list":{"1":"product","2":"type-product","6":"product_cat-capella-flavours-for-self-mixing-10-30-and-50-ml","7":"entry","9":"first","10":"instock","11":"taxable","12":"shipping-taxable","13":"purchasable","14":"product-type-variable"},"acf":[],"_links":{"self":[{"href":"https:\/\/eliquidnicotine.co.uk\/de\/wp-json\/wp\/v2\/product\/22268","targetHints":{"allow":["GET"]}}],"collection":[{"href":"https:\/\/eliquidnicotine.co.uk\/de\/wp-json\/wp\/v2\/product"}],"about":[{"href":"https:\/\/eliquidnicotine.co.uk\/de\/wp-json\/wp\/v2\/types\/product"}],"replies":[{"embeddable":true,"href":"https:\/\/eliquidnicotine.co.uk\/de\/wp-json\/wp\/v2\/comments?post=22268"}],"wp:featuredmedia":[{"embeddable":true,"href":"https:\/\/eliquidnicotine.co.uk\/de\/wp-json\/wp\/v2\/media\/22278"}],"wp:attachment":[{"href":"https:\/\/eliquidnicotine.co.uk\/de\/wp-json\/wp\/v2\/media?parent=22268"}],"wp:term":[{"taxonomy":"product_brand","embeddable":true,"href":"https:\/\/eliquidnicotine.co.uk\/de\/wp-json\/wp\/v2\/product_brand?post=22268"},{"taxonomy":"product_cat","embeddable":true,"href":"https:\/\/eliquidnicotine.co.uk\/de\/wp-json\/wp\/v2\/product_cat?post=22268"},{"taxonomy":"product_tag","embeddable":true,"href":"https:\/\/eliquidnicotine.co.uk\/de\/wp-json\/wp\/v2\/product_tag?post=22268"}],"curies":[{"name":"wp","href":"https:\/\/api.w.org\/{rel}","templated":true}]}}