{"id":22270,"date":"2021-10-29T12:16:20","date_gmt":"2021-10-29T12:16:20","guid":{"rendered":"https:\/\/eliquidnicotine.co.uk\/?post_type=product&#038;p=22270"},"modified":"2025-04-02T15:30:56","modified_gmt":"2025-04-02T14:30:56","slug":"capella-apricot","status":"publish","type":"product","link":"https:\/\/eliquidnicotine.co.uk\/de\/shop\/capella-apricot\/","title":{"rendered":"Capella-Aprikose"},"content":{"rendered":"<p>Capella Aprikosenkonzentrat liefert den s\u00fc\u00dfen und saftigen Geschmack von saftigen, frischen Aprikosen. In eine frische, saftige Aprikose zu bei\u00dfen, ist eine der unaufdringlichsten Freuden des Lebens, und Capella Aprikosenkonzentrat gibt diesen Geschmack perfekt wieder. Dieses Konzentrat eignet sich hervorragend f\u00fcr sich selbst, kann aber auch zum Verfeinern einer Vielzahl anderer Rezepte verwendet werden. Probieren Sie Capella Aprikosenkonzentrat in einem hausgemachten Mandel-Aprikosen-K\u00e4sekuchen - siehe unten f\u00fcr Details.<\/p>\n<p>Anweisungen zum Mischen<\/p>\n<p>Die Aprikose von Capella ist ein eher milder Geschmack. Wir empfehlen, es zwischen 15% und 20% zu mischen. In Kombination mit anderen Fruchtaromen verleiht Aprikose vielen Mischungen einen starken Unterton, kann aber auch zu stark sein.<\/p>\n<p>Rezept-Ideen<\/p>\n<p>Mandel-Aprikosen-K\u00e4sekuchen:<\/p>\n<p>10% Capella Aprikose<\/p>\n<p>5% Lehrling des Parf\u00fcmeurs K\u00e4sekuchen mit Grahamkruste<\/p>\n<p>5% Parf\u00fcmeur-Lehrling Ger\u00f6stete Mandel<\/p>\n<p>Dieses K\u00e4sekuchenrezept ist eine milde Mischung aus s\u00fc\u00dfen Aprikosen und knusprigen Mandeln mit der zus\u00e4tzlichen reichhaltigen Cremigkeit von K\u00e4sekuchen und einer Grahamkruste als Basis.<\/p>\n<p>Dies sind nur unsere groben Ideen und die Ergebnisse von Experimenten, und wir sind sicher, dass Sie Ihre eigenen gro\u00dfartigen Rezepte haben, einschlie\u00dflich Apricot von Capella.<\/p>\n<p>F\u00fcgen Sie Ihre Lieblingsrezepte oder Variationen zu den oben genannten in den Kommentaren unten hinzu. Wir freuen uns darauf, von Ihnen zu h\u00f6ren.<\/p>\n<p>Empfohlener Mischungsanteil: 15%.<\/p>\n<p>Empfohlene Einweichzeit: 1 Woche<\/p>\n<p>Die Konzentrate von Capella geh\u00f6ren zu den besten der Welt und genie\u00dfen einen wohlverdienten Ruf unter den DIY-Vapern. Der Name Capella ist weltbekannt f\u00fcr eine riesige Auswahl an gro\u00dfartig schmeckenden Aromen, die mit den feinsten Zutaten in ihrer Produktionsst\u00e4tte in Kalifornien, USA, hergestellt werden. Alle Capella-Aromakonzentrate erf\u00fcllen die strengsten Qualit\u00e4ts- und Reinheitsstandards, die der Staat Kalifornien vorschreibt.<\/p>\n<p>Inhaltsstoffe<\/p>\n<p>Nat\u00fcrliche Aromen, Propylenglykol und Wasser.<\/p>\n<p>Anmerkungen<\/p>\n<p>Wir empfehlen, die meisten Capella-Konzentrate anfangs mit etwa 15% zu mischen und dann nach Ihrem pers\u00f6nlichen Geschmack anzupassen.<br \/>\nAlle Capella-Konzentrate sind PG-basiert.<br \/>\nWir kaufen Gallonengr\u00f6\u00dfen direkt von Capella (in den USA) und f\u00fcllen sie in 10ml, 100ml und 500ml Flaschen ab.<br \/>\nZwischen verschiedenen Chargen desselben Aromas kann es zu deutlichen Farbunterschieden kommen. Dies ist ein nat\u00fcrliches Ergebnis des Prozesses der Aromaherstellung.<br \/>\nEs handelt sich um ein konzentriertes Aroma, das in DIY-E-Liquid gemischt wird. Es sollte nicht ohne Verd\u00fcnnung verdampft werden. Alle Capella-Aromakonzentrate sind auf PG-Basis.<br \/>\nGesundheit und Sicherheit<\/p>\n<p>Wir empfehlen das Tragen von geeigneter Schutzkleidung, chemikalienbest\u00e4ndigen Handschuhen, Atemschutz und Schutzbrille beim Mischen von E-Liquid.<\/p>","protected":false},"excerpt":{"rendered":"<p>Capella Aprikosenkonzentrat liefert den s\u00fc\u00dfen und saftigen Geschmack von saftigen, frischen Aprikosen.<br \/>\nNicht unverd\u00fcnnt verdampfen.<\/p>","protected":false},"featured_media":22280,"comment_status":"open","ping_status":"closed","template":"","meta":{"_acf_changed":false,"_genesis_hide_title":false,"_genesis_hide_breadcrumbs":false,"_genesis_hide_singular_image":false,"_genesis_hide_footer_widgets":false,"_genesis_custom_body_class":"","_genesis_custom_post_class":"","_genesis_layout":""},"product_brand":[],"product_cat":[398],"product_tag":[],"class_list":{"1":"product","2":"type-product","6":"product_cat-capella-flavours-for-self-mixing-10-30-and-50-ml","7":"entry","9":"first","10":"instock","11":"taxable","12":"shipping-taxable","13":"purchasable","14":"product-type-variable"},"acf":[],"_links":{"self":[{"href":"https:\/\/eliquidnicotine.co.uk\/de\/wp-json\/wp\/v2\/product\/22270","targetHints":{"allow":["GET"]}}],"collection":[{"href":"https:\/\/eliquidnicotine.co.uk\/de\/wp-json\/wp\/v2\/product"}],"about":[{"href":"https:\/\/eliquidnicotine.co.uk\/de\/wp-json\/wp\/v2\/types\/product"}],"replies":[{"embeddable":true,"href":"https:\/\/eliquidnicotine.co.uk\/de\/wp-json\/wp\/v2\/comments?post=22270"}],"wp:featuredmedia":[{"embeddable":true,"href":"https:\/\/eliquidnicotine.co.uk\/de\/wp-json\/wp\/v2\/media\/22280"}],"wp:attachment":[{"href":"https:\/\/eliquidnicotine.co.uk\/de\/wp-json\/wp\/v2\/media?parent=22270"}],"wp:term":[{"taxonomy":"product_brand","embeddable":true,"href":"https:\/\/eliquidnicotine.co.uk\/de\/wp-json\/wp\/v2\/product_brand?post=22270"},{"taxonomy":"product_cat","embeddable":true,"href":"https:\/\/eliquidnicotine.co.uk\/de\/wp-json\/wp\/v2\/product_cat?post=22270"},{"taxonomy":"product_tag","embeddable":true,"href":"https:\/\/eliquidnicotine.co.uk\/de\/wp-json\/wp\/v2\/product_tag?post=22270"}],"curies":[{"name":"wp","href":"https:\/\/api.w.org\/{rel}","templated":true}]}}