{"id":22271,"date":"2021-10-29T12:14:41","date_gmt":"2021-10-29T12:14:41","guid":{"rendered":"https:\/\/eliquidnicotine.co.uk\/?post_type=product&#038;p=22271"},"modified":"2025-04-02T15:30:51","modified_gmt":"2025-04-02T14:30:51","slug":"capella-double-apple","status":"publish","type":"product","link":"https:\/\/eliquidnicotine.co.uk\/de\/shop\/capella-double-apple\/","title":{"rendered":"Capella Doppelter Apfel"},"content":{"rendered":"<p>Capella Double Apple Concentrate ist eine bitters\u00fc\u00dfe Kombination aus frischen und saftigen s\u00fc\u00dfen roten \u00c4pfeln, die durch s\u00e4uerliche gr\u00fcne \u00c4pfel ausgeglichen werden. Capella Double Apple Concentrate bietet den perfekten Geschmack von reifen, knackigen und saftigen \u00c4pfeln, die direkt aus dem Obstgarten gepfl\u00fcckt werden. Capella hat eine sehr delikate Mischung kreiert, die den Geschmack von zwei verschiedenen Apfelsorten verwendet; s\u00e4uerliche gr\u00fcne \u00c4pfel werden durch den s\u00fc\u00dfen Saft roter \u00c4pfel ausgeglichen, um eine himmlische Geschmacksutopie zu schaffen, die Sie unwiderstehlich finden werden, wenn Sie ein Obstliebhaber sind. Der Geschmack von Capella Double Apple Concentrate ist sehr frisch und nat\u00fcrlich, nicht zu s\u00fc\u00df und schon gar nicht k\u00fcnstlich. Versuchen Sie, Capella Double Apple in Ihrem n\u00e4chsten E-Liquid-Rezept zu verwenden; dies ist die Geschmacksrichtung, die wirklich den saftigen Geschmack von Apfelkuchen oder Apfelstreuseln in E-Liquid-Rezepte bringt.<\/p>\n<p>Empfohlener Mischungsanteil: 15%.<\/p>\n<p>Empfohlene Ziehzeit: 1 - 3 Tage.<\/p>\n<p>Die Konzentrate von Capella geh\u00f6ren zu den besten der Welt und genie\u00dfen einen wohlverdienten Ruf unter den DIY-Vapern. Der Name Capella ist weltbekannt f\u00fcr eine breite Palette an wohlschmeckenden Aromen, die mit den besten Zutaten in ihrer Produktionsst\u00e4tte in Kalifornien, USA, hergestellt werden. Alle Capella-Aromakonzentrate erf\u00fcllen die strengsten Qualit\u00e4ts- und Reinheitsstandards, die vom Staat Kalifornien festgelegt wurden.<\/p>\n<p>Inhaltsstoffe<\/p>\n<p>K\u00fcnstliche und nat\u00fcrliche Aromastoffe, Propylenglykol.<\/p>\n<p>Anmerkungen<\/p>\n<p>Wir empfehlen, die meisten Capella-Konzentrate anfangs mit etwa 15% zu mischen und dann nach Ihrem pers\u00f6nlichen Geschmack anzupassen.<br \/>\nAlle Capella-Konzentrate sind PG-basiert.<br \/>\nWir kaufen Gallonengr\u00f6\u00dfen direkt von Capella (in den USA) und f\u00fcllen sie in 10ml, 20ml und 50ml Flaschen ab.<br \/>\nZwischen verschiedenen Chargen desselben Aromas kann es zu deutlichen Farbunterschieden kommen. Dies ist ein nat\u00fcrliches Ergebnis des Aromaproduktionsprozesses.<br \/>\nDies ist ein konzentrierter Aromastoff zum Mischen in DIY-E-Liquid. Es darf nicht unverd\u00fcnnt verdampft werden. Alle Capella-Aromakonzentrate sind auf PG-Basis.<br \/>\nGesundheit und Sicherheit<\/p>\n<p>Wir empfehlen, beim Mischen von E-Liquid geeignete Schutzkleidung, chemikalienbest\u00e4ndige Handschuhe, Atemschutz und eine Schutzbrille zu tragen.<\/p>","protected":false},"excerpt":{"rendered":"<p>Capella Double Apple Concentrate ist eine bitters\u00fc\u00dfe Kombination aus frischen und saftigen s\u00fc\u00dfen roten \u00c4pfeln, die durch s\u00e4uerliche gr\u00fcne \u00c4pfel ausgeglichen werden. Nicht ohne Verd\u00fcnnung verdampfen<\/p>","protected":false},"featured_media":22281,"comment_status":"open","ping_status":"closed","template":"","meta":{"_acf_changed":false,"_genesis_hide_title":false,"_genesis_hide_breadcrumbs":false,"_genesis_hide_singular_image":false,"_genesis_hide_footer_widgets":false,"_genesis_custom_body_class":"","_genesis_custom_post_class":"","_genesis_layout":""},"product_brand":[],"product_cat":[398],"product_tag":[],"class_list":{"1":"product","2":"type-product","6":"product_cat-capella-flavours-for-self-mixing-10-30-and-50-ml","7":"entry","9":"first","10":"instock","11":"taxable","12":"shipping-taxable","13":"purchasable","14":"product-type-variable"},"acf":[],"_links":{"self":[{"href":"https:\/\/eliquidnicotine.co.uk\/de\/wp-json\/wp\/v2\/product\/22271","targetHints":{"allow":["GET"]}}],"collection":[{"href":"https:\/\/eliquidnicotine.co.uk\/de\/wp-json\/wp\/v2\/product"}],"about":[{"href":"https:\/\/eliquidnicotine.co.uk\/de\/wp-json\/wp\/v2\/types\/product"}],"replies":[{"embeddable":true,"href":"https:\/\/eliquidnicotine.co.uk\/de\/wp-json\/wp\/v2\/comments?post=22271"}],"wp:featuredmedia":[{"embeddable":true,"href":"https:\/\/eliquidnicotine.co.uk\/de\/wp-json\/wp\/v2\/media\/22281"}],"wp:attachment":[{"href":"https:\/\/eliquidnicotine.co.uk\/de\/wp-json\/wp\/v2\/media?parent=22271"}],"wp:term":[{"taxonomy":"product_brand","embeddable":true,"href":"https:\/\/eliquidnicotine.co.uk\/de\/wp-json\/wp\/v2\/product_brand?post=22271"},{"taxonomy":"product_cat","embeddable":true,"href":"https:\/\/eliquidnicotine.co.uk\/de\/wp-json\/wp\/v2\/product_cat?post=22271"},{"taxonomy":"product_tag","embeddable":true,"href":"https:\/\/eliquidnicotine.co.uk\/de\/wp-json\/wp\/v2\/product_tag?post=22271"}],"curies":[{"name":"wp","href":"https:\/\/api.w.org\/{rel}","templated":true}]}}