{"id":22272,"date":"2021-10-29T12:10:39","date_gmt":"2021-10-29T12:10:39","guid":{"rendered":"https:\/\/eliquidnicotine.co.uk\/?post_type=product&#038;p=22272"},"modified":"2025-04-02T15:30:49","modified_gmt":"2025-04-02T14:30:49","slug":"capella-french-vanilla","status":"publish","type":"product","link":"https:\/\/eliquidnicotine.co.uk\/de\/shop\/capella-franzosisch-vanille\/","title":{"rendered":"Capella Franz\u00f6sische Vanille"},"content":{"rendered":"<p>Capella French Vanilla V1 Concentrate bietet einen reichen, cremigen und samtigen Vanillegeschmack. Dieses Konzentrat ist ein Muss f\u00fcr die Zugabe zu Pudding oder Kuchen und passt hervorragend zu einer Vielzahl von Cremes (z.B. Bayerisch oder Wien). Es ist eines meiner bisherigen Lieblings-Vanille-Aromen und ein Muss f\u00fcr Ihre Mischsammlung. Machen Sie einen guten Pudding noch besser, indem Sie Capella Franz\u00f6sische Vanille in einem kleinen Prozentsatz mit der Puddingbasis Ihrer Wahl verwenden, und Sie werden einen wunderbaren Puddinggeschmack erhalten. Nur ein Tropfen Capella Franz\u00f6sisches Vanillekonzentrat wird Ihre Lieblingsrezepte f\u00fcr Kaffee, Getr\u00e4nke oder Desserts beleben.<\/p>\n<p>Capella French Vanilla V2, das diketonfrei ist, ist hier erh\u00e4ltlich.<\/p>\n<p>Empfohlenes Mischungsverh\u00e4ltnis: 10% - 15%.<\/p>\n<p>Empfohlene Ziehzeit: 1 Woche<\/p>\n<p>Die Konzentrate von Capella geh\u00f6ren zu den besten der Welt und genie\u00dfen einen wohlverdienten Ruf unter den DIY-Vapern. Der Name Capella ist weltbekannt f\u00fcr seine breite Palette an wohlschmeckenden Aromen, die in der Produktionsst\u00e4tte in Kalifornien, USA, mit den besten Zutaten hergestellt werden. Alle Capella-Aromakonzentrate erf\u00fcllen die strengsten Qualit\u00e4ts- und Reinheitsstandards, die vom Staat Kalifornien festgelegt wurden.<\/p>\n<p>Inhaltsstoffe<\/p>\n<p>Nat\u00fcrliche und k\u00fcnstliche Aromastoffe, Propylenglykol, Wasser.<\/p>\n<p>Anmerkungen<\/p>\n<p>Wir empfehlen, die meisten Capella-Konzentrate anfangs mit etwa 15% zu mischen und dann nach Ihrem pers\u00f6nlichen Geschmack anzupassen.<br \/>\nAlle Capella-Konzentrate sind PG-basiert.<br \/>\nWir kaufen Gallonengr\u00f6\u00dfen direkt von Capella (in den USA) und f\u00fcllen sie in 10ml-, 100ml- und 500ml-Flaschengr\u00f6\u00dfen ab.<br \/>\nZwischen verschiedenen Chargen desselben Aromas kann es zu deutlichen Farbunterschieden kommen. Dies ist ein nat\u00fcrliches Ergebnis des Aromaproduktionsprozesses.<br \/>\nDies ist ein konzentrierter Aromastoff zum Mischen in DIY-E-Liquid. Es darf nicht unverd\u00fcnnt verdampft werden. Alle Capella-Aromakonzentrate sind auf PG-Basis.<br \/>\nGesundheit und Sicherheit<\/p>\n<p>Wir empfehlen, beim Mischen von E-Liquid geeignete Schutzkleidung, chemikalienbest\u00e4ndige Handschuhe, Atemschutz und eine Schutzbrille zu tragen.<\/p>","protected":false},"excerpt":{"rendered":"<p>Capella French Vanilla V1 Concentrate bietet einen reichen, cremigen und samtigen Vanillegeschmack.<br \/>\nNicht unverd\u00fcnnt verdampfen.<\/p>","protected":false},"featured_media":22282,"comment_status":"open","ping_status":"closed","template":"","meta":{"_acf_changed":false,"_genesis_hide_title":false,"_genesis_hide_breadcrumbs":false,"_genesis_hide_singular_image":false,"_genesis_hide_footer_widgets":false,"_genesis_custom_body_class":"","_genesis_custom_post_class":"","_genesis_layout":""},"product_brand":[],"product_cat":[398],"product_tag":[],"class_list":{"1":"product","2":"type-product","6":"product_cat-capella-flavours-for-self-mixing-10-30-and-50-ml","7":"entry","9":"first","10":"instock","11":"taxable","12":"shipping-taxable","13":"purchasable","14":"product-type-variable"},"acf":[],"_links":{"self":[{"href":"https:\/\/eliquidnicotine.co.uk\/de\/wp-json\/wp\/v2\/product\/22272","targetHints":{"allow":["GET"]}}],"collection":[{"href":"https:\/\/eliquidnicotine.co.uk\/de\/wp-json\/wp\/v2\/product"}],"about":[{"href":"https:\/\/eliquidnicotine.co.uk\/de\/wp-json\/wp\/v2\/types\/product"}],"replies":[{"embeddable":true,"href":"https:\/\/eliquidnicotine.co.uk\/de\/wp-json\/wp\/v2\/comments?post=22272"}],"wp:featuredmedia":[{"embeddable":true,"href":"https:\/\/eliquidnicotine.co.uk\/de\/wp-json\/wp\/v2\/media\/22282"}],"wp:attachment":[{"href":"https:\/\/eliquidnicotine.co.uk\/de\/wp-json\/wp\/v2\/media?parent=22272"}],"wp:term":[{"taxonomy":"product_brand","embeddable":true,"href":"https:\/\/eliquidnicotine.co.uk\/de\/wp-json\/wp\/v2\/product_brand?post=22272"},{"taxonomy":"product_cat","embeddable":true,"href":"https:\/\/eliquidnicotine.co.uk\/de\/wp-json\/wp\/v2\/product_cat?post=22272"},{"taxonomy":"product_tag","embeddable":true,"href":"https:\/\/eliquidnicotine.co.uk\/de\/wp-json\/wp\/v2\/product_tag?post=22272"}],"curies":[{"name":"wp","href":"https:\/\/api.w.org\/{rel}","templated":true}]}}