{"id":22273,"date":"2021-10-29T12:08:11","date_gmt":"2021-10-29T12:08:11","guid":{"rendered":"https:\/\/eliquidnicotine.co.uk\/?post_type=product&#038;p=22273"},"modified":"2026-04-08T10:13:10","modified_gmt":"2026-04-08T09:13:10","slug":"capella-blueberry-jam","status":"publish","type":"product","link":"https:\/\/eliquidnicotine.co.uk\/de\/shop\/capella-blaubeer-marmelade\/","title":{"rendered":"Capella Heidelbeere"},"content":{"rendered":"<p>Capella Heidelbeerkonfit\u00fcre-Konzentrat bietet den wunderbar weichen und fruchtigen Geschmack von Heidelbeeren direkt aus dem Marmeladenglas. Es ist bei weitem eines der besten Marmeladenaroma-Konzentrate, da die nat\u00fcrliche S\u00e4ure des Heidelbeergeschmacks verhindert, dass es zu s\u00fc\u00df ist. Capella Heidelbeerkonfit\u00fcre-Konzentrat hat einen sehr authentischen Marmeladengeschmack, der ziemlich stark ist, so dass Sie es anfangs sparsam verwenden m\u00fcssen - wahrscheinlich nicht mehr als 5%. Der starke Geschmack von Capella Blaubeerkonfit\u00fcre-Konzentrat eignet sich gut f\u00fcr sich allein, aber dieses Konzentrat verleiht auch einer Vielzahl von Backrezepten eine gro\u00dfe Tiefe: Pfannkuchen, Muffins, Kuchen oder k\u00f6stliche Donuts mit Blaubeermarmelade.<\/p>\n<p>Empfohlener Mischungsanteil: 5% - 10%.<\/p>\n<p>Empfohlene Infusionsdauer: 2 - 4 Wochen<\/p>\n<p>Die Konzentrate von Capella geh\u00f6ren zu den besten der Welt und genie\u00dfen einen wohlverdienten Ruf unter den DIY-Vapern. Der Name Capella ist weltbekannt f\u00fcr eine breite Palette von gro\u00dfartig schmeckenden Aromen, die mit den besten Zutaten in ihrer Produktionsst\u00e4tte in Kalifornien, USA, hergestellt werden. Alle Capella-Aromakonzentrate erf\u00fcllen die strengsten Qualit\u00e4ts- und Reinheitsstandards, die vom Staat Kalifornien festgelegt wurden.<\/p>\n<p>Inhaltsstoffe<\/p>\n<p>Nat\u00fcrliche und k\u00fcnstliche Aromastoffe, Propylenglykol, Ethylalkohol.<\/p>\n<p>Anmerkungen<\/p>\n<p>Wir empfehlen, die meisten Capella-Konzentrate anfangs mit etwa 15% zu mischen und dann nach Ihrem pers\u00f6nlichen Geschmack anzupassen.<br \/>\nAlle Capella-Konzentrate sind PG-basiert.<br \/>\nWir kaufen Gallonengr\u00f6\u00dfen direkt von Capella (in den USA) und f\u00fcllen sie in 10ml, 100ml und 500ml Flaschen ab.<br \/>\nZwischen verschiedenen Chargen desselben Aromas kann es zu deutlichen Farbunterschieden kommen. Dies ist ein nat\u00fcrliches Ergebnis des Prozesses der Aromaherstellung.<br \/>\nDies ist ein konzentrierter Aromastoff zum Mischen in DIY-E-Liquid. Es darf nicht unverd\u00fcnnt verdampft werden. Alle Capella-Aromakonzentrate sind auf PG-Basis.<br \/>\nGesundheit und Sicherheit<\/p>\n<p>Wir empfehlen, beim Mischen von E-Liquid geeignete Schutzkleidung, chemikalienbest\u00e4ndige Handschuhe, Atemschutz und eine Schutzbrille zu tragen.<\/p>","protected":false},"excerpt":{"rendered":"<p>Capella Heidelbeerkonfit\u00fcre-Konzentrat bietet den wunderbar weichen und fruchtigen Geschmack von Heidelbeeren direkt aus dem Marmeladenglas.<span style=\"color: #ff0000;\"><strong>Nicht ohne Verd\u00fcnnung verdampfen.<\/strong><\/span><\/p>","protected":false},"featured_media":22283,"comment_status":"open","ping_status":"closed","template":"","meta":{"_acf_changed":false,"_genesis_hide_title":false,"_genesis_hide_breadcrumbs":false,"_genesis_hide_singular_image":false,"_genesis_hide_footer_widgets":false,"_genesis_custom_body_class":"","_genesis_custom_post_class":"","_genesis_layout":""},"product_brand":[],"product_cat":[398],"product_tag":[],"class_list":{"1":"product","2":"type-product","6":"product_cat-capella-flavours-for-self-mixing-10-30-and-50-ml","7":"entry","9":"first","10":"instock","11":"taxable","12":"shipping-taxable","13":"purchasable","14":"product-type-variable"},"acf":[],"_links":{"self":[{"href":"https:\/\/eliquidnicotine.co.uk\/de\/wp-json\/wp\/v2\/product\/22273","targetHints":{"allow":["GET"]}}],"collection":[{"href":"https:\/\/eliquidnicotine.co.uk\/de\/wp-json\/wp\/v2\/product"}],"about":[{"href":"https:\/\/eliquidnicotine.co.uk\/de\/wp-json\/wp\/v2\/types\/product"}],"replies":[{"embeddable":true,"href":"https:\/\/eliquidnicotine.co.uk\/de\/wp-json\/wp\/v2\/comments?post=22273"}],"wp:featuredmedia":[{"embeddable":true,"href":"https:\/\/eliquidnicotine.co.uk\/de\/wp-json\/wp\/v2\/media\/22283"}],"wp:attachment":[{"href":"https:\/\/eliquidnicotine.co.uk\/de\/wp-json\/wp\/v2\/media?parent=22273"}],"wp:term":[{"taxonomy":"product_brand","embeddable":true,"href":"https:\/\/eliquidnicotine.co.uk\/de\/wp-json\/wp\/v2\/product_brand?post=22273"},{"taxonomy":"product_cat","embeddable":true,"href":"https:\/\/eliquidnicotine.co.uk\/de\/wp-json\/wp\/v2\/product_cat?post=22273"},{"taxonomy":"product_tag","embeddable":true,"href":"https:\/\/eliquidnicotine.co.uk\/de\/wp-json\/wp\/v2\/product_tag?post=22273"}],"curies":[{"name":"wp","href":"https:\/\/api.w.org\/{rel}","templated":true}]}}