{"id":22274,"date":"2021-10-29T12:06:14","date_gmt":"2021-10-29T12:06:14","guid":{"rendered":"https:\/\/eliquidnicotine.co.uk\/?post_type=product&#038;p=22274"},"modified":"2025-06-09T07:48:02","modified_gmt":"2025-06-09T06:48:02","slug":"capella-honeydew-melon","status":"publish","type":"product","link":"https:\/\/eliquidnicotine.co.uk\/de\/shop\/capella-honigtau-melone\/","title":{"rendered":"Capella-Honigtau-Melone"},"content":{"rendered":"<p>Capella Honigmelonenkonzentrat bietet den s\u00fc\u00dfen, saftigen Geschmack von frisch aufgeschnittenen, saftigen und reifen Honigmelonen. Der Geschmack dieses Konzentrats ist reichhaltig und s\u00fc\u00df wie Honigmelone. Capella Honeydew Melon Concentrate verleiht Ihren Obst-, Dessert- und Getr\u00e4nke-E-Liquid-Rezepten eine belebende Geschmacksexplosion. Eine sehr einfache, aber wirkungsvolle Idee ist es, einen Hauch von Menthol hinzuzuf\u00fcgen, um einen frischen, fruchtigen Hauch zu erhalten, der Ihre Atemwege \u00f6ffnet und Ihren Gaumen erfrischt.<\/p>\n<p>Empfohlener Mischungsanteil: 15%.<\/p>\n<p>Empfohlene Infusionsdauer: 1 - 3 Tage<\/p>\n<p>Die Konzentrate von Capella geh\u00f6ren zu den besten der Welt und genie\u00dfen einen wohlverdienten Ruf unter DIY-Vapern. Der Name Capella ist weltbekannt f\u00fcr eine breite Palette an wohlschmeckenden Aromen, die in der Produktionsst\u00e4tte in Kalifornien, USA, mit den besten Zutaten hergestellt werden. Alle Capella-Aromakonzentrate erf\u00fcllen die strengsten Qualit\u00e4ts- und Reinheitsstandards, die vom Staat Kalifornien festgelegt wurden.<\/p>\n<p>Inhaltsstoffe<\/p>\n<p>Nat\u00fcrliche Aromen, Propylenglykol.<\/p>\n<p>Anmerkungen<\/p>\n<p>Wir empfehlen, die meisten Capella-Konzentrate anfangs mit etwa 15% zu mischen und dann nach Ihrem pers\u00f6nlichen Geschmack anzupassen.<br \/>\nAlle Capella-Konzentrate sind PG-basiert.<br \/>\nWir kaufen Gallonengr\u00f6\u00dfen direkt von Capella (in den USA) und f\u00fcllen sie hier bei uns in 10ml, 30ml, 50ml, 100ml und 500ml Flaschengr\u00f6\u00dfen ab.<br \/>\nZwischen verschiedenen Chargen desselben Aromas kann es zu deutlichen Farbunterschieden kommen. Dies ist ein nat\u00fcrliches Ergebnis des Prozesses der Aromaherstellung.<br \/>\nDies ist ein konzentrierter Aromastoff zum Mischen in DIY-E-Liquid. Es darf nicht unverd\u00fcnnt verdampft werden. Alle Capella-Aromakonzentrate sind auf PG-Basis.<br \/>\nGesundheit und Sicherheit<\/p>\n<p>Wir empfehlen, beim Mischen von E-Liquid geeignete Schutzkleidung, chemikalienbest\u00e4ndige Handschuhe, Atemschutz und eine Schutzbrille zu tragen.<\/p>","protected":false},"excerpt":{"rendered":"<p>Capella Honigmelonen-Konzentrat bietet den s\u00fc\u00dfen, saftigen Geschmack von frisch geschnittenen, saftigen und reifen Honigmelonen.<br \/>\nNicht unverd\u00fcnnt verdampfen.<\/p>","protected":false},"featured_media":22284,"comment_status":"open","ping_status":"closed","template":"","meta":{"_acf_changed":false,"_genesis_hide_title":false,"_genesis_hide_breadcrumbs":false,"_genesis_hide_singular_image":false,"_genesis_hide_footer_widgets":false,"_genesis_custom_body_class":"","_genesis_custom_post_class":"","_genesis_layout":""},"product_brand":[],"product_cat":[398],"product_tag":[],"class_list":{"1":"product","2":"type-product","6":"product_cat-capella-flavours-for-self-mixing-10-30-and-50-ml","7":"entry","9":"first","10":"instock","11":"taxable","12":"shipping-taxable","13":"purchasable","14":"product-type-variable"},"acf":[],"_links":{"self":[{"href":"https:\/\/eliquidnicotine.co.uk\/de\/wp-json\/wp\/v2\/product\/22274","targetHints":{"allow":["GET"]}}],"collection":[{"href":"https:\/\/eliquidnicotine.co.uk\/de\/wp-json\/wp\/v2\/product"}],"about":[{"href":"https:\/\/eliquidnicotine.co.uk\/de\/wp-json\/wp\/v2\/types\/product"}],"replies":[{"embeddable":true,"href":"https:\/\/eliquidnicotine.co.uk\/de\/wp-json\/wp\/v2\/comments?post=22274"}],"wp:featuredmedia":[{"embeddable":true,"href":"https:\/\/eliquidnicotine.co.uk\/de\/wp-json\/wp\/v2\/media\/22284"}],"wp:attachment":[{"href":"https:\/\/eliquidnicotine.co.uk\/de\/wp-json\/wp\/v2\/media?parent=22274"}],"wp:term":[{"taxonomy":"product_brand","embeddable":true,"href":"https:\/\/eliquidnicotine.co.uk\/de\/wp-json\/wp\/v2\/product_brand?post=22274"},{"taxonomy":"product_cat","embeddable":true,"href":"https:\/\/eliquidnicotine.co.uk\/de\/wp-json\/wp\/v2\/product_cat?post=22274"},{"taxonomy":"product_tag","embeddable":true,"href":"https:\/\/eliquidnicotine.co.uk\/de\/wp-json\/wp\/v2\/product_tag?post=22274"}],"curies":[{"name":"wp","href":"https:\/\/api.w.org\/{rel}","templated":true}]}}