{"id":22275,"date":"2021-10-29T12:25:52","date_gmt":"2021-10-29T12:25:52","guid":{"rendered":"https:\/\/eliquidnicotine.co.uk\/?post_type=product&#038;p=22275"},"modified":"2025-04-02T15:30:39","modified_gmt":"2025-04-02T14:30:39","slug":"capella-cola-v2","status":"publish","type":"product","link":"https:\/\/eliquidnicotine.co.uk\/de\/shop\/capella-cola-v2\/","title":{"rendered":"Capella Cola V2"},"content":{"rendered":"<p>Befriedigen Sie Ihr Verlangen nach Ihrem Lieblings-Softdrink mit all dem Geschmack, aber ohne Schuldgef\u00fchle.<\/p>\n<p>Die Konzentrate von Capella geh\u00f6ren zu den besten der Welt und genie\u00dfen einen wohlverdienten Ruf unter den DIY-Vapern. Der Name Capella ist weltbekannt f\u00fcr eine riesige Auswahl an gro\u00dfartig schmeckenden Aromen, die mit den feinsten Zutaten in ihrer Produktionsst\u00e4tte in Kalifornien, USA, hergestellt werden. Alle Capella-Aromakonzentrate erf\u00fcllen die strengsten Qualit\u00e4ts- und Reinheitsstandards, die der Staat Kalifornien vorschreibt.<\/p>\n<p>Inhaltsstoffe<\/p>\n<p>Nat\u00fcrliche Aromen, Ethylalkohol.<\/p>\n<p>Anmerkungen<\/p>\n<p>Dies ist ein konzentrierter Aromastoff zum Mischen in ein DIY E-Liquid. Es sollte nicht ohne Verd\u00fcnnung verdampft werden.<br \/>\nWir empfehlen, die meisten Capella-Konzentrate zun\u00e4chst mit etwa 15% zu mischen und dann nach Ihrem pers\u00f6nlichen Geschmack anzupassen.<br \/>\nAlle Capella-Konzentrate sind PG-basiert.<br \/>\nWir kaufen Gallonengr\u00f6\u00dfen direkt von Capella (in den USA) und f\u00fcllen sie hier im Vereinigten K\u00f6nigreich in 10ml-, 100ml-, 500ml- und 1000ml-Flaschengr\u00f6\u00dfen ab.<br \/>\nZwischen verschiedenen Chargen desselben Aromas kann es zu deutlichen Farbunterschieden kommen. Dies ist ein nat\u00fcrliches Ergebnis des Herstellungsprozesses von Aromen.<\/p>","protected":false},"excerpt":{"rendered":"<p>Befriedigen Sie Ihr Verlangen nach Ihrem Lieblings-Softdrink mit all dem Geschmack, aber ohne Schuldgef\u00fchle.<br \/>\nNicht ohne Verd\u00fcnnung verdampfen<\/p>","protected":false},"featured_media":21949,"comment_status":"open","ping_status":"closed","template":"","meta":{"_acf_changed":false,"_genesis_hide_title":false,"_genesis_hide_breadcrumbs":false,"_genesis_hide_singular_image":false,"_genesis_hide_footer_widgets":false,"_genesis_custom_body_class":"","_genesis_custom_post_class":"","_genesis_layout":""},"product_brand":[],"product_cat":[398],"product_tag":[],"class_list":{"1":"product","2":"type-product","6":"product_cat-capella-flavours-for-self-mixing-10-30-and-50-ml","7":"entry","9":"first","10":"instock","11":"taxable","12":"shipping-taxable","13":"purchasable","14":"product-type-variable"},"acf":[],"_links":{"self":[{"href":"https:\/\/eliquidnicotine.co.uk\/de\/wp-json\/wp\/v2\/product\/22275","targetHints":{"allow":["GET"]}}],"collection":[{"href":"https:\/\/eliquidnicotine.co.uk\/de\/wp-json\/wp\/v2\/product"}],"about":[{"href":"https:\/\/eliquidnicotine.co.uk\/de\/wp-json\/wp\/v2\/types\/product"}],"replies":[{"embeddable":true,"href":"https:\/\/eliquidnicotine.co.uk\/de\/wp-json\/wp\/v2\/comments?post=22275"}],"wp:featuredmedia":[{"embeddable":true,"href":"https:\/\/eliquidnicotine.co.uk\/de\/wp-json\/wp\/v2\/media\/21949"}],"wp:attachment":[{"href":"https:\/\/eliquidnicotine.co.uk\/de\/wp-json\/wp\/v2\/media?parent=22275"}],"wp:term":[{"taxonomy":"product_brand","embeddable":true,"href":"https:\/\/eliquidnicotine.co.uk\/de\/wp-json\/wp\/v2\/product_brand?post=22275"},{"taxonomy":"product_cat","embeddable":true,"href":"https:\/\/eliquidnicotine.co.uk\/de\/wp-json\/wp\/v2\/product_cat?post=22275"},{"taxonomy":"product_tag","embeddable":true,"href":"https:\/\/eliquidnicotine.co.uk\/de\/wp-json\/wp\/v2\/product_tag?post=22275"}],"curies":[{"name":"wp","href":"https:\/\/api.w.org\/{rel}","templated":true}]}}