{"id":22358,"date":"2021-11-01T14:25:34","date_gmt":"2021-11-01T14:25:34","guid":{"rendered":"https:\/\/eliquidnicotine.co.uk\/?post_type=product&#038;p=22358"},"modified":"2025-11-13T10:14:12","modified_gmt":"2025-11-13T09:14:12","slug":"strawberry-and-cream","status":"publish","type":"product","link":"https:\/\/eliquidnicotine.co.uk\/de\/shop\/erdbeer-sahne\/","title":{"rendered":"Erdbeere und Sahne"},"content":{"rendered":"<p>Mit Capella Strawberries and Cream Concentrate k\u00f6nnen Sie sich das klassische britische Sommerdessert g\u00f6nnen. Probieren Sie das Capella Erdbeer-Sahne-Konzentrat f\u00fcr einen Geschmack der Extraklasse auch pur. Die weiche, reichhaltige Schlagsahne wird durch den reifen, s\u00fc\u00dfen, prallen und saftigen Geschmack duftender, frischer Erdbeeren wunderbar ausbalanciert und kann den ganzen Tag \u00fcber geraucht werden. Verwenden Sie Capella Strawberries and Cream Concentrate in Ihrem n\u00e4chsten E-Liquid-Rezept; es schmeckt wunderbar, wenn es mit weiteren Beerenaromen gemischt wird, oder versuchen Sie, einen Hauch von Vanille hinzuzuf\u00fcgen.<\/p>\n<p>Empfohlener Mischungsanteil: 10% - 15%.<\/p>\n<p>Empfohlene Infusionsdauer: 2 - 4 Wochen<\/p>\n<p>Die Konzentrate von Capella geh\u00f6ren zu den besten der Welt und genie\u00dfen einen wohlverdienten Ruf unter den DIY-Vapern. Der Name Capella ist weltbekannt f\u00fcr eine breite Palette von gro\u00dfartig schmeckenden Aromen, die mit den besten Zutaten in ihrer Produktionsst\u00e4tte in Kalifornien, USA, hergestellt werden. Alle Capella-Aromakonzentrate erf\u00fcllen die strengsten Qualit\u00e4ts- und Reinheitsstandards, die vom Staat Kalifornien festgelegt wurden.<\/p>\n<p>Inhaltsstoffe<\/p>\n<p>Nat\u00fcrliche und k\u00fcnstliche Aromastoffe, Propylenglykol.<\/p>\n<p>Anmerkungen<\/p>\n<p>Wir empfehlen, die meisten Capella-Konzentrate anfangs mit etwa 15% zu mischen und dann nach Ihrem pers\u00f6nlichen Geschmack anzupassen.<br \/>\nAlle Capella-Konzentrate sind PG-basiert.<br \/>\nWir kaufen Gallonengr\u00f6\u00dfen direkt von Capella (in den USA) und f\u00fcllen sie hier im Vereinigten K\u00f6nigreich in 10ml-, 100ml- und 500ml-Flaschengr\u00f6\u00dfen ab.<br \/>\nZwischen verschiedenen Chargen desselben Aromas kann es zu deutlichen Farbunterschieden kommen. Dies ist ein nat\u00fcrliches Ergebnis des Prozesses der Aromaherstellung.<br \/>\nDies ist ein konzentrierter Aromastoff zum Mischen in DIY-E-Liquid. Es darf nicht unverd\u00fcnnt verdampft werden. Alle Capella-Aromakonzentrate sind auf PG-Basis.<br \/>\nGesundheit und Sicherheit<\/p>\n<p>Wir empfehlen, beim Mischen von E-Liquid geeignete Schutzkleidung, chemikalienbest\u00e4ndige Handschuhe, Atemschutz und eine Schutzbrille zu tragen.<\/p>","protected":false},"excerpt":{"rendered":"<p>Capella Erdbeer-Sahne-Konzentrat ist eine weiche, reichhaltige Schlagsahne, die durch s\u00fc\u00dfe, pralle und saftige frische Erdbeeren wunderbar ausgeglichen wird. <span style=\"color: #ff0000;\"><strong>Nicht ohne Verd\u00fcnnung verdampfen<\/strong><\/span>.<\/p>","protected":false},"featured_media":22359,"comment_status":"open","ping_status":"closed","template":"","meta":{"_acf_changed":false,"_genesis_hide_title":false,"_genesis_hide_breadcrumbs":false,"_genesis_hide_singular_image":false,"_genesis_hide_footer_widgets":false,"_genesis_custom_body_class":"","_genesis_custom_post_class":"","_genesis_layout":""},"product_brand":[],"product_cat":[398,573],"product_tag":[],"class_list":{"1":"product","2":"type-product","6":"product_cat-capella-flavours-for-self-mixing-10-30-and-50-ml","7":"product_cat-flavours-for-e-liquid-mixing","8":"entry","10":"first","11":"instock","12":"taxable","13":"shipping-taxable","14":"purchasable","15":"product-type-variable"},"acf":[],"_links":{"self":[{"href":"https:\/\/eliquidnicotine.co.uk\/de\/wp-json\/wp\/v2\/product\/22358","targetHints":{"allow":["GET"]}}],"collection":[{"href":"https:\/\/eliquidnicotine.co.uk\/de\/wp-json\/wp\/v2\/product"}],"about":[{"href":"https:\/\/eliquidnicotine.co.uk\/de\/wp-json\/wp\/v2\/types\/product"}],"replies":[{"embeddable":true,"href":"https:\/\/eliquidnicotine.co.uk\/de\/wp-json\/wp\/v2\/comments?post=22358"}],"wp:featuredmedia":[{"embeddable":true,"href":"https:\/\/eliquidnicotine.co.uk\/de\/wp-json\/wp\/v2\/media\/22359"}],"wp:attachment":[{"href":"https:\/\/eliquidnicotine.co.uk\/de\/wp-json\/wp\/v2\/media?parent=22358"}],"wp:term":[{"taxonomy":"product_brand","embeddable":true,"href":"https:\/\/eliquidnicotine.co.uk\/de\/wp-json\/wp\/v2\/product_brand?post=22358"},{"taxonomy":"product_cat","embeddable":true,"href":"https:\/\/eliquidnicotine.co.uk\/de\/wp-json\/wp\/v2\/product_cat?post=22358"},{"taxonomy":"product_tag","embeddable":true,"href":"https:\/\/eliquidnicotine.co.uk\/de\/wp-json\/wp\/v2\/product_tag?post=22358"}],"curies":[{"name":"wp","href":"https:\/\/api.w.org\/{rel}","templated":true}]}}