{"id":224,"date":"2018-01-17T09:30:50","date_gmt":"2018-01-17T09:30:50","guid":{"rendered":"https:\/\/eliquidnicotine.co.uk\/?post_type=product&#038;p=224"},"modified":"2020-03-25T12:20:02","modified_gmt":"2020-03-25T12:20:02","slug":"base-plus-nicotine-shots","status":"publish","type":"product","link":"https:\/\/eliquidnicotine.co.uk\/de\/shop\/base-set-mit-nikotin-shots\/","title":{"rendered":"Basis + Nikotin Booster\/Shots"},"content":{"rendered":"<h2>Nikotinsch\u00fcsse plus Basis PG\/VG<\/h2>\n<p>Dieses Produkt ist eine Packung PG\/VG-Basis plus eine Reihe von 20 mg\/ml Nikotinsch\u00fcssen, die Sie leicht zusammenmischen k\u00f6nnen, um Ihre gew\u00fcnschte Nikotinst\u00e4rke zu erhalten.<\/p>\n<ul>\n<li>1e Qualit\u00e4t PG\/VG<\/li>\n<li>Deutsch<\/li>\n<li>Lange Haltbarkeit<\/li>\n<li>Kinderfreundliche Verpackung<\/li>\n<li>Halbtransparent<\/li>\n<li>Kein Geschmack<\/li>\n<li>Einfach zu bedienendes Sch\u00fctteln und Vapetieren<\/li>\n<li>Komplettpaket<\/li>\n<li>Wird mit einer extra leeren Flasche geliefert.<\/li>\n<\/ul>\n<p>Au\u00dferhalb der Reichweite von Kindern aufbewahren.<\/p>\n<h3>DAS VOLUMEN DES IN EINE BASIS ODER FL\u00dcSSIGKEIT EINZUBRINGENDEN BOOSTERS ZU BERECHNEN<\/h3>\n<p><strong>3 mg\/ml = 100 ml Base plus 2 Spritzen 120 ml<\/strong><\/p>\n<p><strong>6 mg\/ml = 100 ml Base plus 4 Spritzen 140 ml<\/strong><\/p>\n<p><strong>9 mg\/ml = 100 ml Base plus 9 Spritzen 190 ml<\/strong><\/p>\n<p><strong>3 mg\/ml = 250 ml Base plus 4 Spritzen 290 ml<\/strong><\/p>\n<p><strong>6 mg\/ml = 250 ml Base plus 11 Aufnahmen 360 ml<\/strong><\/p>\n<p><strong>9 mg\/ml = 250 ml Base plus 21 Spritzen 460 ml<\/strong><\/p>\n<p><strong>3 mg\/ml = 500 ml Base plus 9 Spritzen 590 ml<\/strong><\/p>\n<p><strong>6 mg\/ml = 500 ml Base plus 22 Spritzen 720 ml<\/strong><\/p>\n<p><strong>9 mg\/ml = 500 ml Base plus 41 Spritzen 910 ml<\/strong><\/p>\n<p>&nbsp;<\/p>\n<p>&nbsp;<\/p>","protected":false},"excerpt":{"rendered":"<p>Sehr einfache Art und Weise, Ihre gebrauchsfertige fl\u00fcssige Basis herzustellen, auf Wunsch mit Geschmack zu versehen, zu sch\u00fctteln und zu vapezieren.<\/p>","protected":false},"featured_media":236,"comment_status":"open","ping_status":"closed","template":"","meta":{"_acf_changed":false,"_genesis_hide_title":false,"_genesis_hide_breadcrumbs":false,"_genesis_hide_singular_image":false,"_genesis_hide_footer_widgets":false,"_genesis_custom_body_class":"","_genesis_custom_post_class":"","_genesis_layout":""},"product_brand":[],"product_cat":[251],"product_tag":[],"class_list":{"1":"product","2":"type-product","6":"product_cat-nicotine-shots","7":"entry","9":"first","10":"instock","11":"taxable","12":"shipping-taxable","13":"purchasable","14":"product-type-variable"},"acf":[],"_links":{"self":[{"href":"https:\/\/eliquidnicotine.co.uk\/de\/wp-json\/wp\/v2\/product\/224","targetHints":{"allow":["GET"]}}],"collection":[{"href":"https:\/\/eliquidnicotine.co.uk\/de\/wp-json\/wp\/v2\/product"}],"about":[{"href":"https:\/\/eliquidnicotine.co.uk\/de\/wp-json\/wp\/v2\/types\/product"}],"replies":[{"embeddable":true,"href":"https:\/\/eliquidnicotine.co.uk\/de\/wp-json\/wp\/v2\/comments?post=224"}],"wp:featuredmedia":[{"embeddable":true,"href":"https:\/\/eliquidnicotine.co.uk\/de\/wp-json\/wp\/v2\/media\/236"}],"wp:attachment":[{"href":"https:\/\/eliquidnicotine.co.uk\/de\/wp-json\/wp\/v2\/media?parent=224"}],"wp:term":[{"taxonomy":"product_brand","embeddable":true,"href":"https:\/\/eliquidnicotine.co.uk\/de\/wp-json\/wp\/v2\/product_brand?post=224"},{"taxonomy":"product_cat","embeddable":true,"href":"https:\/\/eliquidnicotine.co.uk\/de\/wp-json\/wp\/v2\/product_cat?post=224"},{"taxonomy":"product_tag","embeddable":true,"href":"https:\/\/eliquidnicotine.co.uk\/de\/wp-json\/wp\/v2\/product_tag?post=224"}],"curies":[{"name":"wp","href":"https:\/\/api.w.org\/{rel}","templated":true}]}}