{"id":22559,"date":"2022-01-06T08:45:44","date_gmt":"2022-01-06T08:45:44","guid":{"rendered":"https:\/\/eliquidnicotine.co.uk\/?post_type=product&#038;p=22559"},"modified":"2025-04-02T15:30:33","modified_gmt":"2025-04-02T14:30:33","slug":"capella-blueberry-cinnamon-2","status":"publish","type":"product","link":"https:\/\/eliquidnicotine.co.uk\/de\/shop\/capella-blaubeere-zimt-2\/","title":{"rendered":"Capella Heidelbeere Zimt"},"content":{"rendered":"<div>Capella Blaubeer-Zimt-Streusel-Konzentrat kombiniert den Geschmack von prallen Blaubeeren mit einem s\u00fc\u00dfen Streusel-Belag und einem warmen Zimtaroma. Der leicht s\u00e4uerliche Geschmack der Blaubeeren kommt in diesem Capella-Konzentrat gut zur Geltung, und auch der unverkennbar w\u00fcrzige Zimtgeschmack ist unverkennbar. Viele Kunden haben jedoch berichtet, dass sie von dem sehr schwachen Streuselgeschmack im Vergleich zu den anderen Geschmacksrichtungen entt\u00e4uscht waren; wenn Sie einen reichhaltigeren Streuselgeschmack bevorzugen, k\u00f6nnen Sie versuchen, den Backgeschmack durch Zugabe von Capella Sugar Cookie Konzentrat zu verst\u00e4rken. Capella Blueberry Cinnamon Crumble Concentrate schmeckt auch k\u00f6stlich, wenn es mit einem Vanillepuddingkonzentrat gemischt wird.<\/div>\n<div><\/div>\n<div>Empfohlener Mischungsanteil: 15%.<\/div>\n<div><\/div>\n<div>Empfohlene Infusionsdauer: 2 Wochen<\/div>\n<div><\/div>\n<div>Die Konzentrate von Capella geh\u00f6ren zu den besten der Welt und genie\u00dfen einen wohlverdienten Ruf unter DIY-Vapern. Der Name Capella ist weltbekannt f\u00fcr eine breite Palette an wohlschmeckenden Aromen, die in der Produktionsst\u00e4tte in Kalifornien, USA, mit den besten Zutaten hergestellt werden. Alle Capella-Aromakonzentrate erf\u00fcllen die strengsten Qualit\u00e4ts- und Reinheitsstandards, die vom Staat Kalifornien festgelegt wurden.<\/div>\n<div><\/div>\n<div>Inhaltsstoffe<\/div>\n<div><\/div>\n<div>Nat\u00fcrliche und k\u00fcnstliche Aromen, Propylenglykol, Ethylalkohol, Benzylalkohol.<\/div>\n<div><\/div>\n<div>Anmerkungen<\/div>\n<div><\/div>\n<div>Wir empfehlen, die meisten Capella-Konzentrate anfangs mit etwa 15% zu mischen und dann nach Ihrem pers\u00f6nlichen Geschmack anzupassen.<\/div>\n<div>Alle Capella-Konzentrate sind PG-basiert.<\/div>\n<div>Zwischen verschiedenen Chargen desselben Aromas kann es zu deutlichen Farbunterschieden kommen. Dies ist ein nat\u00fcrliches Ergebnis des Prozesses der Aromaherstellung.<\/div>\n<div>Dies ist ein konzentriertes Aroma zum Mischen in DIY E-Liquid. Es darf nicht unverd\u00fcnnt verdampft werden. Alle Capella-Aromakonzentrate sind auf PG-Basis.<\/div>\n<div>Gesundheit und Sicherheit<\/div>\n<div><\/div>\n<div>Wir empfehlen, beim Mischen von E-Liquid geeignete Schutzkleidung, chemikalienbest\u00e4ndige Handschuhe, Atemschutz und eine Schutzbrille zu tragen.<\/div>","protected":false},"excerpt":{"rendered":"<p>Capella Blaubeer-Zimt-Streuselkonzentrat kombiniert den Geschmack von prallen Blaubeeren mit einem s\u00fc\u00dfen Streuselbelag und einem warmen Zimtaroma. <span style=\"color: #ff0000;\"><strong>Nicht unverd\u00fcnnt verdampfen.<\/strong><\/span><\/p>","protected":false},"featured_media":23087,"comment_status":"open","ping_status":"closed","template":"","meta":{"_acf_changed":false,"_genesis_hide_title":false,"_genesis_hide_breadcrumbs":false,"_genesis_hide_singular_image":false,"_genesis_hide_footer_widgets":false,"_genesis_custom_body_class":"","_genesis_custom_post_class":"","_genesis_layout":""},"product_brand":[],"product_cat":[398,573],"product_tag":[],"class_list":{"1":"product","2":"type-product","6":"product_cat-capella-flavours-for-self-mixing-10-30-and-50-ml","7":"product_cat-flavours-for-e-liquid-mixing","8":"entry","10":"first","11":"instock","12":"taxable","13":"shipping-taxable","14":"purchasable","15":"product-type-variable"},"acf":[],"_links":{"self":[{"href":"https:\/\/eliquidnicotine.co.uk\/de\/wp-json\/wp\/v2\/product\/22559","targetHints":{"allow":["GET"]}}],"collection":[{"href":"https:\/\/eliquidnicotine.co.uk\/de\/wp-json\/wp\/v2\/product"}],"about":[{"href":"https:\/\/eliquidnicotine.co.uk\/de\/wp-json\/wp\/v2\/types\/product"}],"replies":[{"embeddable":true,"href":"https:\/\/eliquidnicotine.co.uk\/de\/wp-json\/wp\/v2\/comments?post=22559"}],"wp:featuredmedia":[{"embeddable":true,"href":"https:\/\/eliquidnicotine.co.uk\/de\/wp-json\/wp\/v2\/media\/23087"}],"wp:attachment":[{"href":"https:\/\/eliquidnicotine.co.uk\/de\/wp-json\/wp\/v2\/media?parent=22559"}],"wp:term":[{"taxonomy":"product_brand","embeddable":true,"href":"https:\/\/eliquidnicotine.co.uk\/de\/wp-json\/wp\/v2\/product_brand?post=22559"},{"taxonomy":"product_cat","embeddable":true,"href":"https:\/\/eliquidnicotine.co.uk\/de\/wp-json\/wp\/v2\/product_cat?post=22559"},{"taxonomy":"product_tag","embeddable":true,"href":"https:\/\/eliquidnicotine.co.uk\/de\/wp-json\/wp\/v2\/product_tag?post=22559"}],"curies":[{"name":"wp","href":"https:\/\/api.w.org\/{rel}","templated":true}]}}