{"id":22560,"date":"2022-01-06T08:50:42","date_gmt":"2022-01-06T08:50:42","guid":{"rendered":"https:\/\/eliquidnicotine.co.uk\/?post_type=product&#038;p=22560"},"modified":"2025-04-02T15:30:31","modified_gmt":"2025-04-02T14:30:31","slug":"capella-apple-pie-v1","status":"publish","type":"product","link":"https:\/\/eliquidnicotine.co.uk\/de\/shop\/capella-apfelkuchen-v1\/","title":{"rendered":"Capella Apfelkuchen V1"},"content":{"rendered":"<div>Der Geschmack von Capella's Apple Pie V1 verk\u00f6rpert den Geschmack eines klassischen amerikanischen Apfelkuchens, komplett mit br\u00f6seligem Teig und zart gebackenen \u00c4pfeln.<\/div>\n<div><\/div>\n<div>Empfohlener Mischungsanteil: 15%.<\/div>\n<div><\/div>\n<div>Empfohlene Infusionsdauer: 2 Wochen<\/div>\n<div><\/div>\n<div>Die Konzentrate von Capella geh\u00f6ren zu den besten der Welt und genie\u00dfen einen wohlverdienten Ruf unter DIY-Vapern. Der Name Capella ist weltbekannt f\u00fcr eine breite Palette an wohlschmeckenden Aromen, die in der Produktionsst\u00e4tte in Kalifornien, USA, mit den besten Zutaten hergestellt werden. Alle Capella-Aromakonzentrate erf\u00fcllen die strengsten Qualit\u00e4ts- und Reinheitsstandards, die vom Staat Kalifornien festgelegt wurden.<\/div>\n<div><\/div>\n<div>Inhaltsstoffe<\/div>\n<div><\/div>\n<div>K\u00fcnstliche und nat\u00fcrliche Aromastoffe, Propylenglykol, Triacetin. Dieses Produkt enth\u00e4lt Acetoin und\/oder Acetylpropionyl.<\/div>\n<div><\/div>\n<div>Anmerkungen<\/div>\n<div><\/div>\n<div>Wir empfehlen, die meisten Capella-Konzentrate anfangs mit etwa 15% zu mischen und dann nach Ihrem pers\u00f6nlichen Geschmack anzupassen.<\/div>\n<div>Alle Capella-Konzentrate sind PG-basiert.<\/div>\n<div>Zwischen verschiedenen Chargen desselben Aromas kann es zu deutlichen Farbunterschieden kommen. Dies ist ein nat\u00fcrliches Ergebnis des Prozesses der Aromaherstellung.<\/div>\n<div>Dies ist ein konzentriertes Aroma zum Mischen in DIY E-Liquid. Es darf nicht unverd\u00fcnnt verdampft werden. Alle Capella-Aromakonzentrate sind auf PG-Basis.<\/div>\n<div>Gesundheit und Sicherheit<\/div>\n<div><\/div>\n<div>Wir empfehlen, beim Mischen von E-Liquid geeignete Schutzkleidung, chemikalienbest\u00e4ndige Handschuhe, Atemschutz und eine Schutzbrille zu tragen.<\/div>","protected":false},"excerpt":{"rendered":"<p>Die Geschmacksrichtung Apple Pie V1 von Capella verk\u00f6rpert den Geschmack eines klassischen amerikanischen Apfelkuchens, komplett mit kr\u00fcmeligem Teig und zart gebackenen \u00c4pfeln. <span style=\"color: #ff0000;\"><strong>Nicht unverd\u00fcnnt verdampfen.<\/strong><\/span><\/p>","protected":false},"featured_media":23094,"comment_status":"open","ping_status":"closed","template":"","meta":{"_acf_changed":false,"_genesis_hide_title":false,"_genesis_hide_breadcrumbs":false,"_genesis_hide_singular_image":false,"_genesis_hide_footer_widgets":false,"_genesis_custom_body_class":"","_genesis_custom_post_class":"","_genesis_layout":""},"product_brand":[],"product_cat":[398,573],"product_tag":[],"class_list":{"1":"product","2":"type-product","6":"product_cat-capella-flavours-for-self-mixing-10-30-and-50-ml","7":"product_cat-flavours-for-e-liquid-mixing","8":"entry","10":"first","11":"instock","12":"taxable","13":"shipping-taxable","14":"purchasable","15":"product-type-variable"},"acf":[],"_links":{"self":[{"href":"https:\/\/eliquidnicotine.co.uk\/de\/wp-json\/wp\/v2\/product\/22560","targetHints":{"allow":["GET"]}}],"collection":[{"href":"https:\/\/eliquidnicotine.co.uk\/de\/wp-json\/wp\/v2\/product"}],"about":[{"href":"https:\/\/eliquidnicotine.co.uk\/de\/wp-json\/wp\/v2\/types\/product"}],"replies":[{"embeddable":true,"href":"https:\/\/eliquidnicotine.co.uk\/de\/wp-json\/wp\/v2\/comments?post=22560"}],"wp:featuredmedia":[{"embeddable":true,"href":"https:\/\/eliquidnicotine.co.uk\/de\/wp-json\/wp\/v2\/media\/23094"}],"wp:attachment":[{"href":"https:\/\/eliquidnicotine.co.uk\/de\/wp-json\/wp\/v2\/media?parent=22560"}],"wp:term":[{"taxonomy":"product_brand","embeddable":true,"href":"https:\/\/eliquidnicotine.co.uk\/de\/wp-json\/wp\/v2\/product_brand?post=22560"},{"taxonomy":"product_cat","embeddable":true,"href":"https:\/\/eliquidnicotine.co.uk\/de\/wp-json\/wp\/v2\/product_cat?post=22560"},{"taxonomy":"product_tag","embeddable":true,"href":"https:\/\/eliquidnicotine.co.uk\/de\/wp-json\/wp\/v2\/product_tag?post=22560"}],"curies":[{"name":"wp","href":"https:\/\/api.w.org\/{rel}","templated":true}]}}