{"id":22562,"date":"2022-01-06T08:49:19","date_gmt":"2022-01-06T08:49:19","guid":{"rendered":"https:\/\/eliquidnicotine.co.uk\/?post_type=product&#038;p=22562"},"modified":"2025-04-02T15:30:28","modified_gmt":"2025-04-02T14:30:28","slug":"capella-yellow-peach","status":"publish","type":"product","link":"https:\/\/eliquidnicotine.co.uk\/de\/shop\/capella-gelb-pfirsich\/","title":{"rendered":"Capella Gelber Pfirsich"},"content":{"rendered":"<div>Capella Yellow Peach Flavour Concentrate bietet den authentischen Geschmack von frisch gepfl\u00fcckten, s\u00fc\u00dfen und spritzigen Pfirsichen. In einen frischen, saftigen Pfirsich zu bei\u00dfen ist eine der unaufdringlichsten Freuden des Lebens, und das Capella Gelbe Pfirsich-Aromakonzentrat gibt diesen Geschmack so perfekt wieder, dass man fast die Flaumigkeit der Haut sp\u00fcren kann! Dieses Konzentrat verleiht einen s\u00fc\u00dfen, aber s\u00e4uerlichen Geschmack und eignet sich hervorragend f\u00fcr sich allein, kann aber auch verwendet werden, um einer Vielzahl von anderen Rezepten eine spritzige Pfirsichnote zu verleihen; probieren Sie es mit Capella Vanilleeis und Himbeerkonzentraten, um ein k\u00f6stliches Pfirsich-Melba zuzubereiten, oder verwenden Sie Capella Sugar Cookie, um einen Pfirsich-Crumble zu kreieren.<\/div>\n<div><\/div>\n<div>Empfohlener Mischungsanteil: 15%.<\/div>\n<div><\/div>\n<div>Empfohlene Infusionsdauer: 2 - 3 Wochen<\/div>\n<div><\/div>\n<div>Die Konzentrate von Capella geh\u00f6ren zu den besten der Welt und genie\u00dfen einen wohlverdienten Ruf unter den DIY-Vapern. Der Name Capella ist weltbekannt f\u00fcr eine breite Palette von gro\u00dfartig schmeckenden Aromen, die mit den besten Zutaten in ihrer Produktionsst\u00e4tte in Kalifornien, USA, hergestellt werden. Alle Capella-Aromakonzentrate erf\u00fcllen die strengsten Qualit\u00e4ts- und Reinheitsstandards, die vom Staat Kalifornien festgelegt wurden.<\/div>\n<div><\/div>\n<div>Inhaltsstoffe<\/div>\n<div><\/div>\n<div>Nat\u00fcrliche Aromen, Propylenglykol.<\/div>\n<div><\/div>\n<div>Anmerkungen<\/div>\n<div><\/div>\n<div>Wir empfehlen, die meisten Capella-Konzentrate anfangs mit etwa 15% zu mischen und dann nach Ihrem pers\u00f6nlichen Geschmack anzupassen.<\/div>\n<div>Alle Capella-Konzentrate sind PG-basiert.<\/div>\n<div>Zwischen verschiedenen Chargen desselben Aromas kann es zu deutlichen Farbunterschieden kommen. Dies ist ein nat\u00fcrliches Ergebnis des Prozesses der Aromaherstellung.<\/div>\n<div>Dies ist ein konzentriertes Aroma zum Mischen in DIY E-Liquid. Es darf nicht unverd\u00fcnnt verdampft werden. Alle Capella-Aromakonzentrate sind auf PG-Basis.<\/div>\n<div>Gesundheit und Sicherheit<\/div>\n<div><\/div>\n<div>Wir empfehlen, beim Mischen von E-Liquid geeignete Schutzkleidung, chemikalienbest\u00e4ndige Handschuhe, Atemschutz und eine Schutzbrille zu tragen.<\/div>","protected":false},"excerpt":{"rendered":"<p>Capella Yellow Peach Concentrate bietet den authentischen Geschmack von frisch gepfl\u00fcckten, s\u00fc\u00dfen und spritzigen Pfirsichen. <span style=\"color: #ff0000;\"><strong>Nicht unverd\u00fcnnt verdampfen.<\/strong><\/span><\/p>","protected":false},"featured_media":23095,"comment_status":"open","ping_status":"closed","template":"","meta":{"_acf_changed":false,"_genesis_hide_title":false,"_genesis_hide_breadcrumbs":false,"_genesis_hide_singular_image":false,"_genesis_hide_footer_widgets":false,"_genesis_custom_body_class":"","_genesis_custom_post_class":"","_genesis_layout":""},"product_brand":[],"product_cat":[398,573],"product_tag":[],"class_list":{"1":"product","2":"type-product","6":"product_cat-capella-flavours-for-self-mixing-10-30-and-50-ml","7":"product_cat-flavours-for-e-liquid-mixing","8":"entry","10":"first","11":"outofstock","12":"taxable","13":"shipping-taxable","14":"purchasable","15":"product-type-variable"},"acf":[],"_links":{"self":[{"href":"https:\/\/eliquidnicotine.co.uk\/de\/wp-json\/wp\/v2\/product\/22562","targetHints":{"allow":["GET"]}}],"collection":[{"href":"https:\/\/eliquidnicotine.co.uk\/de\/wp-json\/wp\/v2\/product"}],"about":[{"href":"https:\/\/eliquidnicotine.co.uk\/de\/wp-json\/wp\/v2\/types\/product"}],"replies":[{"embeddable":true,"href":"https:\/\/eliquidnicotine.co.uk\/de\/wp-json\/wp\/v2\/comments?post=22562"}],"wp:featuredmedia":[{"embeddable":true,"href":"https:\/\/eliquidnicotine.co.uk\/de\/wp-json\/wp\/v2\/media\/23095"}],"wp:attachment":[{"href":"https:\/\/eliquidnicotine.co.uk\/de\/wp-json\/wp\/v2\/media?parent=22562"}],"wp:term":[{"taxonomy":"product_brand","embeddable":true,"href":"https:\/\/eliquidnicotine.co.uk\/de\/wp-json\/wp\/v2\/product_brand?post=22562"},{"taxonomy":"product_cat","embeddable":true,"href":"https:\/\/eliquidnicotine.co.uk\/de\/wp-json\/wp\/v2\/product_cat?post=22562"},{"taxonomy":"product_tag","embeddable":true,"href":"https:\/\/eliquidnicotine.co.uk\/de\/wp-json\/wp\/v2\/product_tag?post=22562"}],"curies":[{"name":"wp","href":"https:\/\/api.w.org\/{rel}","templated":true}]}}