{"id":22871,"date":"2022-01-06T08:49:57","date_gmt":"2022-01-06T08:49:57","guid":{"rendered":"https:\/\/eliquidnicotine.co.uk\/?post_type=product&#038;p=22871"},"modified":"2025-04-02T15:30:23","modified_gmt":"2025-04-02T14:30:23","slug":"capella-burley-tobacco","status":"publish","type":"product","link":"https:\/\/eliquidnicotine.co.uk\/de\/shop\/capella-burley-tobacco\/","title":{"rendered":"Capella Burley-Tabak"},"content":{"rendered":"<div>Capella Bold Burley Tobacco Concentrate liefert die Aromen und den Duft von leichten Burley-Tabakbl\u00e4ttern - reichhaltig und weich mit zarten blumigen Untert\u00f6nen, kein schwerer dunkler Tabakgeschmack. Capella Bold Burley hat ein weiches, warmes, recht trockenes Tabakaroma, begleitet von einer sanften S\u00fc\u00dfe und subtilen nussigen Noten. Burley-Tabak kann in vielen aromatischen Mischungen verwendet werden, da er einen recht neutralen Tabakgeschmack hat. Versuchen Sie, Marshmallow-, Honig- oder Karamellaromen hinzuzuf\u00fcgen, um Ihre eigenen E-Liquid-Rezepte mit Capella Bold Burley-Tabakkonzentrat zu kreieren.<\/div>\n<div><\/div>\n<div><\/div>\n<div>Empfohlener Mischungsanteil: 15%.<\/div>\n<div><\/div>\n<div><\/div>\n<div>Empfohlene Infusionsdauer: 1 - 3 Tage<\/div>\n<div><\/div>\n<div><\/div>\n<div>Die Konzentrate von Capella geh\u00f6ren zu den besten der Welt und genie\u00dfen einen wohlverdienten Ruf unter den DIY-Vapern. Der Name Capella ist weltbekannt f\u00fcr seine breite Palette an wohlschmeckenden Aromen, die in der Produktionsst\u00e4tte in Kalifornien, USA, mit den besten Zutaten hergestellt werden. Alle Capella-Aromakonzentrate erf\u00fcllen die strengsten Qualit\u00e4ts- und Reinheitsstandards, die vom Staat Kalifornien festgelegt wurden.<\/div>\n<div><\/div>\n<div><\/div>\n<div>Inhaltsstoffe<\/div>\n<div>Nat\u00fcrliche und k\u00fcnstliche Aromen und Propylenglykol.<\/div>\n<div><\/div>\n<div><\/div>\n<div>Anmerkungen<\/div>\n<div>Wir empfehlen, die meisten Capella-Konzentrate anfangs mit etwa 15% zu mischen und dann nach Ihrem pers\u00f6nlichen Geschmack anzupassen.<\/div>\n<div>Alle Capella-Konzentrate sind PG-basiert.<\/div>\n<div>Wir kaufen Gallonengr\u00f6\u00dfen direkt von Capella (in den USA) und f\u00fcllen sie hier im Vereinigten K\u00f6nigreich in Flaschengr\u00f6\u00dfen von 10 ml, 100 ml und 500 ml ab.<\/div>\n<div>Zwischen verschiedenen Chargen desselben Aromas kann es zu deutlichen Farbunterschieden kommen. Dies ist ein nat\u00fcrliches Ergebnis des Prozesses der Aromaherstellung.<\/div>\n<div>Dies ist ein konzentriertes Aroma zum Mischen in DIY E-Liquid. Es darf nicht unverd\u00fcnnt verdampft werden. Alle Capella-Aromakonzentrate sind auf PG-Basis.<\/div>\n<div>Gesundheit und Sicherheit<\/div>\n<div><\/div>\n<div><\/div>\n<div>Wir empfehlen, beim Mischen von E-Liquid geeignete Schutzkleidung, chemikalienbest\u00e4ndige Handschuhe, Atemschutz und eine Schutzbrille zu tragen.<\/div>","protected":false},"excerpt":{"rendered":"<p>Capella Bold Burley Tobacco Concentrate liefert den Geschmack und das Aroma von leichten Burley-Tabakbl\u00e4ttern - reichhaltig und weich mit zarten blumigen Untert\u00f6nen.<br \/>\n<span style=\"color: #ff0000;\"><strong>Nicht unverd\u00fcnnt verdampfen.<\/strong><\/span><\/p>","protected":false},"featured_media":23082,"comment_status":"open","ping_status":"closed","template":"","meta":{"_acf_changed":false,"_genesis_hide_title":false,"_genesis_hide_breadcrumbs":false,"_genesis_hide_singular_image":false,"_genesis_hide_footer_widgets":false,"_genesis_custom_body_class":"","_genesis_custom_post_class":"","_genesis_layout":""},"product_brand":[],"product_cat":[398,573],"product_tag":[],"class_list":{"1":"product","2":"type-product","6":"product_cat-capella-flavours-for-self-mixing-10-30-and-50-ml","7":"product_cat-flavours-for-e-liquid-mixing","8":"entry","10":"first","11":"instock","12":"taxable","13":"shipping-taxable","14":"purchasable","15":"product-type-variable"},"acf":[],"_links":{"self":[{"href":"https:\/\/eliquidnicotine.co.uk\/de\/wp-json\/wp\/v2\/product\/22871","targetHints":{"allow":["GET"]}}],"collection":[{"href":"https:\/\/eliquidnicotine.co.uk\/de\/wp-json\/wp\/v2\/product"}],"about":[{"href":"https:\/\/eliquidnicotine.co.uk\/de\/wp-json\/wp\/v2\/types\/product"}],"replies":[{"embeddable":true,"href":"https:\/\/eliquidnicotine.co.uk\/de\/wp-json\/wp\/v2\/comments?post=22871"}],"wp:featuredmedia":[{"embeddable":true,"href":"https:\/\/eliquidnicotine.co.uk\/de\/wp-json\/wp\/v2\/media\/23082"}],"wp:attachment":[{"href":"https:\/\/eliquidnicotine.co.uk\/de\/wp-json\/wp\/v2\/media?parent=22871"}],"wp:term":[{"taxonomy":"product_brand","embeddable":true,"href":"https:\/\/eliquidnicotine.co.uk\/de\/wp-json\/wp\/v2\/product_brand?post=22871"},{"taxonomy":"product_cat","embeddable":true,"href":"https:\/\/eliquidnicotine.co.uk\/de\/wp-json\/wp\/v2\/product_cat?post=22871"},{"taxonomy":"product_tag","embeddable":true,"href":"https:\/\/eliquidnicotine.co.uk\/de\/wp-json\/wp\/v2\/product_tag?post=22871"}],"curies":[{"name":"wp","href":"https:\/\/api.w.org\/{rel}","templated":true}]}}