{"id":22874,"date":"2022-01-06T08:44:58","date_gmt":"2022-01-06T08:44:58","guid":{"rendered":"https:\/\/eliquidnicotine.co.uk\/?post_type=product&#038;p=22874"},"modified":"2025-04-02T15:30:16","modified_gmt":"2025-04-02T14:30:16","slug":"capella-berry-blend","status":"publish","type":"product","link":"https:\/\/eliquidnicotine.co.uk\/de\/shop\/capella-beer-blend\/","title":{"rendered":"Capella Beerenmischung"},"content":{"rendered":"<div>Eine einzigartige Mischung aus s\u00fc\u00dfen Beerenaromen mit einem Hauch von Anis und Eukalyptus. Brandneu. Inspiriert durch den europ\u00e4ischen Gaumen.<\/div>\n<div><\/div>\n<div>Empfohlener Mischungsanteil: 15%.<\/div>\n<div><\/div>\n<div>Empfohlene Ziehzeit: Shake n' Vape<\/div>\n<div><\/div>\n<div>Die Konzentrate von Capella geh\u00f6ren zu den besten der Welt und genie\u00dfen einen wohlverdienten Ruf unter den DIY-Vapern. Der Name Capella ist weltbekannt f\u00fcr eine breite Palette von gro\u00dfartig schmeckenden Aromen, die mit den besten Zutaten in ihrer Produktionsst\u00e4tte in Kalifornien, USA, hergestellt werden. Alle Capella-Aromakonzentrate erf\u00fcllen die strengsten Qualit\u00e4ts- und Reinheitsstandards, die vom Staat Kalifornien festgelegt wurden.<\/div>\n<div><\/div>\n<div>Inhaltsstoffe<\/div>\n<div><\/div>\n<div>K\u00fcnstliche und nat\u00fcrliche Aromen, Propylenglykol, Benzylalkohol.<\/div>\n<div><\/div>\n<div>Anmerkungen<\/div>\n<div><\/div>\n<div>Wir empfehlen, die meisten Capella-Konzentrate anfangs mit etwa 15% zu mischen und dann nach Ihrem pers\u00f6nlichen Geschmack anzupassen.<\/div>\n<div>Alle Capella-Konzentrate sind PG-basiert.<\/div>\n<div>Zwischen verschiedenen Chargen desselben Aromas kann es zu deutlichen Farbunterschieden kommen. Dies ist ein nat\u00fcrliches Ergebnis des Prozesses der Aromaherstellung.<\/div>\n<div>Dies ist ein konzentriertes Aroma zum Mischen in DIY E-Liquid. Es darf nicht unverd\u00fcnnt verdampft werden. Alle Capella-Aromakonzentrate sind auf PG-Basis.<\/div>\n<div>Gesundheit und Sicherheit<\/div>\n<div><\/div>\n<div>Wir empfehlen, beim Mischen von E-Liquid geeignete Schutzkleidung, chemikalienbest\u00e4ndige Handschuhe, Atemschutz und eine Schutzbrille zu tragen.<\/div>\n<div><\/div>\n<div>\u00dcbersetzt mit www.DeepL.com\/Translator (kostenlose Version)<\/div>","protected":false},"excerpt":{"rendered":"<p>Eine einzigartige Mischung aus s\u00fc\u00dfen Beerenaromen mit einem Hauch von Anis und Eukalyptus. Brandneu. Inspiriert durch den europ\u00e4ischen Gaumen. <strong><span style=\"color: #ff0000;\">Nicht ohne Verd\u00fcnnung verdampfen.<\/span><\/strong><\/p>","protected":false},"featured_media":23074,"comment_status":"open","ping_status":"closed","template":"","meta":{"_acf_changed":false,"_genesis_hide_title":false,"_genesis_hide_breadcrumbs":false,"_genesis_hide_singular_image":false,"_genesis_hide_footer_widgets":false,"_genesis_custom_body_class":"","_genesis_custom_post_class":"","_genesis_layout":""},"product_brand":[],"product_cat":[398,573],"product_tag":[],"class_list":{"1":"product","2":"type-product","6":"product_cat-capella-flavours-for-self-mixing-10-30-and-50-ml","7":"product_cat-flavours-for-e-liquid-mixing","8":"entry","10":"first","11":"instock","12":"taxable","13":"shipping-taxable","14":"purchasable","15":"product-type-variable"},"acf":[],"_links":{"self":[{"href":"https:\/\/eliquidnicotine.co.uk\/de\/wp-json\/wp\/v2\/product\/22874","targetHints":{"allow":["GET"]}}],"collection":[{"href":"https:\/\/eliquidnicotine.co.uk\/de\/wp-json\/wp\/v2\/product"}],"about":[{"href":"https:\/\/eliquidnicotine.co.uk\/de\/wp-json\/wp\/v2\/types\/product"}],"replies":[{"embeddable":true,"href":"https:\/\/eliquidnicotine.co.uk\/de\/wp-json\/wp\/v2\/comments?post=22874"}],"wp:featuredmedia":[{"embeddable":true,"href":"https:\/\/eliquidnicotine.co.uk\/de\/wp-json\/wp\/v2\/media\/23074"}],"wp:attachment":[{"href":"https:\/\/eliquidnicotine.co.uk\/de\/wp-json\/wp\/v2\/media?parent=22874"}],"wp:term":[{"taxonomy":"product_brand","embeddable":true,"href":"https:\/\/eliquidnicotine.co.uk\/de\/wp-json\/wp\/v2\/product_brand?post=22874"},{"taxonomy":"product_cat","embeddable":true,"href":"https:\/\/eliquidnicotine.co.uk\/de\/wp-json\/wp\/v2\/product_cat?post=22874"},{"taxonomy":"product_tag","embeddable":true,"href":"https:\/\/eliquidnicotine.co.uk\/de\/wp-json\/wp\/v2\/product_tag?post=22874"}],"curies":[{"name":"wp","href":"https:\/\/api.w.org\/{rel}","templated":true}]}}