{"id":23625,"date":"2022-05-24T12:52:09","date_gmt":"2022-05-24T11:52:09","guid":{"rendered":"https:\/\/eliquidnicotine.co.uk\/?post_type=product&#038;p=23625"},"modified":"2025-04-02T15:25:40","modified_gmt":"2025-04-02T14:25:40","slug":"pistachio-tpa-tfa","status":"publish","type":"product","link":"https:\/\/eliquidnicotine.co.uk\/de\/shop\/pistazien-tpa-tfa\/","title":{"rendered":"Pistazie TPA\/TFA"},"content":{"rendered":"<p>Perfumer's Apprentice Pistachio Concentrate gibt den k\u00f6stlichen Geschmack von weichen, reichhaltigen und cremigen Pistazien originalgetreu wieder. Dieses Aromakonzentrat hat einen so guten Pistaziengeschmack, dass Sie es problemlos als eigenst\u00e4ndiges Produkt verwenden k\u00f6nnen, aber es ist wichtig, dieses Aroma zu infundieren, da es wirklich eine ganze Woche braucht, um sich richtig zu entwickeln. Perfumer's Apprentice Pistachio Concentrate ist eine \u00e4u\u00dferst vielseitige Zutat, die B\u00e4ckerei-, Dessert- und sogar Tabakaromen erg\u00e4nzt, so dass Sie es auf jeden Fall in Ihrem Mischschrank vorr\u00e4tig haben sollten. Eine einfache Rezeptidee ist, es zu Vanilleeis hinzuzuf\u00fcgen, um ein wunderbar weiches und k\u00f6stliches E-Liquid herzustellen.<\/p>\n<p>Empfohlener Prozentsatz: 5 - 10%<\/p>\n<p>Empfohlene Infusionsdauer: 1 - 2 Wochen<\/p>\n<p>Die Geschmackskonzentrate von Perfumer's Apprentice geh\u00f6ren zu den besten der Welt und genie\u00dfen einen zuverl\u00e4ssigen und wohlverdienten Ruf unter DIY-Vapern. Gegr\u00fcndet im Jahr 2004 in Santa Cruz, Kalifornien, stellt Perfumer's Apprentice seine Aromakonzentrate nur aus den besten Zutaten her, die alle lebensmittelecht sind und die strengsten Qualit\u00e4ts- und Reinheitsstandards des Staates Kalifornien erf\u00fcllen.<\/p>\n<p>Inhaltsstoffe<br \/>\nK\u00fcnstliche Aromen, Propylenglykol, Wasser.<\/p>\n<p>Anmerkungen<br \/>\nDies ist ein konzentriertes Aroma, das in ein DIY-E-Liquid gemischt wird. Es sollte nicht unverd\u00fcnnt geraucht werden.<br \/>\nWir empfehlen, die meisten Perfumer's Apprentice-Konzentrate anfangs mit etwa 5-10% zu mischen und dann nach Ihrem pers\u00f6nlichen Geschmack anzupassen.<br \/>\nAlle Perfumer's Apprentice-Konzentrate, die wir f\u00fchren, sind auf PG-Basis.<br \/>\nZwischen verschiedenen Chargen desselben Aromas kann es zu deutlichen Farbunterschieden kommen. Dies ist ein nat\u00fcrliches Ergebnis des Prozesses der Aromabildung.<br \/>\nThe Perfumer's Apprentice und The Flavour Apprentice sind das gleiche Unternehmen und die Produkte sind die gleichen. Wir verwenden den Namen Perfumer's Apprentice nur, weil er besser bekannt ist.<\/p>","protected":false},"excerpt":{"rendered":"<p>Perfumer's Apprentice Pistachio Concentrate gibt den k\u00f6stlichen Geschmack von weichen, reichhaltigen und cremigen Pistazien originalgetreu wieder.<br \/>\nEmpfohlener Prozentsatz: 5 - 10%<br \/>\nEmpfohlene Infusionsdauer: 1 - 2 Wochen<\/p>\n<p><span style=\"color: #ff0000;\">Es handelt sich um ein Konzentrat, das nicht unverd\u00fcnnt verwendet werden darf.<\/span><\/p>","protected":false},"featured_media":26217,"comment_status":"open","ping_status":"closed","template":"","meta":{"_acf_changed":false,"_genesis_hide_title":false,"_genesis_hide_breadcrumbs":false,"_genesis_hide_singular_image":false,"_genesis_hide_footer_widgets":false,"_genesis_custom_body_class":"","_genesis_custom_post_class":"","_genesis_layout":""},"product_brand":[],"product_cat":[573,243],"product_tag":[],"class_list":{"1":"product","2":"type-product","6":"product_cat-flavours-for-e-liquid-mixing","7":"product_cat-tpa-flavours-for-self-mixing","8":"entry","10":"first","11":"outofstock","12":"taxable","13":"shipping-taxable","14":"purchasable","15":"product-type-variable"},"acf":[],"_links":{"self":[{"href":"https:\/\/eliquidnicotine.co.uk\/de\/wp-json\/wp\/v2\/product\/23625","targetHints":{"allow":["GET"]}}],"collection":[{"href":"https:\/\/eliquidnicotine.co.uk\/de\/wp-json\/wp\/v2\/product"}],"about":[{"href":"https:\/\/eliquidnicotine.co.uk\/de\/wp-json\/wp\/v2\/types\/product"}],"replies":[{"embeddable":true,"href":"https:\/\/eliquidnicotine.co.uk\/de\/wp-json\/wp\/v2\/comments?post=23625"}],"wp:featuredmedia":[{"embeddable":true,"href":"https:\/\/eliquidnicotine.co.uk\/de\/wp-json\/wp\/v2\/media\/26217"}],"wp:attachment":[{"href":"https:\/\/eliquidnicotine.co.uk\/de\/wp-json\/wp\/v2\/media?parent=23625"}],"wp:term":[{"taxonomy":"product_brand","embeddable":true,"href":"https:\/\/eliquidnicotine.co.uk\/de\/wp-json\/wp\/v2\/product_brand?post=23625"},{"taxonomy":"product_cat","embeddable":true,"href":"https:\/\/eliquidnicotine.co.uk\/de\/wp-json\/wp\/v2\/product_cat?post=23625"},{"taxonomy":"product_tag","embeddable":true,"href":"https:\/\/eliquidnicotine.co.uk\/de\/wp-json\/wp\/v2\/product_tag?post=23625"}],"curies":[{"name":"wp","href":"https:\/\/api.w.org\/{rel}","templated":true}]}}