{"id":23908,"date":"2022-05-20T12:44:40","date_gmt":"2022-05-20T12:44:40","guid":{"rendered":"https:\/\/eliquidnicotine.co.uk\/?post_type=product&#038;p=23908"},"modified":"2025-04-02T15:25:35","modified_gmt":"2025-04-02T14:25:35","slug":"vanilla-swirl-tpa","status":"publish","type":"product","link":"https:\/\/eliquidnicotine.co.uk\/de\/shop\/vanilla-swirl-tpa\/","title":{"rendered":"Vanille-Strudel TPA"},"content":{"rendered":"<p>Perfumer's Apprentice Vanilla Swirl Concentrate hat ein wunderbar reiches Aroma mit einem cremigen Vanillegeschmack. Als Alternative zum beliebten Vanilla Custard von The Perfumer's Apprentice enth\u00e4lt dieses Aroma keine Vanillenoten, die potenziell Acetone bilden k\u00f6nnten (Acetoin, Diacetyl und Acetylpropionyl). F\u00fcr viele Verwender ist Capella der K\u00f6nig der Vanillearomen, aber andere finden, dass dieses Vanillearoma von Perfumer's Apprentice besser ist, da seine Vanillenoten etwas st\u00e4rker ausgepr\u00e4gt sind. Wie bei allen Aromen ist der Geschmack subjektiv, aber Sie werden feststellen, dass dies ein wunderbar weiches und s\u00fc\u00dfes Konzentrat ist, das in einer Vielzahl von Kuchen- oder Dessertrezepten verwendet werden kann, wo es einen weichen und cremigen Vanillegeschmack ohne Pudding verleiht.<\/p>\n<p>Empfohlener Prozentsatz: 5 - 10%<\/p>\n<p>Empfohlene Infusionsdauer: 1 - 4 Wochen<\/p>\n<p>Das Original Vanilla Custard von Perfumer's Apprentice finden Sie hier.<\/p>\n<p>Die Geschmackskonzentrate von Perfumer's Apprentice geh\u00f6ren zu den besten der Welt und genie\u00dfen unter DIY-Vapern einen vertrauensw\u00fcrdigen und wohlverdienten Ruf. Das 2004 in Santa Cruz, Kalifornien, gegr\u00fcndete Unternehmen Perfumer's Apprentice verwendet f\u00fcr die Herstellung seiner Aromakonzentrate nur die feinsten Zutaten, die alle lebensmittelecht sind und die strengsten Qualit\u00e4ts- und Reinheitsstandards des Staates Kalifornien erf\u00fcllen.<\/p>\n<p>&nbsp;<\/p>\n<p>Inhaltsstoffe<\/p>\n<p>K\u00fcnstliche Aromen, Propylenglykol, Wasser.<\/p>\n<p>Anmerkungen<br \/>\nDies ist ein konzentriertes Aroma, das in ein DIY-E-Liquid gemischt wird. Es sollte nicht unverd\u00fcnnt geraucht werden.<br \/>\nWir empfehlen, die meisten Perfumer's Apprentice-Konzentrate anfangs mit etwa 5-10% zu mischen und dann nach Ihrem pers\u00f6nlichen Geschmack anzupassen.<br \/>\nAlle von uns angebotenen Perfumer's Apprentice-Konzentrate sind PG-basiert.<br \/>\nZwischen verschiedenen Chargen desselben Aromas kann es zu deutlichen Farbunterschieden kommen. Dies ist ein nat\u00fcrliches Ergebnis des Herstellungsprozesses von Aromen.<br \/>\nThe Perfumer's Apprentice und The Flavour Apprentice sind das gleiche Unternehmen und die Produkte sind die gleichen. Wir verwenden den Namen Perfumer's Apprentice nur, weil er besser bekannt ist.<\/p>\n<p>&nbsp;<\/p>","protected":false},"excerpt":{"rendered":"<p>Perfumer's Apprentice Vanilla Swirl Concentrate hat ein herrlich reichhaltiges Aroma mit einem cremigen Vanillegeschmack - eine Alternative zu TPA Vanilla Custard.<br \/>\nEmpfohlener Prozentsatz: 5 - 10%<br \/>\nEmpfohlene Ziehzeit: 1 - 4 Wochen<br \/>\n<span style=\"color: #ff0000;\">Es handelt sich um ein Konzentrat, das nicht unverd\u00fcnnt verwendet werden darf.<\/span><\/p>","protected":false},"featured_media":26144,"comment_status":"open","ping_status":"closed","template":"","meta":{"_acf_changed":false,"_genesis_hide_title":false,"_genesis_hide_breadcrumbs":false,"_genesis_hide_singular_image":false,"_genesis_hide_footer_widgets":false,"_genesis_custom_body_class":"","_genesis_custom_post_class":"","_genesis_layout":""},"product_brand":[],"product_cat":[573,243],"product_tag":[],"class_list":{"1":"product","2":"type-product","6":"product_cat-flavours-for-e-liquid-mixing","7":"product_cat-tpa-flavours-for-self-mixing","8":"entry","10":"first","11":"outofstock","12":"taxable","13":"shipping-taxable","14":"purchasable","15":"product-type-variable"},"acf":[],"_links":{"self":[{"href":"https:\/\/eliquidnicotine.co.uk\/de\/wp-json\/wp\/v2\/product\/23908","targetHints":{"allow":["GET"]}}],"collection":[{"href":"https:\/\/eliquidnicotine.co.uk\/de\/wp-json\/wp\/v2\/product"}],"about":[{"href":"https:\/\/eliquidnicotine.co.uk\/de\/wp-json\/wp\/v2\/types\/product"}],"replies":[{"embeddable":true,"href":"https:\/\/eliquidnicotine.co.uk\/de\/wp-json\/wp\/v2\/comments?post=23908"}],"wp:featuredmedia":[{"embeddable":true,"href":"https:\/\/eliquidnicotine.co.uk\/de\/wp-json\/wp\/v2\/media\/26144"}],"wp:attachment":[{"href":"https:\/\/eliquidnicotine.co.uk\/de\/wp-json\/wp\/v2\/media?parent=23908"}],"wp:term":[{"taxonomy":"product_brand","embeddable":true,"href":"https:\/\/eliquidnicotine.co.uk\/de\/wp-json\/wp\/v2\/product_brand?post=23908"},{"taxonomy":"product_cat","embeddable":true,"href":"https:\/\/eliquidnicotine.co.uk\/de\/wp-json\/wp\/v2\/product_cat?post=23908"},{"taxonomy":"product_tag","embeddable":true,"href":"https:\/\/eliquidnicotine.co.uk\/de\/wp-json\/wp\/v2\/product_tag?post=23908"}],"curies":[{"name":"wp","href":"https:\/\/api.w.org\/{rel}","templated":true}]}}