{"id":23909,"date":"2022-05-20T11:52:14","date_gmt":"2022-05-20T11:52:14","guid":{"rendered":"https:\/\/eliquidnicotine.co.uk\/?post_type=product&#038;p=23909"},"modified":"2025-04-02T15:25:29","modified_gmt":"2025-04-02T14:25:29","slug":"brown-sugar-tpa","status":"publish","type":"product","link":"https:\/\/eliquidnicotine.co.uk\/de\/shop\/brauner-zucker-tpa\/","title":{"rendered":"Brauner Zucker TPA"},"content":{"rendered":"<p>Perfumer's Apprentice Brown Sugar Concentrate eignet sich hervorragend zum Mischen in Dessert-E-Liquid-Rezepten, wo es eine reiche, dunkle S\u00fc\u00dfe hinzuf\u00fcgt. Die Zugabe von ein wenig von diesem vielseitigen Konzentrat kann wirklich den perfekten letzten Schliff zu vielen DIY-Mischungen bieten - vor allem B\u00e4ckerei und Kuchen. Probieren Sie Perfumer's Apprentice Brown Sugar Concentrate als Zusatz zu Apfel-, Zimt- oder sogar Kaffeerezepten - es wird Ihren E-Liquids eine k\u00f6stlich reiche und s\u00fc\u00dfe Tiefe verleihen, aber seien Sie sicher, dass Sie es anfangs sparsam verwenden, denn ein wenig reicht f\u00fcr einen langen Weg.<\/p>\n<p>Empfohlener Prozentsatz: 3-5%<\/p>\n<p>Empfohlene Infusionsdauer: 1-3 Wochen<\/p>\n<p>Die Aromakonzentrate von Perfumer's Apprentice geh\u00f6ren zu den besten der Welt und haben einen zuverl\u00e4ssigen und wohlverdienten Ruf unter DIY-Vapern. Das 2004 in Santa Cruz, Kalifornien, gegr\u00fcndete Unternehmen Perfumers Apprentice stellt seine Aromakonzentrate nur aus den besten Zutaten her, die alle lebensmittelecht sind und die strengsten Qualit\u00e4ts- und Reinheitsstandards des Staates Kalifornien erf\u00fcllen.<\/p>\n<p>Inhaltsstoffe<br \/>\nK\u00fcnstliche Aromen, Propylenglykol, Acetoin, Acetylpropionyl.<\/p>\n<p>Anmerkungen<br \/>\nDies ist ein konzentriertes Aroma, das in ein DIY E-Liquid gemischt wird. Es sollte nicht unverd\u00fcnnt verdampft werden.<br \/>\nWir empfehlen, die meisten Perfumer's Apprentice-Konzentrate anfangs mit etwa 5-10% zu mischen und dann nach Ihrem pers\u00f6nlichen Geschmack anzupassen.<br \/>\nAlle von uns angebotenen Perfumer's Apprentice-Konzentrate sind PG-basiert.<br \/>\nZwischen verschiedenen Chargen desselben Aromas kann es zu deutlichen Farbunterschieden kommen. Dies ist ein nat\u00fcrliches Ergebnis des Aromaproduktionsprozesses.<br \/>\nThe Perfumer's Apprentice und The Flavour Apprentice sind das gleiche Unternehmen und die Produkte sind die gleichen. Wir verwenden den Namen Perfumer's Apprentice nur, weil er besser bekannt ist.<\/p>\n<p>&nbsp;<\/p>","protected":false},"excerpt":{"rendered":"<p>Perfumer's Apprentice Brown Sugar Concentrate eignet sich gut zum Mischen in e-Liquid-Rezepten f\u00fcr Desserts, denen es eine reiche, dunkle S\u00fc\u00dfe verleiht.<br \/>\nEmpfohlener Prozentsatz: 3-5%<br \/>\nEmpfohlene Infusionsdauer: 1-3 Wochen<br \/>\n<span style=\"color: #ff0000;\">Es handelt sich um ein Konzentrat, das nicht unverd\u00fcnnt verwendet werden darf.<\/span><\/p>","protected":false},"featured_media":26140,"comment_status":"open","ping_status":"closed","template":"","meta":{"_acf_changed":false,"_genesis_hide_title":false,"_genesis_hide_breadcrumbs":false,"_genesis_hide_singular_image":false,"_genesis_hide_footer_widgets":false,"_genesis_custom_body_class":"","_genesis_custom_post_class":"","_genesis_layout":""},"product_brand":[],"product_cat":[573,243],"product_tag":[],"class_list":{"1":"product","2":"type-product","6":"product_cat-flavours-for-e-liquid-mixing","7":"product_cat-tpa-flavours-for-self-mixing","8":"entry","10":"first","11":"outofstock","12":"taxable","13":"shipping-taxable","14":"purchasable","15":"product-type-variable"},"acf":[],"_links":{"self":[{"href":"https:\/\/eliquidnicotine.co.uk\/de\/wp-json\/wp\/v2\/product\/23909","targetHints":{"allow":["GET"]}}],"collection":[{"href":"https:\/\/eliquidnicotine.co.uk\/de\/wp-json\/wp\/v2\/product"}],"about":[{"href":"https:\/\/eliquidnicotine.co.uk\/de\/wp-json\/wp\/v2\/types\/product"}],"replies":[{"embeddable":true,"href":"https:\/\/eliquidnicotine.co.uk\/de\/wp-json\/wp\/v2\/comments?post=23909"}],"wp:featuredmedia":[{"embeddable":true,"href":"https:\/\/eliquidnicotine.co.uk\/de\/wp-json\/wp\/v2\/media\/26140"}],"wp:attachment":[{"href":"https:\/\/eliquidnicotine.co.uk\/de\/wp-json\/wp\/v2\/media?parent=23909"}],"wp:term":[{"taxonomy":"product_brand","embeddable":true,"href":"https:\/\/eliquidnicotine.co.uk\/de\/wp-json\/wp\/v2\/product_brand?post=23909"},{"taxonomy":"product_cat","embeddable":true,"href":"https:\/\/eliquidnicotine.co.uk\/de\/wp-json\/wp\/v2\/product_cat?post=23909"},{"taxonomy":"product_tag","embeddable":true,"href":"https:\/\/eliquidnicotine.co.uk\/de\/wp-json\/wp\/v2\/product_tag?post=23909"}],"curies":[{"name":"wp","href":"https:\/\/api.w.org\/{rel}","templated":true}]}}