{"id":25154,"date":"2022-05-20T11:14:08","date_gmt":"2022-05-20T11:14:08","guid":{"rendered":"https:\/\/eliquidnicotine.co.uk\/?post_type=product&#038;p=25154"},"modified":"2025-04-02T15:30:03","modified_gmt":"2025-04-02T14:30:03","slug":"capella-juicy-peach","status":"publish","type":"product","link":"https:\/\/eliquidnicotine.co.uk\/de\/shop\/capella-saft-pfirsich\/","title":{"rendered":"Capella Saftiger Pfirsich"},"content":{"rendered":"<p>Capella Juicy Peach Concentrate bietet den authentischen Geschmack von frisch gepfl\u00fcckten, s\u00fc\u00dfen und saftigen Pfirsichen. In einem frischen Pfirsich zu bei\u00dfen, der vor Saftigkeit strotzt, ist eine der unaufdringlichsten Freuden des Lebens, und Capella Juicy Peach Flavour Concentrate gibt diesen Geschmack so perfekt wieder, dass man fast die Flaumigkeit der Haut sp\u00fcren kann! Dieses Konzentrat eignet sich hervorragend als eigenst\u00e4ndiges Produkt, kann aber auch verwendet werden, um einer Vielzahl von Rezepten Pfirsicharoma zu verleihen. Probieren Sie es mit Capella Vanilleeis- und Himbeerkonzentraten, um eine k\u00f6stliche Pfirsich-Melba herzustellen, oder verwenden Sie Capella Sugar Cookie, um einen Pfirsich-Crumble zu kreieren.<\/p>\n<p>Empfohlener Mischungsprozentsatz: 15%<\/p>\n<p>Empfohlene Ziehzeit: Shake n' Vape<\/p>\n<p>Capella-Konzentrate geh\u00f6ren zu den besten der Welt und genie\u00dfen einen wohlverdienten Ruf unter DIY-Vapern. Der Name Capella ist weltbekannt f\u00fcr eine gro\u00dfe Auswahl an gro\u00dfartig schmeckenden Aromen, die mit den feinsten Zutaten in ihrer Produktionsst\u00e4tte in Kalifornien, USA, hergestellt werden. Alle Capella-Aromakonzentrate entsprechen den strengsten Qualit\u00e4ts- und Reinheitsstandards, die vom Staat Kalifornien vorgegeben werden.<\/p>\n<p>Inhaltsstoffe<\/p>\n<p>Nat\u00fcrliche und k\u00fcnstliche Aromastoffe, Propylenglykol, Wasser.<\/p>\n<p>Anmerkungen<\/p>\n<p>Wir empfehlen, die meisten Capella-Konzentrate anfangs mit ca. 15% zu mischen und dann nach Ihrem pers\u00f6nlichen Geschmack anzupassen.<br \/>\nAlle Capella-Konzentrate sind PG-basiert.<br \/>\nEs kann zu deutlichen Farbunterschieden zwischen verschiedenen Chargen desselben Aromas kommen. Dies ist ein nat\u00fcrliches Ergebnis des Aromaherstellungsprozesses.<br \/>\nDies ist ein konzentriertes Aroma zum Mischen in DIY-E-Liquid. Es darf nicht unverd\u00fcnnt verdampft werden. Alle Capella-Aromakonzentrate sind auf PG-Basis.<br \/>\nGesundheit und Sicherheit<\/p>\n<p>Wir empfehlen das Tragen von geeigneter Schutzkleidung, chemikalienbest\u00e4ndigen Handschuhen, Atemschutz und Schutzbrille beim Mischen von E-Liquid.<\/p>","protected":false},"excerpt":{"rendered":"<p>Capella Juicy Peach Concentrate bietet den authentischen Geschmack von frisch gepfl\u00fcckten, s\u00fc\u00dfen und saftigen Pfirsichen. <span style=\"color: #ff0000;\">Nicht ohne Verd\u00fcnnung verdampfen<\/span><\/p>","protected":false},"featured_media":25985,"comment_status":"open","ping_status":"closed","template":"","meta":{"_acf_changed":false,"_genesis_hide_title":false,"_genesis_hide_breadcrumbs":false,"_genesis_hide_singular_image":false,"_genesis_hide_footer_widgets":false,"_genesis_custom_body_class":"","_genesis_custom_post_class":"","_genesis_layout":""},"product_brand":[],"product_cat":[398,573],"product_tag":[],"class_list":{"1":"product","2":"type-product","6":"product_cat-capella-flavours-for-self-mixing-10-30-and-50-ml","7":"product_cat-flavours-for-e-liquid-mixing","8":"entry","10":"first","11":"instock","12":"taxable","13":"shipping-taxable","14":"purchasable","15":"product-type-variable"},"acf":[],"_links":{"self":[{"href":"https:\/\/eliquidnicotine.co.uk\/de\/wp-json\/wp\/v2\/product\/25154","targetHints":{"allow":["GET"]}}],"collection":[{"href":"https:\/\/eliquidnicotine.co.uk\/de\/wp-json\/wp\/v2\/product"}],"about":[{"href":"https:\/\/eliquidnicotine.co.uk\/de\/wp-json\/wp\/v2\/types\/product"}],"replies":[{"embeddable":true,"href":"https:\/\/eliquidnicotine.co.uk\/de\/wp-json\/wp\/v2\/comments?post=25154"}],"wp:featuredmedia":[{"embeddable":true,"href":"https:\/\/eliquidnicotine.co.uk\/de\/wp-json\/wp\/v2\/media\/25985"}],"wp:attachment":[{"href":"https:\/\/eliquidnicotine.co.uk\/de\/wp-json\/wp\/v2\/media?parent=25154"}],"wp:term":[{"taxonomy":"product_brand","embeddable":true,"href":"https:\/\/eliquidnicotine.co.uk\/de\/wp-json\/wp\/v2\/product_brand?post=25154"},{"taxonomy":"product_cat","embeddable":true,"href":"https:\/\/eliquidnicotine.co.uk\/de\/wp-json\/wp\/v2\/product_cat?post=25154"},{"taxonomy":"product_tag","embeddable":true,"href":"https:\/\/eliquidnicotine.co.uk\/de\/wp-json\/wp\/v2\/product_tag?post=25154"}],"curies":[{"name":"wp","href":"https:\/\/api.w.org\/{rel}","templated":true}]}}