{"id":25425,"date":"2022-04-22T11:51:22","date_gmt":"2022-04-22T11:51:22","guid":{"rendered":"https:\/\/eliquidnicotine.co.uk\/?post_type=product&#038;p=25425"},"modified":"2025-06-17T15:15:33","modified_gmt":"2025-06-17T14:15:33","slug":"genuine-oriental","status":"publish","type":"product","link":"https:\/\/eliquidnicotine.co.uk\/de\/shop\/echt-orientalisch\/","title":{"rendered":"Echt orientalisch"},"content":{"rendered":"","protected":false},"excerpt":{"rendered":"<p>10 ml echtes orientalisches Tabakextrakt-Aroma f\u00fcr E-Liquid.<br \/>\nOrienttabak , auch T\u00fcrkischer Tabak genannt, ist eine Tabaksorte. Er ist vor allem f\u00fcr seine ausgepr\u00e4gteren Aromen als andere Tabaksorten bekannt. Es handelt sich um eine Sorte mit kleinen Bl\u00e4ttern, die an der Sonne getrocknet werden. Historisch gesehen wurde er in Thrakien und Mazedonien angebaut; heute erstreckt sich der Anbau von der griechischen K\u00fcste der T\u00fcrkei bis zum Schwarzen Meer, einschlie\u00dflich Bulgarien und Nordmazedonien. Orienttabak wird auch in \u00c4gypten und S\u00fcdafrika angebaut. Der Geschmack ist s\u00fc\u00dflich schwer, schwei\u00dftreibend und grasig.<\/p>","protected":false},"featured_media":25406,"comment_status":"open","ping_status":"closed","template":"","meta":{"_acf_changed":false,"_genesis_hide_title":false,"_genesis_hide_breadcrumbs":false,"_genesis_hide_singular_image":false,"_genesis_hide_footer_widgets":false,"_genesis_custom_body_class":"","_genesis_custom_post_class":"","_genesis_layout":""},"product_brand":[],"product_cat":[570],"product_tag":[],"class_list":{"1":"product","2":"type-product","6":"product_cat-genuine-tobacco-extract","7":"entry","9":"first","10":"outofstock","11":"taxable","12":"shipping-taxable","13":"product-type-simple"},"acf":[],"_links":{"self":[{"href":"https:\/\/eliquidnicotine.co.uk\/de\/wp-json\/wp\/v2\/product\/25425","targetHints":{"allow":["GET"]}}],"collection":[{"href":"https:\/\/eliquidnicotine.co.uk\/de\/wp-json\/wp\/v2\/product"}],"about":[{"href":"https:\/\/eliquidnicotine.co.uk\/de\/wp-json\/wp\/v2\/types\/product"}],"replies":[{"embeddable":true,"href":"https:\/\/eliquidnicotine.co.uk\/de\/wp-json\/wp\/v2\/comments?post=25425"}],"wp:featuredmedia":[{"embeddable":true,"href":"https:\/\/eliquidnicotine.co.uk\/de\/wp-json\/wp\/v2\/media\/25406"}],"wp:attachment":[{"href":"https:\/\/eliquidnicotine.co.uk\/de\/wp-json\/wp\/v2\/media?parent=25425"}],"wp:term":[{"taxonomy":"product_brand","embeddable":true,"href":"https:\/\/eliquidnicotine.co.uk\/de\/wp-json\/wp\/v2\/product_brand?post=25425"},{"taxonomy":"product_cat","embeddable":true,"href":"https:\/\/eliquidnicotine.co.uk\/de\/wp-json\/wp\/v2\/product_cat?post=25425"},{"taxonomy":"product_tag","embeddable":true,"href":"https:\/\/eliquidnicotine.co.uk\/de\/wp-json\/wp\/v2\/product_tag?post=25425"}],"curies":[{"name":"wp","href":"https:\/\/api.w.org\/{rel}","templated":true}]}}