{"id":25429,"date":"2022-04-22T11:49:00","date_gmt":"2022-04-22T11:49:00","guid":{"rendered":"https:\/\/eliquidnicotine.co.uk\/?post_type=product&#038;p=25429"},"modified":"2024-09-18T12:44:45","modified_gmt":"2024-09-18T11:44:45","slug":"genuine-temanggung","status":"publish","type":"product","link":"https:\/\/eliquidnicotine.co.uk\/de\/shop\/echt-temanggung\/","title":{"rendered":"Echte Temanggung"},"content":{"rendered":"","protected":false},"excerpt":{"rendered":"<p>10 ml echtes Temanggung-Tabakextrakt-Aroma zum Mischen von E-Liquid.<br \/>\nTemanggung-Tabak wird als aromatischer Tabak kategorisiert, der in der Umgebung der Berge Sumbing und Sindoro auf einer H\u00f6he von 600-1200 m \u00fcber dem Meeresspiegel angebaut wird. Die durchschnittliche Anbaufl\u00e4che betr\u00e4gt 11.000 ha pro Jahr, verteilt auf 12 Unterbezirke und 108 D\u00f6rfer des Bezirks Temanggung in Zentraljava.<\/p>","protected":false},"featured_media":25409,"comment_status":"open","ping_status":"closed","template":"","meta":{"_acf_changed":false,"_genesis_hide_title":false,"_genesis_hide_breadcrumbs":false,"_genesis_hide_singular_image":false,"_genesis_hide_footer_widgets":false,"_genesis_custom_body_class":"","_genesis_custom_post_class":"","_genesis_layout":""},"product_brand":[],"product_cat":[570],"product_tag":[],"class_list":{"1":"product","2":"type-product","6":"product_cat-genuine-tobacco-extract","7":"entry","9":"first","10":"outofstock","11":"taxable","12":"shipping-taxable","13":"product-type-simple"},"acf":[],"_links":{"self":[{"href":"https:\/\/eliquidnicotine.co.uk\/de\/wp-json\/wp\/v2\/product\/25429","targetHints":{"allow":["GET"]}}],"collection":[{"href":"https:\/\/eliquidnicotine.co.uk\/de\/wp-json\/wp\/v2\/product"}],"about":[{"href":"https:\/\/eliquidnicotine.co.uk\/de\/wp-json\/wp\/v2\/types\/product"}],"replies":[{"embeddable":true,"href":"https:\/\/eliquidnicotine.co.uk\/de\/wp-json\/wp\/v2\/comments?post=25429"}],"wp:featuredmedia":[{"embeddable":true,"href":"https:\/\/eliquidnicotine.co.uk\/de\/wp-json\/wp\/v2\/media\/25409"}],"wp:attachment":[{"href":"https:\/\/eliquidnicotine.co.uk\/de\/wp-json\/wp\/v2\/media?parent=25429"}],"wp:term":[{"taxonomy":"product_brand","embeddable":true,"href":"https:\/\/eliquidnicotine.co.uk\/de\/wp-json\/wp\/v2\/product_brand?post=25429"},{"taxonomy":"product_cat","embeddable":true,"href":"https:\/\/eliquidnicotine.co.uk\/de\/wp-json\/wp\/v2\/product_cat?post=25429"},{"taxonomy":"product_tag","embeddable":true,"href":"https:\/\/eliquidnicotine.co.uk\/de\/wp-json\/wp\/v2\/product_tag?post=25429"}],"curies":[{"name":"wp","href":"https:\/\/api.w.org\/{rel}","templated":true}]}}