{"id":25578,"date":"2022-04-26T14:13:32","date_gmt":"2022-04-26T14:13:32","guid":{"rendered":"https:\/\/eliquidnicotine.co.uk\/?post_type=product&#038;p=25578"},"modified":"2024-08-31T12:15:24","modified_gmt":"2024-08-31T11:15:24","slug":"dvtch-strawberry-banana-650-puffs","status":"publish","type":"product","link":"https:\/\/eliquidnicotine.co.uk\/de\/shop\/dvtch-erdbeer-banane-650-puffs\/","title":{"rendered":"DVTCH Erdbeer-Banane 650 Windbeutel"},"content":{"rendered":"<p>DVTCH Einweg-E-Zigaretten sind nicht nachf\u00fcllbar oder wiederaufladbar. Die E-Zigarette hat ein Fassungsverm\u00f6gen von 2 ml und ist mit Nikotinsalz-E-Liquid gef\u00fcllt. Die E-Zigarette reicht f\u00fcr etwa 650 Z\u00fcge. Au\u00dferdem ist die E-Zigarette mit einem automatischen Z\u00fcndmechanismus ausgestattet, die Batterie wird gez\u00fcndet, sobald sie inhaliert wird. W\u00e4hrend des Inhalierens leuchtet ein Licht auf, dies ist die Batterieanzeige. Wenn die Batterieanzeige blinkt, ist die Batterie leer. Wenn die Kapsel oder der Akku leer ist, muss die gesamte E-Zigarette entsorgt werden.<br \/>\nDie DVTCH Amsterdam Einweg-E-Zigaretten werden in Europa hergestellt und mit einem Beipackzettel geliefert, der \u00fcber den richtigen Gebrauch dieses Produkts informiert.<br \/>\n*Dieses Produkt enth\u00e4lt k\u00fcnstliche Aromen, um den Geschmack zu erreichen.<\/p>","protected":false},"excerpt":{"rendered":"<p>DVTCH Amsterdam - Strawberry Banana (1 St\u00fcck = 20mg\/ml).<br \/>\nGeschmacksbeschreibung (Hersteller): Erdbeere, Banane mit einem Zusatz von Minze (K\u00fchler).<br \/>\nNikotingehalt: 20mg\/ml<\/p>","protected":false},"featured_media":27457,"comment_status":"open","ping_status":"closed","template":"","meta":{"_acf_changed":false,"_genesis_hide_title":false,"_genesis_hide_breadcrumbs":false,"_genesis_hide_singular_image":false,"_genesis_hide_footer_widgets":false,"_genesis_custom_body_class":"","_genesis_custom_post_class":"","_genesis_layout":""},"product_brand":[],"product_cat":[587,590],"product_tag":[],"class_list":{"1":"product","2":"type-product","6":"product_cat-disposables","7":"product_cat-dvtch","8":"entry","10":"first","11":"outofstock","12":"taxable","13":"shipping-taxable","14":"product-type-variable"},"acf":[],"_links":{"self":[{"href":"https:\/\/eliquidnicotine.co.uk\/de\/wp-json\/wp\/v2\/product\/25578","targetHints":{"allow":["GET"]}}],"collection":[{"href":"https:\/\/eliquidnicotine.co.uk\/de\/wp-json\/wp\/v2\/product"}],"about":[{"href":"https:\/\/eliquidnicotine.co.uk\/de\/wp-json\/wp\/v2\/types\/product"}],"replies":[{"embeddable":true,"href":"https:\/\/eliquidnicotine.co.uk\/de\/wp-json\/wp\/v2\/comments?post=25578"}],"wp:featuredmedia":[{"embeddable":true,"href":"https:\/\/eliquidnicotine.co.uk\/de\/wp-json\/wp\/v2\/media\/27457"}],"wp:attachment":[{"href":"https:\/\/eliquidnicotine.co.uk\/de\/wp-json\/wp\/v2\/media?parent=25578"}],"wp:term":[{"taxonomy":"product_brand","embeddable":true,"href":"https:\/\/eliquidnicotine.co.uk\/de\/wp-json\/wp\/v2\/product_brand?post=25578"},{"taxonomy":"product_cat","embeddable":true,"href":"https:\/\/eliquidnicotine.co.uk\/de\/wp-json\/wp\/v2\/product_cat?post=25578"},{"taxonomy":"product_tag","embeddable":true,"href":"https:\/\/eliquidnicotine.co.uk\/de\/wp-json\/wp\/v2\/product_tag?post=25578"}],"curies":[{"name":"wp","href":"https:\/\/api.w.org\/{rel}","templated":true}]}}