{"id":25720,"date":"2022-05-20T11:02:01","date_gmt":"2022-05-20T11:02:01","guid":{"rendered":"https:\/\/eliquidnicotine.co.uk\/?post_type=product&#038;p=25720"},"modified":"2025-04-02T15:29:54","modified_gmt":"2025-04-02T14:29:54","slug":"cool-anise-bliss-capella","status":"publish","type":"product","link":"https:\/\/eliquidnicotine.co.uk\/de\/shop\/cool-anise-bliss-capella\/","title":{"rendered":"K\u00fchler Anis Bliss Capella"},"content":{"rendered":"<p>Eine perfekte Mischung aus Beeren und tropischen Noten mit einem Hauch von Menthol und Anis. Ganz neu. Inspiriert durch den europ\u00e4ischen Gaumen.<\/p>\n<p>Empfohlener Mischungsanteil: 15%.<\/p>\n<p>Empfohlene Ziehzeit: 1 Woche<\/p>\n<p>Die Konzentrate von Capella geh\u00f6ren zu den besten der Welt und genie\u00dfen einen wohlverdienten Ruf unter den DIY-Vapern. Der Name Capella ist weltbekannt f\u00fcr seine breite Palette an wohlschmeckenden Aromen, die in der Produktionsst\u00e4tte in Kalifornien, USA, mit den besten Zutaten hergestellt werden. Alle Capella-Aromakonzentrate erf\u00fcllen die strengsten Qualit\u00e4ts- und Reinheitsstandards, die der Staat Kalifornien vorschreibt.<\/p>\n<p>Inhaltsstoffe<\/p>\n<p>K\u00fcnstliche und nat\u00fcrliche Aromen, Propylenglykol, Benzylalkohol.<\/p>\n<p>Anmerkungen<\/p>\n<p>Wir empfehlen, die meisten Capella-Konzentrate anfangs mit etwa 15% zu mischen und dann nach Ihrem pers\u00f6nlichen Geschmack anzupassen.<br \/>\nAlle Capella-Konzentrate sind PG-basiert.<br \/>\nZwischen verschiedenen Chargen desselben Aromas kann es zu deutlichen Farbunterschieden kommen. Dies ist ein nat\u00fcrliches Ergebnis des Prozesses der Aromaherstellung.<br \/>\nEs handelt sich um ein konzentriertes Aroma, das in DIY-E-Liquid gemischt wird. Es darf nicht unverd\u00fcnnt verdampft werden. Alle Capella-Aromakonzentrate sind auf PG-Basis.<br \/>\nGesundheit und Sicherheit<\/p>\n<p>Wir empfehlen, beim Mischen von E-Liquid geeignete Schutzkleidung, chemikalienbest\u00e4ndige Handschuhe, Atemschutz und eine Schutzbrille zu tragen.<\/p>","protected":false},"excerpt":{"rendered":"<p>Eine perfekte Mischung aus Beeren und tropischen Noten mit einem Hauch von Menthol und Anis. Ganz neu. Inspiriert durch den europ\u00e4ischen Gaumen. <span style=\"color: #ff0000;\">Nicht ohne Verd\u00fcnnung verdampfen.<\/span><\/p>","protected":false},"featured_media":25986,"comment_status":"open","ping_status":"closed","template":"","meta":{"_acf_changed":false,"_genesis_hide_title":false,"_genesis_hide_breadcrumbs":false,"_genesis_hide_singular_image":false,"_genesis_hide_footer_widgets":false,"_genesis_custom_body_class":"","_genesis_custom_post_class":"","_genesis_layout":""},"product_brand":[],"product_cat":[398],"product_tag":[],"class_list":{"1":"product","2":"type-product","6":"product_cat-capella-flavours-for-self-mixing-10-30-and-50-ml","7":"entry","9":"first","10":"outofstock","11":"taxable","12":"shipping-taxable","13":"purchasable","14":"product-type-variable"},"acf":[],"_links":{"self":[{"href":"https:\/\/eliquidnicotine.co.uk\/de\/wp-json\/wp\/v2\/product\/25720","targetHints":{"allow":["GET"]}}],"collection":[{"href":"https:\/\/eliquidnicotine.co.uk\/de\/wp-json\/wp\/v2\/product"}],"about":[{"href":"https:\/\/eliquidnicotine.co.uk\/de\/wp-json\/wp\/v2\/types\/product"}],"replies":[{"embeddable":true,"href":"https:\/\/eliquidnicotine.co.uk\/de\/wp-json\/wp\/v2\/comments?post=25720"}],"wp:featuredmedia":[{"embeddable":true,"href":"https:\/\/eliquidnicotine.co.uk\/de\/wp-json\/wp\/v2\/media\/25986"}],"wp:attachment":[{"href":"https:\/\/eliquidnicotine.co.uk\/de\/wp-json\/wp\/v2\/media?parent=25720"}],"wp:term":[{"taxonomy":"product_brand","embeddable":true,"href":"https:\/\/eliquidnicotine.co.uk\/de\/wp-json\/wp\/v2\/product_brand?post=25720"},{"taxonomy":"product_cat","embeddable":true,"href":"https:\/\/eliquidnicotine.co.uk\/de\/wp-json\/wp\/v2\/product_cat?post=25720"},{"taxonomy":"product_tag","embeddable":true,"href":"https:\/\/eliquidnicotine.co.uk\/de\/wp-json\/wp\/v2\/product_tag?post=25720"}],"curies":[{"name":"wp","href":"https:\/\/api.w.org\/{rel}","templated":true}]}}