{"id":25979,"date":"2022-05-18T13:06:33","date_gmt":"2022-05-18T13:06:33","guid":{"rendered":"https:\/\/eliquidnicotine.co.uk\/?post_type=product&#038;p=25979"},"modified":"2025-11-24T11:27:29","modified_gmt":"2025-11-24T10:27:29","slug":"capella-kiwi-strawberry","status":"publish","type":"product","link":"https:\/\/eliquidnicotine.co.uk\/de\/shop\/capella-kiwi-erdbeere\/","title":{"rendered":"Capella Kiwi-Erdbeere"},"content":{"rendered":"<p>Das Capella Kiwi-Erdbeer-Aromakonzentrat strotzt vor k\u00f6stlicher Fruchtigkeit und bietet ein perfektes Gleichgewicht zwischen dem s\u00e4uerlichen Erdbeer- und dem tropischen Kiwi-Aroma. Die duftende Note frisch gepfl\u00fcckter Erdbeeren und die k\u00f6stliche Kiwifrucht vereinen sich zu einer wunderbaren Geschmacksmischung, die auch als eigenst\u00e4ndiges Produkt hervorragend schmeckt. In diesem Konzentrat wird Stevia-Extrakt als nat\u00fcrlicher S\u00fc\u00dfstoff verwendet, um die herbe Note der Erdbeere auszugleichen. Capella Kiwi-Erdbeere eignet sich hervorragend zum Mischen mit Sahne oder anderen Fr\u00fcchten als Zutat in einem DIY-Rezept.<\/p>\n<p>Empfohlener Mischungsanteil: 15%.<\/p>\n<p>Empfohlene Ziehzeit: Shake n' Vape<\/p>\n<p>Die Konzentrate von Capella geh\u00f6ren zu den besten der Welt und genie\u00dfen einen wohlverdienten Ruf unter den DIY-Vapern. Der Name Capella ist weltbekannt f\u00fcr eine breite Palette von gro\u00dfartig schmeckenden Aromen, die mit den besten Zutaten in ihrer Produktionsst\u00e4tte in Kalifornien, USA, hergestellt werden. Alle Capella-Aromakonzentrate erf\u00fcllen die strengsten Qualit\u00e4ts- und Reinheitsstandards, die der Staat Kalifornien vorschreibt.<\/p>\n<p>Inhaltsstoffe<\/p>\n<p>Nat\u00fcrliche und k\u00fcnstliche Aromen, Propylenglykol, Wasser, Stevia.<\/p>\n<p>Anmerkungen<\/p>\n<p>Wir empfehlen, die meisten Capella-Konzentrate anfangs mit etwa 15% zu mischen und dann nach Ihrem pers\u00f6nlichen Geschmack anzupassen.<br \/>\nAlle Capella-Konzentrate sind PG-basiert.<br \/>\nZwischen verschiedenen Chargen desselben Aromas kann es zu deutlichen Farbunterschieden kommen. Dies ist ein nat\u00fcrliches Ergebnis des Prozesses der Aromaherstellung.<br \/>\nDies ist ein konzentriertes Aroma zum Mischen in DIY E-Liquid. Es darf nicht unverd\u00fcnnt verdampft werden. Alle Capella-Aromakonzentrate sind auf PG-Basis.<br \/>\nGesundheit und Sicherheit<\/p>\n<p>Wir empfehlen, beim Mischen von E-Liquid geeignete Schutzkleidung, chemikalienbest\u00e4ndige Handschuhe, Atemschutz und eine Schutzbrille zu tragen.<\/p>","protected":false},"excerpt":{"rendered":"<p>Das Capella Kiwi-Erdbeer-Aromakonzentrat strotzt vor k\u00f6stlicher Fruchtigkeit und bietet ein perfektes Das Capella Kiwi-Erdbeer-Aromakonzentrat strotzt vor k\u00f6stlicher Fruchtigkeit und bietet ein perfektes Gleichgewicht zwischen dem herben Erdbeer- und dem tropischen Kiwi-Geschmack. Nicht ohne Verd\u00fcnnung verdampfen<\/p>","protected":false},"featured_media":25989,"comment_status":"open","ping_status":"closed","template":"","meta":{"_acf_changed":false,"_genesis_hide_title":false,"_genesis_hide_breadcrumbs":false,"_genesis_hide_singular_image":false,"_genesis_hide_footer_widgets":false,"_genesis_custom_body_class":"","_genesis_custom_post_class":"","_genesis_layout":""},"product_brand":[],"product_cat":[398,573],"product_tag":[],"class_list":{"1":"product","2":"type-product","6":"product_cat-capella-flavours-for-self-mixing-10-30-and-50-ml","7":"product_cat-flavours-for-e-liquid-mixing","8":"entry","10":"first","11":"instock","12":"taxable","13":"shipping-taxable","14":"purchasable","15":"product-type-variable"},"acf":[],"_links":{"self":[{"href":"https:\/\/eliquidnicotine.co.uk\/de\/wp-json\/wp\/v2\/product\/25979","targetHints":{"allow":["GET"]}}],"collection":[{"href":"https:\/\/eliquidnicotine.co.uk\/de\/wp-json\/wp\/v2\/product"}],"about":[{"href":"https:\/\/eliquidnicotine.co.uk\/de\/wp-json\/wp\/v2\/types\/product"}],"replies":[{"embeddable":true,"href":"https:\/\/eliquidnicotine.co.uk\/de\/wp-json\/wp\/v2\/comments?post=25979"}],"wp:featuredmedia":[{"embeddable":true,"href":"https:\/\/eliquidnicotine.co.uk\/de\/wp-json\/wp\/v2\/media\/25989"}],"wp:attachment":[{"href":"https:\/\/eliquidnicotine.co.uk\/de\/wp-json\/wp\/v2\/media?parent=25979"}],"wp:term":[{"taxonomy":"product_brand","embeddable":true,"href":"https:\/\/eliquidnicotine.co.uk\/de\/wp-json\/wp\/v2\/product_brand?post=25979"},{"taxonomy":"product_cat","embeddable":true,"href":"https:\/\/eliquidnicotine.co.uk\/de\/wp-json\/wp\/v2\/product_cat?post=25979"},{"taxonomy":"product_tag","embeddable":true,"href":"https:\/\/eliquidnicotine.co.uk\/de\/wp-json\/wp\/v2\/product_tag?post=25979"}],"curies":[{"name":"wp","href":"https:\/\/api.w.org\/{rel}","templated":true}]}}