{"id":25981,"date":"2022-05-18T12:52:43","date_gmt":"2022-05-18T12:52:43","guid":{"rendered":"https:\/\/eliquidnicotine.co.uk\/?post_type=product&#038;p=25981"},"modified":"2025-04-02T15:29:34","modified_gmt":"2025-04-02T14:29:34","slug":"capella-maple-syrup","status":"publish","type":"product","link":"https:\/\/eliquidnicotine.co.uk\/de\/shop\/kapella-ahorn-sirup\/","title":{"rendered":"Capella Ahornsirup"},"content":{"rendered":"<p>Capella Maple (Pancake) Syrup Concentrate liefert den einzigartigen s\u00fc\u00dfen, reichhaltigen Geschmack des klassischen amerikanischen Pfannkuchenbelags. Ahornsirup ist in den Vereinigten Staaten und Kanada sehr beliebt, wo er aus dem eingekochten Saft des Ahornbaums hergestellt wird. Capella Ahornsirup (Pfannkuchensirup) Konzentrat kann bei der Zubereitung von Pfannkuchen, Waffeln oder Eiscreme f\u00fcr ein wenig Luxus sorgen; probieren Sie es als Verst\u00e4rker f\u00fcr Rezepte, bei denen es f\u00fcr zus\u00e4tzliche Tiefe sorgen kann. Um diesen Geschmack in vollen Z\u00fcgen zu genie\u00dfen, empfehlen wir, Ihre E-Liquids einige Tage ziehen zu lassen, damit der Ahornsirup seine ganze Reichhaltigkeit entfalten kann.<\/p>\n<p>Empfohlener Mischungsanteil: 0,1% - 1%.<\/p>\n<p>Empfohlene Ziehzeit: 1 Woche<\/p>\n<p>Die Konzentrate von Capella geh\u00f6ren zu den besten der Welt und genie\u00dfen einen wohlverdienten Ruf unter den DIY-Vapern. Der Name Capella ist weltbekannt f\u00fcr eine breite Palette von gro\u00dfartig schmeckenden Aromen, die mit den besten Zutaten in ihrer Produktionsst\u00e4tte in Kalifornien, USA, hergestellt werden. Alle Capella-Aromakonzentrate erf\u00fcllen die strengsten Qualit\u00e4ts- und Reinheitsstandards, die der Staat Kalifornien vorschreibt.<\/p>\n<p>Inhaltsstoffe<\/p>\n<p>Nat\u00fcrliche und k\u00fcnstliche Aromastoffe, Propylenglykol.<\/p>\n<p>Anmerkungen<\/p>\n<p>Wir empfehlen, die meisten Capella-Konzentrate anfangs mit etwa 15% zu mischen und dann nach Ihrem pers\u00f6nlichen Geschmack anzupassen.<br \/>\nAlle Capella-Konzentrate sind PG-basiert.<br \/>\nZwischen verschiedenen Chargen desselben Aromas kann es zu deutlichen Farbunterschieden kommen. Dies ist ein nat\u00fcrliches Ergebnis des Prozesses der Aromaherstellung.<br \/>\nDies ist ein konzentriertes Aroma zum Mischen in DIY E-Liquid. Es darf nicht unverd\u00fcnnt verdampft werden. Alle Capella-Aromakonzentrate sind auf PG-Basis.<br \/>\nGesundheit und Sicherheit<\/p>\n<p>Wir empfehlen, beim Mischen von E-Liquid geeignete Schutzkleidung, chemikalienbest\u00e4ndige Handschuhe, Atemschutz und eine Schutzbrille zu tragen.<\/p>","protected":false},"excerpt":{"rendered":"<p>Capella Maple (Pancake) Syrup Concentrate bietet den einzigartigen s\u00fc\u00dfen, reichen Geschmack des klassischen amerikanischen Pfannkuchenbelags. Nicht ohne Verd\u00fcnnung verdampfen<\/p>","protected":false},"featured_media":25991,"comment_status":"open","ping_status":"closed","template":"","meta":{"_acf_changed":false,"_genesis_hide_title":false,"_genesis_hide_breadcrumbs":false,"_genesis_hide_singular_image":false,"_genesis_hide_footer_widgets":false,"_genesis_custom_body_class":"","_genesis_custom_post_class":"","_genesis_layout":""},"product_brand":[],"product_cat":[398,573],"product_tag":[],"class_list":{"1":"product","2":"type-product","6":"product_cat-capella-flavours-for-self-mixing-10-30-and-50-ml","7":"product_cat-flavours-for-e-liquid-mixing","8":"entry","10":"first","11":"outofstock","12":"taxable","13":"shipping-taxable","14":"purchasable","15":"product-type-variable"},"acf":[],"_links":{"self":[{"href":"https:\/\/eliquidnicotine.co.uk\/de\/wp-json\/wp\/v2\/product\/25981","targetHints":{"allow":["GET"]}}],"collection":[{"href":"https:\/\/eliquidnicotine.co.uk\/de\/wp-json\/wp\/v2\/product"}],"about":[{"href":"https:\/\/eliquidnicotine.co.uk\/de\/wp-json\/wp\/v2\/types\/product"}],"replies":[{"embeddable":true,"href":"https:\/\/eliquidnicotine.co.uk\/de\/wp-json\/wp\/v2\/comments?post=25981"}],"wp:featuredmedia":[{"embeddable":true,"href":"https:\/\/eliquidnicotine.co.uk\/de\/wp-json\/wp\/v2\/media\/25991"}],"wp:attachment":[{"href":"https:\/\/eliquidnicotine.co.uk\/de\/wp-json\/wp\/v2\/media?parent=25981"}],"wp:term":[{"taxonomy":"product_brand","embeddable":true,"href":"https:\/\/eliquidnicotine.co.uk\/de\/wp-json\/wp\/v2\/product_brand?post=25981"},{"taxonomy":"product_cat","embeddable":true,"href":"https:\/\/eliquidnicotine.co.uk\/de\/wp-json\/wp\/v2\/product_cat?post=25981"},{"taxonomy":"product_tag","embeddable":true,"href":"https:\/\/eliquidnicotine.co.uk\/de\/wp-json\/wp\/v2\/product_tag?post=25981"}],"curies":[{"name":"wp","href":"https:\/\/api.w.org\/{rel}","templated":true}]}}